{"id":1920,"date":"2019-03-12T06:31:08","date_gmt":"2019-03-12T06:31:08","guid":{"rendered":"https:\/\/alpenglowdentists.com\/abundante\/"},"modified":"2019-03-12T06:33:27","modified_gmt":"2019-03-12T06:33:27","slug":"abundante","status":"publish","type":"page","link":"https:\/\/alpenglowdentists.com\/es\/abundante\/","title":{"rendered":"Abundante"},"content":{"rendered":"<h1><span style=\"font-weight: 400;\"> Dentist <\/span><\/h1>\n<h2><span style=\"font-weight: 400;\"> A Plus Dentist Office Sirviendo a Bountiful y al Condado de Davis <\/span><\/h2>\n<ul>\n<li style=\"font-weight: 400;\"><span style=\"font-weight: 400;\"> premier emergency <\/span> <span style=\"font-weight: 400;\"> dentist Bountiful Utah &lt;\/ span&gt; <\/span><\/li>\n<li style=\"font-weight: 400;\"><span style=\"font-weight: 400;\"> dentista asequible en Bountiful <\/span><\/li>\n<li style=\"font-weight: 400;\"><span style=\"font-weight: 400;\"> El mejor dentista para una excelente salud bucal y dolor de dientes <\/span><\/li>\n<li style=\"font-weight: 400;\"><span style=\"font-weight: 400;\"> limpiezas y rellenos r\u00e1pidos para su conveniencia <\/span><\/li>\n<li style=\"font-weight: 400;\"><span style=\"font-weight: 400;\"> Canales de ra\u00edces suaves <\/span><\/li>\n<li style=\"font-weight: 400;\"><span style=\"font-weight: 400;\"> servicios dentales de emergencia <\/span><\/li>\n<\/ul>\n<p><span style=\"font-weight: 400;\"> El objetivo personal de cada uno de nuestros dentistas, cirujanos orales, especialistas en odontolog\u00eda, endodoncistas, periodoncistas, higienistas y dem\u00e1s personal dental altamente cualificados es proporcionar a la abundante comunidad una odontolog\u00eda asequible servicios. Ofrecemos nuestros servicios de una manera cari\u00f1osa y compasiva, con citas convenientes. Podemos ayudarlo ya sea que tenga gingivitis, enfermedad de las enc\u00edas, dolor de mand\u00edbula, dolor de dientes o necesite limpieza dental, radiograf\u00edas dentales, selladores o solo un chequeo dental. El objetivo de nuestra pr\u00e1ctica dental es brindar la mejor atenci\u00f3n que puede recibir en Bountiful y en todo Utah. <\/span><\/p>\n<h1><span style=\"font-weight: 400;\"> Periodontist de implantes dentales <\/span><\/h1>\n<h2><span style=\"font-weight: 400;\"> Dentista que proporciona implantes dentales de calidad a los residentes abundantes <\/span><\/h2>\n<ul>\n<li style=\"font-weight: 400;\"><span style=\"font-weight: 400;\"> Implantes dentales precisos y precisos cerca de usted <\/span><\/li>\n<li style=\"font-weight: 400;\"><span style=\"font-weight: 400;\"> Excelente cuidado dental para todos sus dolores de dientes, radiograf\u00edas y ex\u00e1menes dentales <\/span><\/li>\n<li style=\"font-weight: 400;\"><span style=\"font-weight: 400;\"> La mejor cl\u00ednica dental en Bountiful <\/span><\/li>\n<li style=\"font-weight: 400;\"><span style=\"font-weight: 400;\"> A + implantes dentales Bountiful <\/span><\/li>\n<li style=\"font-weight: 400;\"><span style=\"font-weight: 400;\"> Los mejores ex\u00e1menes de implantes dentales Bountiful <\/span><\/li>\n<li style=\"font-weight: 400;\"><span style=\"font-weight: 400;\"> Implantes dentales cerca de m\u00ed con un periodoncista de Utah <\/span><\/li>\n<\/ul>\n<p><span style=\"font-weight: 400;\"> Los implantes dentales son excelentes para los dientes que se est\u00e1n rompiendo. Se utilizan para reemplazar la ra\u00edz o las ra\u00edces de un diente existente y se aseguran a la mand\u00edbula. Esta es una soluci\u00f3n popular porque puede asegurar coronas, puentes y pr\u00f3tesis dentales a estos implantes con mucha facilidad. El factor m\u00e1s importante que tenemos en cuenta cuando instalamos implantes dentales en el \u00e9xito a largo plazo. Tambi\u00e9n queremos que seas feliz con su aspecto. <\/span><\/p>\n<h1><\/h1>\n<h1><span style=\"font-weight: 400;\"> Servicio de blanqueamiento dental <\/span><\/h1>\n<h2><span style=\"font-weight: 400;\"> Obtenga dientes blancos brillantes con nuestras bandejas de blanqueo en Bountiful <\/span><\/h2>\n<ul>\n<li style=\"font-weight: 400;\"><span style=\"font-weight: 400;\"> blanqueamiento dental local en Bountiful <\/span><\/li>\n<li style=\"font-weight: 400;\"><span style=\"font-weight: 400;\"> Hazte blanquear los dientes en el consultorio de un dentista general <\/span><\/li>\n<li style=\"font-weight: 400;\"><span style=\"font-weight: 400;\"> Productos para blanquear los dientes basados \u200b\u200ben bandejas disponibles (opalescencia) <\/span><\/li>\n<li style=\"font-weight: 400;\"><span style=\"font-weight: 400;\"> Blanquea tus dientes con productos para blanquear los dientes <\/span><\/li>\n<li style=\"font-weight: 400;\"><span style=\"font-weight: 400;\"> Obtenga una sonrisa m\u00e1s brillante con el gel de blanqueamiento dental <\/span><\/li>\n<\/ul>\n<p><span style=\"font-weight: 400;\"> Obtenga los dientes blancos brillantes con nuestros blanqueadores para blanquear los dientes. Ofrecemos una bandeja similar a un protector bucal con una soluci\u00f3n de gel blanqueador que contiene per\u00f3xido, un agente blanqueador. El blanqueamiento dental no es permanente. Las personas que exponen sus dientes a alimentos y bebidas que causan manchas pueden ver que la blancura se desvanece en un mes. Si evita los alimentos y las bebidas que se manchan, es posible que pueda esperar un a\u00f1o o m\u00e1s antes de que se necesite otro tratamiento de blanqueamiento. <\/span><\/p>\n<h1><span style=\"font-weight: 400;\"> Cosmetic Dentist <\/span><\/h1>\n<h2><span style=\"font-weight: 400;\"> A-Plus Dentist para que tus dientes se vean bien otra vez <\/span><\/h2>\n<ul>\n<li style=\"font-weight: 400;\"><span style=\"font-weight: 400;\"> Proporcionando una amplia gama de odontolog\u00eda general y cosm\u00e9tica <\/span><\/li>\n<li style=\"font-weight: 400;\"><span style=\"font-weight: 400;\"> Servicios dentales de calidad cerca de usted <\/span><\/li>\n<li style=\"font-weight: 400;\"><span style=\"font-weight: 400;\"> Tirantes invisibles, tirantes invisibles ClearCorrect enderezar los dientes con una alineaci\u00f3n discreta <\/span><\/li>\n<li style=\"font-weight: 400;\"><span style=\"font-weight: 400;\"> Carillas que devuelven la belleza a tu sonrisa <\/span><\/li>\n<\/ul>\n<p><span style=\"font-weight: 400;\"> Nuestra experiencia dental nos ayuda a crear la mejor soluci\u00f3n de alineaci\u00f3n invisible para sus dientes. Nuestras soluciones de alisado son 100% personalizadas para adaptarse a sus dientes. Con ClearCorrect podemos alinear y enderezar sus dientes sin usar llaves fuertes. Nuestro proceso utiliza una serie de alineadores removibles personalizados que mueven sus dientes en peque\u00f1as cantidades. Esto te dar\u00e1 la sonrisa directa que siempre has deseado y la confianza que deseas. Tambi\u00e9n ofrecemos blanqueamiento de dientes interno y blanqueamiento de dientes casero para aquellos que desean una sonrisa m\u00e1s brillante. <\/span><\/p>\n<h1><span style=\"font-weight: 400;\"> Dentista pedi\u00e1trico <\/span><\/h1>\n<h2><span style=\"font-weight: 400;\"> Top Kid Dentist Sirviendo el condado de Davis y Bountiful <\/span><\/h2>\n<ul>\n<li style=\"font-weight: 400;\"><span style=\"font-weight: 400;\"> Rellenos asequibles para toda la familia <\/span><\/li>\n<li style=\"font-weight: 400;\"><span style=\"font-weight: 400;\"> Higienistas dentales que pueden ayudarlo con su higiene dental y obtener una excelente atenci\u00f3n <\/span><\/li>\n<li style=\"font-weight: 400;\"><span style=\"font-weight: 400;\"> Obtenga su Sabidur\u00eda con experiencia y cuidado <\/span><\/li>\n<li style=\"font-weight: 400;\"><span style=\"font-weight: 400;\"> Aumente su salud oral con los mejores servicios dentales disponibles <\/span><\/li>\n<li style=\"font-weight: 400;\"><span style=\"font-weight: 400;\"> Dentista local que atiende a Bountiful y sus alrededores <\/span><\/li>\n<li style=\"font-weight: 400;\"><span style=\"font-weight: 400;\"> Pediatric Dentistry que proporciona los mejores controles y rellenos para caries <\/span><\/li>\n<\/ul>\n<p><span style=\"font-weight: 400;\"> Como la cl\u00ednica dental pedi\u00e1trica elegida en Bountiful, ofrecemos atenci\u00f3n dental de la m\u00e1s alta calidad en un entorno seguro y divertido. Nuestro objetivo es servir a todos los ni\u00f1os, ni\u00f1as y ni\u00f1os peque\u00f1os con compasi\u00f3n, una sonrisa y un cuidado amable. Nos encantar\u00eda ser el dentista de sus hijos y queremos que nuestros pacientes est\u00e9n entusiasmados por visitar nuestra oficina. Para el ni\u00f1o temeroso, tenemos varios niveles diferentes de sedaci\u00f3n disponibles, incluida la anestesia general. <\/span><\/p>\n<h1><span style=\"font-weight: 400;\"> Dental Clinic <\/span><\/h1>\n<h2><span style=\"font-weight: 400;\"> Come See La mejor oficina de dentistas en todo el condado de Davis y el frente de Wasatch <\/span><\/h2>\n<ul>\n<li style=\"font-weight: 400;\"><span style=\"font-weight: 400;\"> Oficina del dentista que brinda atenci\u00f3n dental de servicio completo <\/span><\/li>\n<li style=\"font-weight: 400;\"><span style=\"font-weight: 400;\"> Servicio dental confiable y atenci\u00f3n de alta calidad <\/span><\/li>\n<li style=\"font-weight: 400;\"><span style=\"font-weight: 400;\"> Use un dentista experimentado para sus coronas que sean precisas y personalizadas <\/span><\/li>\n<li style=\"font-weight: 400;\"><span style=\"font-weight: 400;\"> Puentes dentales para corregir las brechas dentales y los espacios sin dientes <\/span><\/li>\n<li style=\"font-weight: 400;\"><span style=\"font-weight: 400;\"> Dentaduras \u00fanicas personalizadas para adaptarse a tu boca <\/span><\/li>\n<li style=\"font-weight: 400;\"><span style=\"font-weight: 400;\"> Cl\u00ednica dental de emergencia para una buena salud dental <\/span><\/li>\n<\/ul>\n<p><span style=\"font-weight: 400;\"> \u00a1Bienvenido a nuestro consultorio dental familiar ubicado en Bountiful, UT! Somos una pr\u00e1ctica dental familiar \u00fanica y de vanguardia. Hemos brindado una excelente atenci\u00f3n dental a los residentes de Bountiful y del Condado de Davis durante a\u00f1os. Nuestra cl\u00ednica dental familiar se centra en la calidad general de la atenci\u00f3n dental para los abundantes residentes. Ll\u00e1menos si tiene signos de <\/span> <span style=\"font-weight: 400;\"> caries dental, gingivitis, una infecci\u00f3n de las enc\u00edas, dientes rotos, problemas de mordeduras, empastes da\u00f1ados, necesita asesoramiento dental o si tiene alguna Otros problemas de salud bucal. <\/span><\/p>\n<h1><span style=\"font-weight: 400;\"> Denture Care Center <\/span><\/h1>\n<h2><span style=\"font-weight: 400;\"> Use The Denture Clinic que hace dentaduras personalizadas de calidad <\/span><\/h2>\n<ul>\n<li style=\"font-weight: 400;\"><span style=\"font-weight: 400;\"> Dentaduras de reemplazo removibles para dientes perdidos <\/span><\/li>\n<li style=\"font-weight: 400;\"><span style=\"font-weight: 400;\"> Excelente soluci\u00f3n para brindar una mejor sonrisa y un mejor discurso <\/span><\/li>\n<li style=\"font-weight: 400;\"><span style=\"font-weight: 400;\"> Dentaduras convencionales o inmediatas disponibles <\/span><\/li>\n<li style=\"font-weight: 400;\"><span style=\"font-weight: 400;\"> Dentaduras de ajuste personalizado con nuestras dentaduras completas <\/span><\/li>\n<li style=\"font-weight: 400;\"><span style=\"font-weight: 400;\"> Reemplazo de pr\u00f3tesis local \u00abcerca de m\u00ed\u00bb <\/span><\/li>\n<\/ul>\n<p><span style=\"font-weight: 400;\"> Somos la cl\u00ednica de dentaduras postizas de elecci\u00f3n. Ofrecemos pr\u00f3tesis asequibles y personalizadas. Una dentadura postiza es m\u00e1s que un reemplazo removible para los dientes perdidos, le brinda confianza y la libertad de comer sus comidas favoritas. \u00a1Le garantizamos que pueden ayudarlo a sentirse bien con su sonrisa otra vez! <\/span><\/p>\n<p><b> Alpenglow Dental <\/b><br \/>\n<span style=\"font-weight: 400;\"> Alpenglow Dental, 1459 N Main St # 4 | Bountiful, UT | 84010 <\/span><br \/>\n<span style=\"font-weight: 400;\"> Tel\u00e9fono: (801) 441-2001 <\/span><br \/>\n<a href=\"https:\/\/alpenglowdentists.com\/locations\/dentist-bountiful\/\"> <span style=\"font-weight: 400;\"> https:\/\/alpenglowdentists.com\/locations\/dentist-bountiful\/ &lt;\/ span&gt; <\/span><\/a><\/p>\n<p><b> Ciudad de Bountiful <\/b><br \/>\n<span style=\"font-weight: 400;\"> 160 S Principal | Farmington, Utah | 84010 <\/span><br \/>\n<span style=\"font-weight: 400;\"> Tel\u00e9fono: (801) 298-6140 <\/span><br \/>\n<a href=\"https:\/\/www.bountifulutah.gov\/\"> <span style=\"font-weight: 400;\"> https:\/\/www.bountifulutah.gov\/ <\/span> <\/a><\/p>\n<p><b> Poder de las monta\u00f1as rocosas <\/b><br \/>\n<span style=\"font-weight: 400;\"> PO Box 25308 | Salt Lake City, UT | 84125 <\/span><br \/>\n<span style=\"font-weight: 400;\"> Tel\u00e9fono: (801) 237-2293 | L\u00ednea gratuita: (888) 221-1070 <\/span><br \/>\n<a href=\"https:\/\/www.rockymountainpower.net\/index.html\"> <span style=\"font-weight: 400;\"> https:\/\/www.rockymountainpower.net <\/span> <\/a><\/p>\n<p><b> Dominion Energy <\/b><br \/>\n<span style=\"font-weight: 400;\"> PO Box 45841 | Salt Lake City, UT | 84139-0001 <\/span><br \/>\n<span style=\"font-weight: 400;\"> L\u00ednea gratuita: (800) 323-5517 <\/span><br \/>\n<span style=\"font-weight: 400;\"> Emergencia (servicio las 24 horas): (800) 767-1689 <\/span><br \/>\n<a href=\"https:\/\/www.dominionenergy.com\/\"> <span style=\"font-weight: 400;\"> https:\/\/www.dominionenergy.com\/ <\/span> <\/a><\/p>\n<p><iframe loading=\"lazy\" style=\"border: 0;\" src=\"https:\/\/www.google.com\/maps\/embed?pb=!1m28!1m12!1m3!1d12063.43506640703!2d-111.88837935942064!3d40.89691286736986!2m3!1f0!2f0!3f0!3m2!1i1024!2i768!4f13.1!4m13!3e0!4m5!1s0x875257b087b1235f%3A0x4f1f8431cf23913!2sBountiful%2C+UT+84010!3m2!1d40.8893895!2d-111.880771!4m5!1s0x8752f7faf05149e1%3A0xe3947316b2bfa85!2sAlpenglow+Dental%2C+1459+N+Main+St+%234%2C+Bountiful%2C+UT+84010!3m2!1d40.90446!2d-111.879463!5e0!3m2!1sen!2sus!4v1545156375060\" width=\"600\" height=\"450\" frameborder=\"0\" allowfullscreen=\"allowfullscreen\"><\/iframe><\/p>\n","protected":false},"excerpt":{"rendered":"<p>Dentist A Plus Dentist Office Sirviendo a Bountiful y al Condado de Davis premier emergency dentist Bountiful Utah &lt;\/ span&gt; dentista asequible en Bountiful El mejor dentista para una excelente salud bucal y dolor de dientes limpiezas y rellenos r\u00e1pidos para su conveniencia Canales de ra\u00edces suaves servicios dentales de emergencia El objetivo personal de cada uno de nuestros dentistas, cirujanos orales, especialistas en odontolog\u00eda, endodoncistas, periodoncistas, higienistas y dem\u00e1s personal dental altamente cualificados es proporcionar a la abundante comunidad una odontolog\u00eda asequible servicios. Ofrecemos nuestros servicios de una manera cari\u00f1osa y compasiva, con citas convenientes. Podemos ayudarlo ya sea que tenga gingivitis, enfermedad de las enc\u00edas, dolor de mand\u00edbula, dolor de dientes o necesite limpieza dental, radiograf\u00edas dentales, selladores o solo un chequeo dental. El objetivo de nuestra pr\u00e1ctica dental es brindar la mejor atenci\u00f3n que puede recibir en Bountiful y en todo Utah. Periodontist de implantes dentales Dentista que proporciona implantes dentales de calidad a los residentes abundantes Implantes dentales precisos y precisos cerca de usted Excelente cuidado dental para todos sus dolores de dientes, radiograf\u00edas y ex\u00e1menes dentales La mejor cl\u00ednica dental en Bountiful A + implantes dentales Bountiful Los mejores ex\u00e1menes de implantes dentales Bountiful Implantes<\/p>\n<a href=\"https:\/\/alpenglowdentists.com\/es\/abundante\/\" class=\"readmore\">Read more<\/a>","protected":false},"author":75,"featured_media":0,"parent":0,"menu_order":0,"comment_status":"closed","ping_status":"closed","template":"","meta":{"_acf_changed":false,"footnotes":""},"class_list":["post-1920","page","type-page","status-publish","hentry"],"acf":[],"yoast_head":"<!-- This site is optimized with the Yoast SEO plugin v27.5 - https:\/\/yoast.com\/product\/yoast-seo-wordpress\/ -->\n<title>Alpenglow Dental | Bountiful, UT | Odontologo, Clinica Dental<\/title>\n<meta name=\"description\" content=\"Como el dentista pedi\u00e1trico de elecci\u00f3n en Bountiful, ofrecemos la mejor calidad dental. Llame a Alpenglow Dental hoy mismo al (801) 441-2001.\" \/>\n<meta name=\"robots\" content=\"index, follow, max-snippet:-1, max-image-preview:large, max-video-preview:-1\" \/>\n<link rel=\"canonical\" href=\"https:\/\/alpenglowdentists.com\/es\/abundante\/\" \/>\n<meta property=\"og:locale\" content=\"es_ES\" \/>\n<meta property=\"og:type\" content=\"article\" \/>\n<meta property=\"og:title\" content=\"Alpenglow Dental | Bountiful, UT | Odontologo, Clinica Dental\" \/>\n<meta property=\"og:description\" content=\"Como el dentista pedi\u00e1trico de elecci\u00f3n en Bountiful, ofrecemos la mejor calidad dental. Llame a Alpenglow Dental hoy mismo al (801) 441-2001.\" \/>\n<meta property=\"og:url\" content=\"https:\/\/alpenglowdentists.com\/es\/abundante\/\" \/>\n<meta property=\"og:site_name\" content=\"Alpenglow Dental\" \/>\n<meta property=\"article:publisher\" content=\"https:\/\/www.facebook.com\/Alpenglow-Dental-202717733081358\/\" \/>\n<meta property=\"article:modified_time\" content=\"2019-03-12T06:33:27+00:00\" \/>\n<meta name=\"twitter:card\" content=\"summary_large_image\" \/>\n<meta name=\"twitter:site\" content=\"@alpenglowdental\" \/>\n<meta name=\"twitter:label1\" content=\"Tiempo de lectura\" \/>\n\t<meta name=\"twitter:data1\" content=\"6 minutos\" \/>\n<script type=\"application\/ld+json\" class=\"yoast-schema-graph\">{\"@context\":\"https:\\\/\\\/schema.org\",\"@graph\":[{\"@type\":\"WebPage\",\"@id\":\"https:\\\/\\\/alpenglowdentists.com\\\/es\\\/abundante\\\/\",\"url\":\"https:\\\/\\\/alpenglowdentists.com\\\/es\\\/abundante\\\/\",\"name\":\"Alpenglow Dental | Bountiful, UT | Odontologo, Clinica Dental\",\"isPartOf\":{\"@id\":\"https:\\\/\\\/alpenglowdentists.com\\\/#website\"},\"datePublished\":\"2019-03-12T06:31:08+00:00\",\"dateModified\":\"2019-03-12T06:33:27+00:00\",\"description\":\"Como el dentista pedi\u00e1trico de elecci\u00f3n en Bountiful, ofrecemos la mejor calidad dental. Llame a Alpenglow Dental hoy mismo al (801) 441-2001.\",\"breadcrumb\":{\"@id\":\"https:\\\/\\\/alpenglowdentists.com\\\/es\\\/abundante\\\/#breadcrumb\"},\"inLanguage\":\"es\",\"potentialAction\":[{\"@type\":\"ReadAction\",\"target\":[\"https:\\\/\\\/alpenglowdentists.com\\\/es\\\/abundante\\\/\"]}]},{\"@type\":\"BreadcrumbList\",\"@id\":\"https:\\\/\\\/alpenglowdentists.com\\\/es\\\/abundante\\\/#breadcrumb\",\"itemListElement\":[{\"@type\":\"ListItem\",\"position\":1,\"name\":\"Home\",\"item\":\"https:\\\/\\\/alpenglowdentists.com\\\/es\\\/nueva-pagina-de-inicio\\\/\"},{\"@type\":\"ListItem\",\"position\":2,\"name\":\"Abundante\"}]},{\"@type\":\"WebSite\",\"@id\":\"https:\\\/\\\/alpenglowdentists.com\\\/#website\",\"url\":\"https:\\\/\\\/alpenglowdentists.com\\\/\",\"name\":\"Alpenglow Dental\",\"description\":\"Just another firstpageimpactsites.com Sites site\",\"publisher\":{\"@id\":\"https:\\\/\\\/alpenglowdentists.com\\\/#organization\"},\"potentialAction\":[{\"@type\":\"SearchAction\",\"target\":{\"@type\":\"EntryPoint\",\"urlTemplate\":\"https:\\\/\\\/alpenglowdentists.com\\\/?s={search_term_string}\"},\"query-input\":{\"@type\":\"PropertyValueSpecification\",\"valueRequired\":true,\"valueName\":\"search_term_string\"}}],\"inLanguage\":\"es\"},{\"@type\":\"Organization\",\"@id\":\"https:\\\/\\\/alpenglowdentists.com\\\/#organization\",\"name\":\"Alpenglow Dental\",\"url\":\"https:\\\/\\\/alpenglowdentists.com\\\/\",\"logo\":{\"@type\":\"ImageObject\",\"inLanguage\":\"es\",\"@id\":\"https:\\\/\\\/alpenglowdentists.com\\\/#\\\/schema\\\/logo\\\/image\\\/\",\"url\":\"https:\\\/\\\/alpenglowdentists.com\\\/wp-content\\\/uploads\\\/2018\\\/08\\\/ad-logo.jpg\",\"contentUrl\":\"https:\\\/\\\/alpenglowdentists.com\\\/wp-content\\\/uploads\\\/2018\\\/08\\\/ad-logo.jpg\",\"width\":\"2547\",\"height\":\"448\",\"caption\":\"Alpenglow Dental\"},\"image\":{\"@id\":\"https:\\\/\\\/alpenglowdentists.com\\\/#\\\/schema\\\/logo\\\/image\\\/\"},\"sameAs\":[\"https:\\\/\\\/www.facebook.com\\\/Alpenglow-Dental-202717733081358\\\/\",\"https:\\\/\\\/x.com\\\/alpenglowdental\"]}]}<\/script>\n<!-- \/ Yoast SEO plugin. -->","yoast_head_json":{"title":"Alpenglow Dental | Bountiful, UT | Odontologo, Clinica Dental","description":"Como el dentista pedi\u00e1trico de elecci\u00f3n en Bountiful, ofrecemos la mejor calidad dental. Llame a Alpenglow Dental hoy mismo al (801) 441-2001.","robots":{"index":"index","follow":"follow","max-snippet":"max-snippet:-1","max-image-preview":"max-image-preview:large","max-video-preview":"max-video-preview:-1"},"canonical":"https:\/\/alpenglowdentists.com\/es\/abundante\/","og_locale":"es_ES","og_type":"article","og_title":"Alpenglow Dental | Bountiful, UT | Odontologo, Clinica Dental","og_description":"Como el dentista pedi\u00e1trico de elecci\u00f3n en Bountiful, ofrecemos la mejor calidad dental. Llame a Alpenglow Dental hoy mismo al (801) 441-2001.","og_url":"https:\/\/alpenglowdentists.com\/es\/abundante\/","og_site_name":"Alpenglow Dental","article_publisher":"https:\/\/www.facebook.com\/Alpenglow-Dental-202717733081358\/","article_modified_time":"2019-03-12T06:33:27+00:00","twitter_card":"summary_large_image","twitter_site":"@alpenglowdental","twitter_misc":{"Tiempo de lectura":"6 minutos"},"schema":{"@context":"https:\/\/schema.org","@graph":[{"@type":"WebPage","@id":"https:\/\/alpenglowdentists.com\/es\/abundante\/","url":"https:\/\/alpenglowdentists.com\/es\/abundante\/","name":"Alpenglow Dental | Bountiful, UT | Odontologo, Clinica Dental","isPartOf":{"@id":"https:\/\/alpenglowdentists.com\/#website"},"datePublished":"2019-03-12T06:31:08+00:00","dateModified":"2019-03-12T06:33:27+00:00","description":"Como el dentista pedi\u00e1trico de elecci\u00f3n en Bountiful, ofrecemos la mejor calidad dental. Llame a Alpenglow Dental hoy mismo al (801) 441-2001.","breadcrumb":{"@id":"https:\/\/alpenglowdentists.com\/es\/abundante\/#breadcrumb"},"inLanguage":"es","potentialAction":[{"@type":"ReadAction","target":["https:\/\/alpenglowdentists.com\/es\/abundante\/"]}]},{"@type":"BreadcrumbList","@id":"https:\/\/alpenglowdentists.com\/es\/abundante\/#breadcrumb","itemListElement":[{"@type":"ListItem","position":1,"name":"Home","item":"https:\/\/alpenglowdentists.com\/es\/nueva-pagina-de-inicio\/"},{"@type":"ListItem","position":2,"name":"Abundante"}]},{"@type":"WebSite","@id":"https:\/\/alpenglowdentists.com\/#website","url":"https:\/\/alpenglowdentists.com\/","name":"Alpenglow Dental","description":"Just another firstpageimpactsites.com Sites site","publisher":{"@id":"https:\/\/alpenglowdentists.com\/#organization"},"potentialAction":[{"@type":"SearchAction","target":{"@type":"EntryPoint","urlTemplate":"https:\/\/alpenglowdentists.com\/?s={search_term_string}"},"query-input":{"@type":"PropertyValueSpecification","valueRequired":true,"valueName":"search_term_string"}}],"inLanguage":"es"},{"@type":"Organization","@id":"https:\/\/alpenglowdentists.com\/#organization","name":"Alpenglow Dental","url":"https:\/\/alpenglowdentists.com\/","logo":{"@type":"ImageObject","inLanguage":"es","@id":"https:\/\/alpenglowdentists.com\/#\/schema\/logo\/image\/","url":"https:\/\/alpenglowdentists.com\/wp-content\/uploads\/2018\/08\/ad-logo.jpg","contentUrl":"https:\/\/alpenglowdentists.com\/wp-content\/uploads\/2018\/08\/ad-logo.jpg","width":"2547","height":"448","caption":"Alpenglow Dental"},"image":{"@id":"https:\/\/alpenglowdentists.com\/#\/schema\/logo\/image\/"},"sameAs":["https:\/\/www.facebook.com\/Alpenglow-Dental-202717733081358\/","https:\/\/x.com\/alpenglowdental"]}]}},"jetpack_sharing_enabled":true,"_links":{"self":[{"href":"https:\/\/alpenglowdentists.com\/es\/wp-json\/wp\/v2\/pages\/1920","targetHints":{"allow":["GET"]}}],"collection":[{"href":"https:\/\/alpenglowdentists.com\/es\/wp-json\/wp\/v2\/pages"}],"about":[{"href":"https:\/\/alpenglowdentists.com\/es\/wp-json\/wp\/v2\/types\/page"}],"author":[{"embeddable":true,"href":"https:\/\/alpenglowdentists.com\/es\/wp-json\/wp\/v2\/users\/75"}],"replies":[{"embeddable":true,"href":"https:\/\/alpenglowdentists.com\/es\/wp-json\/wp\/v2\/comments?post=1920"}],"version-history":[{"count":0,"href":"https:\/\/alpenglowdentists.com\/es\/wp-json\/wp\/v2\/pages\/1920\/revisions"}],"wp:attachment":[{"href":"https:\/\/alpenglowdentists.com\/es\/wp-json\/wp\/v2\/media?parent=1920"}],"curies":[{"name":"wp","href":"https:\/\/api.w.org\/{rel}","templated":true}]}}