{"id":1926,"date":"2019-03-12T06:53:27","date_gmt":"2019-03-12T06:53:27","guid":{"rendered":"https:\/\/alpenglowdentists.com\/recreo-de-dia\/"},"modified":"2019-03-12T06:55:37","modified_gmt":"2019-03-12T06:55:37","slug":"recreo-de-dia","status":"publish","type":"page","link":"https:\/\/alpenglowdentists.com\/es\/recreo-de-dia\/","title":{"rendered":"Recreo de d\u00eda"},"content":{"rendered":"<div class=\"wpb-content-wrapper\"><p>[vc_row][vc_column][vc_column_text]<\/p>\n<h1><span style=\"font-weight: 400;\"> Dentistas <\/span><\/h1>\n<h2><span style=\"font-weight: 400;\"> Conf\u00ede en un dentista local <\/span><\/h2>\n<ul>\n<li style=\"font-weight: 400;\"><span style=\"font-weight: 400;\"> Los mejores dentistas en Utah <\/span><\/li>\n<li style=\"font-weight: 400;\"><span style=\"font-weight: 400;\"> Cl\u00ednica dental familiar asequible cerca de casa <\/span><\/li>\n<li style=\"font-weight: 400;\"><span style=\"font-weight: 400;\"> Dentistas confiables Daybreak <\/span><\/li>\n<li style=\"font-weight: 400;\"><span style=\"font-weight: 400;\"> Los mejores dentistas de emergencia <\/span><\/li>\n<li style=\"font-weight: 400;\"><span style=\"font-weight: 400;\"> Manos suaves que cuidan tus dientes <\/span><\/li>\n<\/ul>\n<p><span style=\"font-weight: 400;\"> Alpenglow Dental: una pr\u00e1ctica dental familiar <\/span> <span style=\"font-weight: 400;\"> brinda atenci\u00f3n dental de calidad para todas las edades en la comunidad Daybreak. Dentistas y personal calificado y capacitado para ayudarlo a sentirse c\u00f3modo en nuestro ambiente c\u00e1lido y acogedor. Cuente con nuestra cl\u00ednica dental profesional para todo lo que su boca requiere. <\/span><\/p>\n<h1><span style=\"font-weight: 400;\"> Cosmetic Dentist <\/span><\/h1>\n<h2><span style=\"font-weight: 400;\"> Cosmetic Dentistry otorg\u00e1ndole una hermosa sonrisa <\/span><\/h2>\n<ul>\n<li style=\"font-weight: 400;\"><span style=\"font-weight: 400;\"> Tratamiento dental de primera categor\u00eda en Daybreak <\/span><\/li>\n<li style=\"font-weight: 400;\"><span style=\"font-weight: 400;\"> Cubre todas sus necesidades dentales cosm\u00e9ticas <\/span><\/li>\n<li style=\"font-weight: 400;\"><span style=\"font-weight: 400;\"> Los dentistas m\u00e1s confiados en el c\u00f3digo postal 84095 <\/span><\/li>\n<li style=\"font-weight: 400;\"><span style=\"font-weight: 400;\"> Cl\u00ednica dental honesta en el sur de Jordania <\/span><\/li>\n<li style=\"font-weight: 400;\"><span style=\"font-weight: 400;\"> Personal dental cort\u00e9s <\/span><\/li>\n<\/ul>\n<p><span style=\"font-weight: 400;\"> La odontolog\u00eda cosm\u00e9tica se enfoca en mejorar la apariencia de los dientes, la boca y la sonrisa. <\/span> <span style=\"font-weight: 400;\"> Encontrar un cosm\u00e9tico calificado dentista requiere una cuidadosa consideraci\u00f3n. Alpenglow Dental South Jordan ofrece todo tipo de servicios de odontolog\u00eda cosm\u00e9tica, incluidas carillas, blanqueamiento de dientes, implantes, aparatos invisibles y todo lo que necesite para tener una buena salud bucal. <\/span><\/p>\n<h1><span style=\"font-weight: 400;\"> Dentista pedi\u00e1trico <\/span><\/h1>\n<h2><span style=\"font-weight: 400;\"> Oficina del dentista de South Jordan para todos los ni\u00f1os <\/span><\/h2>\n<ul>\n<li style=\"font-weight: 400;\"><span style=\"font-weight: 400;\"> Nuestros dentistas hacen que la visita al dentista sea divertida <\/span><\/li>\n<li style=\"font-weight: 400;\"><span style=\"font-weight: 400;\"> Ser amable con sus hijos hace que vuelvan <\/span><\/li>\n<li style=\"font-weight: 400;\"><span style=\"font-weight: 400;\"> Cl\u00ednica dental familiar con buenos m\u00e9dicos y personal <\/span><\/li>\n<li style=\"font-weight: 400;\"><span style=\"font-weight: 400;\"> Ambiente relajante para ayudar a los m\u00e1s peque\u00f1os a sentirse c\u00f3modos <\/span><\/li>\n<li style=\"font-weight: 400;\"><span style=\"font-weight: 400;\"> Consultorio dental para ni\u00f1os Daybreak <\/span><\/li>\n<\/ul>\n<p><span style=\"font-weight: 400;\"> El desarrollo temprano de una buena higiene bucal es importante en Alpenglow Dental. Ayudamos a prevenir problemas futuros que pueden afectar la salud, la autoimagen y el bienestar general de su hijo. Nuestro atento personal se centra en mantener a los ni\u00f1os relajados para que puedan recibir el mejor tratamiento posible. Nuestro objetivo es crear una experiencia dental positiva para cada ni\u00f1o que ingresa. <\/span><\/p>\n<h1><\/h1>\n<h1><span style=\"font-weight: 400;\"> Dental Clinic <\/span><\/h1>\n<h2><span style=\"font-weight: 400;\"> los dentistas locales cuentan con el alba de los residentes del amanecer <\/span><\/h2>\n<ul>\n<li style=\"font-weight: 400;\"><span style=\"font-weight: 400;\"> Configuraci\u00f3n c\u00f3moda en South Jordan <\/span><\/li>\n<li style=\"font-weight: 400;\"><span style=\"font-weight: 400;\"> Servicios especializados para toda la familia <\/span><\/li>\n<li style=\"font-weight: 400;\"><span style=\"font-weight: 400;\"> Consultorio dental \u00abNear me\u00bb <\/span><\/li>\n<li style=\"font-weight: 400;\"><span style=\"font-weight: 400;\"> Personal experto para mantener su boca libre de dolor <\/span><\/li>\n<li style=\"font-weight: 400;\"><span style=\"font-weight: 400;\"> Dentistas e higienistas eficaces, puede sentirse seguro con <\/span><\/li>\n<\/ul>\n<p><span style=\"font-weight: 400;\"> Somos un consultorio dental local que ofrece extracciones, dentaduras postizas, implantes, endodoncias, endodoncias, coronas, puentes, limpiezas, empastes y mucho m\u00e1s. Si tiene dolor de dientes, necesita un dentista de emergencia o necesita tratamiento dental en el \u00e1rea de South Jordan, llame a Alpenglow Dental. Somos un consultorio odontol\u00f3gico de servicio completo para ayudarlo con su higiene bucal y su salud bucal, y estamos cerca de su hogar. <\/span><\/p>\n<p><b> Amanecer, UT <\/b><\/p>\n<p><span style=\"font-weight: 400;\"> Daybreak es m\u00e1s de 4,000 acres de una comunidad planificada de manera magistral en el lado suroeste del Valle de Salt Lake. Comenz\u00f3 en 2004, y contin\u00faa hoy, y se espera para los pr\u00f3ximos 15 a\u00f1os o m\u00e1s. Daybreak se clasific\u00f3 a nivel nacional en 2009, por ser la comunidad mejor planificada y m\u00e1s vendida. Solo en ese a\u00f1o, se vendieron m\u00e1s de 350 casas nuevas en esa \u00e1rea. Una de las cosas que lo hizo tan atractivo fueron las casas con certificaci\u00f3n Energy Star. Fue el primero de su tama\u00f1o en mantener sus est\u00e1ndares. Construidos teniendo en cuenta la sostenibilidad, los constructores ofrecen muchas opciones diferentes para toda la comunidad. <\/span><\/p>\n<p><span style=\"font-weight: 400;\"> Adem\u00e1s de eso, la comunidad de Daybreak estaba modelada con un modelo de vecindario tradicional. Con una base que minimiza la dependencia de los viajes en autom\u00f3vil, cada hogar se encuentra muy cerca de los principales servicios, como centros comerciales, parques y escuelas, e incluso un lago artificial. Cuando ya no haya m\u00e1s espacio para construir, Daybreak abarcar\u00e1 m\u00e1s de 20,000 unidades residenciales y casi diez millones de pies cuadrados de espacio comercial. <\/span><\/p>\n<p><span style=\"font-weight: 400;\"> Se han construido 4 escuelas primarias nuevas para educar a todos los ni\u00f1os que est\u00e1n creciendo en el \u00e1rea. Dentro de los pr\u00f3ximos a\u00f1os, habr\u00e1 una escuela secundaria tambi\u00e9n. Si los senderos y el lago no lo mantienen lo suficientemente ocupado, tambi\u00e9n hay un centro comunitario, piscina y almohadillas contra salpicaduras. B\u00e1sicamente encontrar\u00e1 todo lo que necesita a pocos minutos a pie de su hermosa casa nueva en una zona muy deseable del sur de Jordania. <\/span><\/p>\n<p><b> Alpenglow South Jordan <\/b><br \/>\n<span style=\"font-weight: 400;\"> 3672 S Jordan Pkwy # 104 <\/span><br \/>\n<span style=\"font-weight: 400;\"> South Jordan, Utah 84095 <\/span><br \/>\n<span style=\"font-weight: 400;\"> (801) 206-9088 <\/span><br \/>\n<a href=\"https:\/\/alpenglowdentists.com\/locations\/dentist-south-jordan\/\"> <span style=\"font-weight: 400;\"> https:\/\/alpenglowdentists.com\/locations\/dentist-south- jordan \/ <\/span> <\/a><\/p>\n<p><b> Ciudad de South Jordan <\/b><br \/>\n<span style=\"font-weight: 400;\"> 1600 W. Towne Center Dr. <\/span><br \/>\n<span style=\"font-weight: 400;\"> South Jordan, Utah 84095 <\/span><br \/>\n<span style=\"font-weight: 400;\"> Phone: (801) 446-HELP <\/span><br \/>\n<a href=\"https:\/\/www.sjc.utah.gov\/\"> <span style=\"font-weight: 400;\"> https:\/\/www.sjc.utah.gov\/ <\/span> &lt;\/ un&gt;<\/a><\/p>\n<p><b> Poder de las monta\u00f1as rocosas <\/b><br \/>\n<span style=\"font-weight: 400;\"> PO Box 25308 | Salt Lake City, UT | 84125 <\/span><br \/>\n<span style=\"font-weight: 400;\"> Phone: (801) 237-2293 | L\u00ednea gratuita: (888) .221-1070 <\/span><br \/>\n<a href=\"https:\/\/www.rockymountainpower.net\"> <span style=\"font-weight: 400;\"> https:\/\/www.rockymountainpower.net <\/span> <\/a><\/p>\n<p><b> Dominion Energy <\/b><br \/>\n<span style=\"font-weight: 400;\"> PO Box 45841 | Salt Lake City, UT | 84139-0001 <\/span><br \/>\n<span style=\"font-weight: 400;\"> L\u00ednea gratuita: (800) 323-5517 <\/span><br \/>\n<a href=\"https:\/\/www.dominionenergy.com\/\"> <span style=\"font-weight: 400;\"> https:\/\/www.dominionenergy.com\/ <\/span> <\/a><\/p>\n<p><iframe loading=\"lazy\" style=\"border: 0;\" src=\"https:\/\/www.google.com\/maps\/embed?pb=!1m28!1m12!1m3!1d12126.23572934891!2d-112.0116228587128!3d40.551332723696916!2m3!1f0!2f0!3f0!3m2!1i1024!2i768!4f13.1!4m13!3e6!4m5!1s0x8752856e5e9ec351%3A0xf3cd4d99ff576fa2!2sU+of+U+Health+South+Jordan+Health+Center%2C+5126+W+Daybreak+Pkwy%2C+South+Jordan%2C+UT+84009!3m2!1d40.5419226!2d-112.01335689999999!4m5!1s0x87528f60f95d1743%3A0xbfdb779df63bde15!2sAlpenglow+Dental%2C+South+Jordan+Parkway%2C+South+Jordan%2C+UT!3m2!1d40.564048!2d-111.978641!5e0!3m2!1sen!2sus!4v1534886007990\" width=\"600\" height=\"450\" frameborder=\"0\" allowfullscreen=\"allowfullscreen\"><\/iframe>[\/vc_column_text][\/vc_column][\/vc_row]<\/p>\n<\/div>","protected":false},"excerpt":{"rendered":"<p>[vc_row][vc_column][vc_column_text] Dentistas Conf\u00ede en un dentista local Los mejores dentistas en Utah Cl\u00ednica dental familiar asequible cerca de casa Dentistas confiables Daybreak Los mejores dentistas de emergencia Manos suaves que cuidan tus dientes Alpenglow Dental: una pr\u00e1ctica dental familiar brinda atenci\u00f3n dental de calidad para todas las edades en la comunidad Daybreak. Dentistas y personal calificado y capacitado para ayudarlo a sentirse c\u00f3modo en nuestro ambiente c\u00e1lido y acogedor. Cuente con nuestra cl\u00ednica dental profesional para todo lo que su boca requiere. Cosmetic Dentist Cosmetic Dentistry otorg\u00e1ndole una hermosa sonrisa Tratamiento dental de primera categor\u00eda en Daybreak Cubre todas sus necesidades dentales cosm\u00e9ticas Los dentistas m\u00e1s confiados en el c\u00f3digo postal 84095 Cl\u00ednica dental honesta en el sur de Jordania Personal dental cort\u00e9s La odontolog\u00eda cosm\u00e9tica se enfoca en mejorar la apariencia de los dientes, la boca y la sonrisa. Encontrar un cosm\u00e9tico calificado dentista requiere una cuidadosa consideraci\u00f3n. Alpenglow Dental South Jordan ofrece todo tipo de servicios de odontolog\u00eda cosm\u00e9tica, incluidas carillas, blanqueamiento de dientes, implantes, aparatos invisibles y todo lo que necesite para tener una buena salud bucal. Dentista pedi\u00e1trico Oficina del dentista de South Jordan para todos los ni\u00f1os Nuestros dentistas hacen que la visita al dentista<\/p>\n<a href=\"https:\/\/alpenglowdentists.com\/es\/recreo-de-dia\/\" class=\"readmore\">Read more<\/a>","protected":false},"author":75,"featured_media":0,"parent":0,"menu_order":0,"comment_status":"closed","ping_status":"closed","template":"","meta":{"_acf_changed":false,"footnotes":""},"class_list":["post-1926","page","type-page","status-publish","hentry"],"acf":[],"yoast_head":"<!-- This site is optimized with the Yoast SEO plugin v27.3 - https:\/\/yoast.com\/product\/yoast-seo-wordpress\/ -->\n<title>Alpenglow Dental | Amanecer, UT | Dentista Familiar, Cl\u00ednica Dental<\/title>\n<meta name=\"description\" content=\"Llame a Alpenglow Dental (801) 218-2245 a su dentista Daybreak para realizar limpiezas, revisiones, blanqueamientos, implantes, dentaduras postizas, coronas y carillas\" \/>\n<meta name=\"robots\" content=\"index, follow, max-snippet:-1, max-image-preview:large, max-video-preview:-1\" \/>\n<link rel=\"canonical\" href=\"https:\/\/alpenglowdentists.com\/es\/recreo-de-dia\/\" \/>\n<meta property=\"og:locale\" content=\"es_ES\" \/>\n<meta property=\"og:type\" content=\"article\" \/>\n<meta property=\"og:title\" content=\"Alpenglow Dental | Amanecer, UT | Dentista Familiar, Cl\u00ednica Dental\" \/>\n<meta property=\"og:description\" content=\"Llame a Alpenglow Dental (801) 218-2245 a su dentista Daybreak para realizar limpiezas, revisiones, blanqueamientos, implantes, dentaduras postizas, coronas y carillas\" \/>\n<meta property=\"og:url\" content=\"https:\/\/alpenglowdentists.com\/es\/recreo-de-dia\/\" \/>\n<meta property=\"og:site_name\" content=\"Alpenglow Dental\" \/>\n<meta property=\"article:publisher\" content=\"https:\/\/www.facebook.com\/Alpenglow-Dental-202717733081358\/\" \/>\n<meta property=\"article:modified_time\" content=\"2019-03-12T06:55:37+00:00\" \/>\n<meta name=\"twitter:card\" content=\"summary_large_image\" \/>\n<meta name=\"twitter:site\" content=\"@alpenglowdental\" \/>\n<meta name=\"twitter:label1\" content=\"Tiempo de lectura\" \/>\n\t<meta name=\"twitter:data1\" content=\"4 minutos\" \/>\n<script type=\"application\/ld+json\" class=\"yoast-schema-graph\">{\"@context\":\"https:\\\/\\\/schema.org\",\"@graph\":[{\"@type\":\"WebPage\",\"@id\":\"https:\\\/\\\/alpenglowdentists.com\\\/es\\\/recreo-de-dia\\\/\",\"url\":\"https:\\\/\\\/alpenglowdentists.com\\\/es\\\/recreo-de-dia\\\/\",\"name\":\"Alpenglow Dental | Amanecer, UT | Dentista Familiar, Cl\u00ednica Dental\",\"isPartOf\":{\"@id\":\"https:\\\/\\\/alpenglowdentists.com\\\/#website\"},\"datePublished\":\"2019-03-12T06:53:27+00:00\",\"dateModified\":\"2019-03-12T06:55:37+00:00\",\"description\":\"Llame a Alpenglow Dental (801) 218-2245 a su dentista Daybreak para realizar limpiezas, revisiones, blanqueamientos, implantes, dentaduras postizas, coronas y carillas\",\"breadcrumb\":{\"@id\":\"https:\\\/\\\/alpenglowdentists.com\\\/es\\\/recreo-de-dia\\\/#breadcrumb\"},\"inLanguage\":\"es\",\"potentialAction\":[{\"@type\":\"ReadAction\",\"target\":[\"https:\\\/\\\/alpenglowdentists.com\\\/es\\\/recreo-de-dia\\\/\"]}]},{\"@type\":\"BreadcrumbList\",\"@id\":\"https:\\\/\\\/alpenglowdentists.com\\\/es\\\/recreo-de-dia\\\/#breadcrumb\",\"itemListElement\":[{\"@type\":\"ListItem\",\"position\":1,\"name\":\"Home\",\"item\":\"https:\\\/\\\/alpenglowdentists.com\\\/es\\\/nueva-pagina-de-inicio\\\/\"},{\"@type\":\"ListItem\",\"position\":2,\"name\":\"Recreo de d\u00eda\"}]},{\"@type\":\"WebSite\",\"@id\":\"https:\\\/\\\/alpenglowdentists.com\\\/#website\",\"url\":\"https:\\\/\\\/alpenglowdentists.com\\\/\",\"name\":\"Alpenglow Dental\",\"description\":\"Just another firstpageimpactsites.com Sites site\",\"publisher\":{\"@id\":\"https:\\\/\\\/alpenglowdentists.com\\\/#organization\"},\"potentialAction\":[{\"@type\":\"SearchAction\",\"target\":{\"@type\":\"EntryPoint\",\"urlTemplate\":\"https:\\\/\\\/alpenglowdentists.com\\\/?s={search_term_string}\"},\"query-input\":{\"@type\":\"PropertyValueSpecification\",\"valueRequired\":true,\"valueName\":\"search_term_string\"}}],\"inLanguage\":\"es\"},{\"@type\":\"Organization\",\"@id\":\"https:\\\/\\\/alpenglowdentists.com\\\/#organization\",\"name\":\"Alpenglow Dental\",\"url\":\"https:\\\/\\\/alpenglowdentists.com\\\/\",\"logo\":{\"@type\":\"ImageObject\",\"inLanguage\":\"es\",\"@id\":\"https:\\\/\\\/alpenglowdentists.com\\\/#\\\/schema\\\/logo\\\/image\\\/\",\"url\":\"https:\\\/\\\/alpenglowdentists.com\\\/wp-content\\\/uploads\\\/2018\\\/08\\\/ad-logo.jpg\",\"contentUrl\":\"https:\\\/\\\/alpenglowdentists.com\\\/wp-content\\\/uploads\\\/2018\\\/08\\\/ad-logo.jpg\",\"width\":\"2547\",\"height\":\"448\",\"caption\":\"Alpenglow Dental\"},\"image\":{\"@id\":\"https:\\\/\\\/alpenglowdentists.com\\\/#\\\/schema\\\/logo\\\/image\\\/\"},\"sameAs\":[\"https:\\\/\\\/www.facebook.com\\\/Alpenglow-Dental-202717733081358\\\/\",\"https:\\\/\\\/x.com\\\/alpenglowdental\"]}]}<\/script>\n<!-- \/ Yoast SEO plugin. -->","yoast_head_json":{"title":"Alpenglow Dental | Amanecer, UT | Dentista Familiar, Cl\u00ednica Dental","description":"Llame a Alpenglow Dental (801) 218-2245 a su dentista Daybreak para realizar limpiezas, revisiones, blanqueamientos, implantes, dentaduras postizas, coronas y carillas","robots":{"index":"index","follow":"follow","max-snippet":"max-snippet:-1","max-image-preview":"max-image-preview:large","max-video-preview":"max-video-preview:-1"},"canonical":"https:\/\/alpenglowdentists.com\/es\/recreo-de-dia\/","og_locale":"es_ES","og_type":"article","og_title":"Alpenglow Dental | Amanecer, UT | Dentista Familiar, Cl\u00ednica Dental","og_description":"Llame a Alpenglow Dental (801) 218-2245 a su dentista Daybreak para realizar limpiezas, revisiones, blanqueamientos, implantes, dentaduras postizas, coronas y carillas","og_url":"https:\/\/alpenglowdentists.com\/es\/recreo-de-dia\/","og_site_name":"Alpenglow Dental","article_publisher":"https:\/\/www.facebook.com\/Alpenglow-Dental-202717733081358\/","article_modified_time":"2019-03-12T06:55:37+00:00","twitter_card":"summary_large_image","twitter_site":"@alpenglowdental","twitter_misc":{"Tiempo de lectura":"4 minutos"},"schema":{"@context":"https:\/\/schema.org","@graph":[{"@type":"WebPage","@id":"https:\/\/alpenglowdentists.com\/es\/recreo-de-dia\/","url":"https:\/\/alpenglowdentists.com\/es\/recreo-de-dia\/","name":"Alpenglow Dental | Amanecer, UT | Dentista Familiar, Cl\u00ednica Dental","isPartOf":{"@id":"https:\/\/alpenglowdentists.com\/#website"},"datePublished":"2019-03-12T06:53:27+00:00","dateModified":"2019-03-12T06:55:37+00:00","description":"Llame a Alpenglow Dental (801) 218-2245 a su dentista Daybreak para realizar limpiezas, revisiones, blanqueamientos, implantes, dentaduras postizas, coronas y carillas","breadcrumb":{"@id":"https:\/\/alpenglowdentists.com\/es\/recreo-de-dia\/#breadcrumb"},"inLanguage":"es","potentialAction":[{"@type":"ReadAction","target":["https:\/\/alpenglowdentists.com\/es\/recreo-de-dia\/"]}]},{"@type":"BreadcrumbList","@id":"https:\/\/alpenglowdentists.com\/es\/recreo-de-dia\/#breadcrumb","itemListElement":[{"@type":"ListItem","position":1,"name":"Home","item":"https:\/\/alpenglowdentists.com\/es\/nueva-pagina-de-inicio\/"},{"@type":"ListItem","position":2,"name":"Recreo de d\u00eda"}]},{"@type":"WebSite","@id":"https:\/\/alpenglowdentists.com\/#website","url":"https:\/\/alpenglowdentists.com\/","name":"Alpenglow Dental","description":"Just another firstpageimpactsites.com Sites site","publisher":{"@id":"https:\/\/alpenglowdentists.com\/#organization"},"potentialAction":[{"@type":"SearchAction","target":{"@type":"EntryPoint","urlTemplate":"https:\/\/alpenglowdentists.com\/?s={search_term_string}"},"query-input":{"@type":"PropertyValueSpecification","valueRequired":true,"valueName":"search_term_string"}}],"inLanguage":"es"},{"@type":"Organization","@id":"https:\/\/alpenglowdentists.com\/#organization","name":"Alpenglow Dental","url":"https:\/\/alpenglowdentists.com\/","logo":{"@type":"ImageObject","inLanguage":"es","@id":"https:\/\/alpenglowdentists.com\/#\/schema\/logo\/image\/","url":"https:\/\/alpenglowdentists.com\/wp-content\/uploads\/2018\/08\/ad-logo.jpg","contentUrl":"https:\/\/alpenglowdentists.com\/wp-content\/uploads\/2018\/08\/ad-logo.jpg","width":"2547","height":"448","caption":"Alpenglow Dental"},"image":{"@id":"https:\/\/alpenglowdentists.com\/#\/schema\/logo\/image\/"},"sameAs":["https:\/\/www.facebook.com\/Alpenglow-Dental-202717733081358\/","https:\/\/x.com\/alpenglowdental"]}]}},"jetpack_sharing_enabled":true,"_links":{"self":[{"href":"https:\/\/alpenglowdentists.com\/es\/wp-json\/wp\/v2\/pages\/1926","targetHints":{"allow":["GET"]}}],"collection":[{"href":"https:\/\/alpenglowdentists.com\/es\/wp-json\/wp\/v2\/pages"}],"about":[{"href":"https:\/\/alpenglowdentists.com\/es\/wp-json\/wp\/v2\/types\/page"}],"author":[{"embeddable":true,"href":"https:\/\/alpenglowdentists.com\/es\/wp-json\/wp\/v2\/users\/75"}],"replies":[{"embeddable":true,"href":"https:\/\/alpenglowdentists.com\/es\/wp-json\/wp\/v2\/comments?post=1926"}],"version-history":[{"count":0,"href":"https:\/\/alpenglowdentists.com\/es\/wp-json\/wp\/v2\/pages\/1926\/revisions"}],"wp:attachment":[{"href":"https:\/\/alpenglowdentists.com\/es\/wp-json\/wp\/v2\/media?parent=1926"}],"curies":[{"name":"wp","href":"https:\/\/api.w.org\/{rel}","templated":true}]}}