{"id":1933,"date":"2019-03-12T07:14:03","date_gmt":"2019-03-12T07:14:03","guid":{"rendered":"https:\/\/alpenglowdentists.com\/montana-del-aguila\/"},"modified":"2019-03-12T07:16:33","modified_gmt":"2019-03-12T07:16:33","slug":"montana-del-aguila","status":"publish","type":"page","link":"https:\/\/alpenglowdentists.com\/es\/montana-del-aguila\/","title":{"rendered":"Monta\u00f1a del \u00e1guila"},"content":{"rendered":"<h1><span style=\"font-weight: 400;\"> Dentista <\/span><\/h1>\n<h2><span style=\"font-weight: 400;\"> The Honest Dentists en Eagle Mountain <\/span><\/h2>\n<ul>\n<li style=\"font-weight: 400;\"><span style=\"font-weight: 400;\"> Los mejores dentistas en Eagle Mountain Area <\/span><\/li>\n<li style=\"font-weight: 400;\"><span style=\"font-weight: 400;\"> Cuidado asequible para que te sientas bien <\/span><\/li>\n<li style=\"font-weight: 400;\"><span style=\"font-weight: 400;\"> Manos suaves para todas sus necesidades dentales <\/span><\/li>\n<li style=\"font-weight: 400;\"><span style=\"font-weight: 400;\"> Hacemos que la visita al dentista sea divertida <\/span><\/li>\n<li style=\"font-weight: 400;\"><span style=\"font-weight: 400;\"> Grandes dentistas y personal <\/span><\/li>\n<\/ul>\n<p><span style=\"font-weight: 400;\"> Para todos sus procedimientos dentales preventivos, generales y de restauraci\u00f3n, cuente con Alpenglow Dental. Utilizamos lo \u00faltimo en tecnolog\u00eda y atenci\u00f3n personalizada para brindarle la mejor atenci\u00f3n disponible en Eagle Mountain. Somos una pr\u00e1ctica dental confiable feliz de ver pacientes de todas las edades. Ya sea la primera visita de su hijo, o si necesita implantes dentales de vanguardia, lo tenemos cubierto. <\/span><\/p>\n<h1><span style=\"font-weight: 400;\"> Dental Clinic <\/span><\/h1>\n<h2><span style=\"font-weight: 400;\"> Cl\u00ednica dental local de Eagle Mountain <\/span><\/h2>\n<ul>\n<li style=\"font-weight: 400;\"><span style=\"font-weight: 400;\"> Cerca de casa para tu comodidad <\/span><\/li>\n<li style=\"font-weight: 400;\"><span style=\"font-weight: 400;\"> Personal amable para ayudarte <\/span><\/li>\n<li style=\"font-weight: 400;\"><span style=\"font-weight: 400;\"> Cl\u00ednica superior con los mejores dentistas <\/span><\/li>\n<li style=\"font-weight: 400;\"><span style=\"font-weight: 400;\"> # 1 dentistas para todas sus necesidades de salud bucal <\/span><\/li>\n<li style=\"font-weight: 400;\"><span style=\"font-weight: 400;\"> Cuidando a ni\u00f1os de todas las edades <\/span><\/li>\n<\/ul>\n<p><span style=\"font-weight: 400;\"> Haciendo hincapi\u00e9 en la odontolog\u00eda preventiva y restaurativa, nuestros dentistas experimentados e higienistas ofrecen una amplia gama de tratamientos dentales, que incluyen limpiezas, empastes, coronas, puentes, endodoncias, blanqueamiento dental, sabidur\u00eda extracci\u00f3n de dientes, y dentaduras postizas. Si es el momento de un chequeo de rutina o si tiene dolor de dientes, cuente con Alpenglow Dental. <\/span><\/p>\n<h1><span style=\"font-weight: 400;\"> Dentista pedi\u00e1trico <\/span><\/h1>\n<h2>Cl\u00ednica dental para ni\u00f1os en Eagle Mountain<\/h2>\n<ul>\n<li style=\"font-weight: 400;\"><span style=\"font-weight: 400;\"> Si\u00e9ntase c\u00f3modo en nuestro consultorio de dentista <\/span><\/li>\n<li style=\"font-weight: 400;\"><span style=\"font-weight: 400;\"> Dentistas, puede confiar en <\/span><\/li>\n<li style=\"font-weight: 400;\"><span style=\"font-weight: 400;\"> Dentistas pedi\u00e1tricos cerca de m\u00ed <\/span><\/li>\n<li style=\"font-weight: 400;\"><span style=\"font-weight: 400;\"> Nice dentist and staff <\/span><\/li>\n<li style=\"font-weight: 400;\"><span style=\"font-weight: 400;\"> Atenci\u00f3n de calidad para todas las edades <\/span><\/li>\n<\/ul>\n<p><span style=\"font-weight: 400;\"> En Alpenglow Dental nuestro objetivo <\/span> <span style=\"font-weight: 400;\"> es proporcionar un lugar divertido y c\u00f3modo para presentar a los ni\u00f1os la odontolog\u00eda. Hacer que los visiten cuando son peque\u00f1os le permite a su hijo familiarizarse con el dentista y la oficina dental. Hacer que esta primera visita sea c\u00f3moda y agradable ayuda a que su hijo desarrolle confianza en su dentista y se sienta m\u00e1s c\u00f3modo en futuras visitas. <\/span><\/p>\n<h1><span style=\"font-weight: 400;\"> Family Dental <\/span><\/h1>\n<h2>Eagle Mountain Dentist para toda la familia<\/h2>\n<ul>\n<li style=\"font-weight: 400;\"><span style=\"font-weight: 400;\"> Dentistas que cuidan a toda la familia <\/span><\/li>\n<li style=\"font-weight: 400;\"><span style=\"font-weight: 400;\"> Servicio y atenci\u00f3n profesional <\/span><\/li>\n<li style=\"font-weight: 400;\"><span style=\"font-weight: 400;\"> Invitar a la oficina y al personal <\/span><\/li>\n<li style=\"font-weight: 400;\"><span style=\"font-weight: 400;\"> Mant\u00e9n la boca feliz <\/span><\/li>\n<li style=\"font-weight: 400;\"><span style=\"font-weight: 400;\"> La cl\u00ednica dental que atiende a ni\u00f1os <\/span><\/li>\n<\/ul>\n<p><span style=\"font-weight: 400;\"> Conf\u00ede en un dentista familiar que pueda atender las diferentes necesidades de todos los miembros de su familia, sin importar la edad o la condici\u00f3n de los dientes. Cuando se trata de la odontolog\u00eda familiar, los residentes de Eagle Mountain saben que los dentistas felices y atentos del personal de Alpenglow Dental satisfacen todas sus necesidades al brindar atenci\u00f3n dental de calidad para toda la familia. Venga a la mejor cl\u00ednica dental familiar en el \u00e1rea <\/span> <span style=\"font-weight: 400;\">. <\/span><\/p>\n<p><b> Eagle Mountain, UT <\/b><\/p>\n<p><span style=\"font-weight: 400;\"> Eagle Mountain es una de las ciudades m\u00e1s nuevas de Utah. Al oeste del lago Utah, se encuentra en el condado de Utah. Es parte del \u00e1rea metropolitana de Provo-Orem. Se incorpor\u00f3 el 3 de diciembre de 1996 y ha tenido un crecimiento muy r\u00e1pido desde entonces. Fue considerada solo como una ciudad en 2000, pero desde entonces ha sido clasificada como una ciudad de 4ta clase por la ley estatal. En 2010 la poblaci\u00f3n superaba los 20.000. Aunque tiene una historia corta, se est\u00e1 volviendo bien conocido debido a su crecimiento masivo. En mayo de 2018, la ciudad de Eagle Mountain anunci\u00f3 que Facebook planea construir un centro de datos de $ 750 millones en sus l\u00edmites. <\/span><\/p>\n<p><span style=\"font-weight: 400;\"> Las principales carreteras se han construido para que la ciudad sea f\u00e1cilmente accesible, y ahora tiene una ruta de autob\u00fas hacia la ciudad. Hay 4 parques regionales y m\u00e1s de 30 parques locales dentro de las m\u00e1s de 40 millas cuadradas de terreno en que se encuentra la ciudad. En 2009, la ciudad abri\u00f3 el Mountain Ranch Bike Park, el primero de su tipo en el frente de Wasatch. Tiene una l\u00ednea de salto, dos pistas de estilo de deslizamiento, un \u00e1rea de habilidades con una bomba y caracter\u00edsticas de madera, as\u00ed como una red de una sola pista. <\/span><\/p>\n<p><span style=\"font-weight: 400;\"> Hay varias escuelas primarias, dos escuelas intermedias, y tiene planes para una escuela secundaria el pr\u00f3ximo a\u00f1o para adaptarse al crecimiento. <\/span><\/p>\n<p><b> Alpenglow Dental <\/b><br \/>\n<span style=\"font-weight: 400;\"> 1528 N Commerce Dr. # 202 | Saratoga Springs, UT | 84045 <\/span><br \/>\n<span style=\"font-weight: 400;\"> Phone: (801) 206-9088 <\/span><br \/>\n<a href=\"https:\/\/alpenglowdentists.com\/locations\/dentist-saratoga-springs\/\"> <span style=\"font-weight: 400;\"> https:\/\/alpenglowdentists.com\/locations\/dentist-saratoga- muelles \/ <\/span> <\/a><\/p>\n<p><b> Ciudad de Eagle Mountain <\/b><br \/>\n<span style=\"font-weight: 400;\"> 1650 E. Stagecoach Run | Eagle Mountain, UT | 84005 <\/span><br \/>\n<span style=\"font-weight: 400;\"> Phone: (801) 789-6609 <\/span><br \/>\n<a href=\"http:\/\/eaglemountaincity.com\/\"> <span style=\"font-weight: 400;\"> http:\/\/eaglemountaincity.com\/ <\/span> <\/a><\/p>\n<p><b> Poder de las monta\u00f1as rocosas <\/b><br \/>\n<span style=\"font-weight: 400;\"> PO Box 25308 | Salt Lake City, UT | 84125 <\/span><br \/>\n<span style=\"font-weight: 400;\"> Phone: (801) 237-2293 | L\u00ednea gratuita: (888) .221-1070 <\/span><br \/>\n<a href=\"https:\/\/www.rockymountainpower.net\"> <span style=\"font-weight: 400;\"> https:\/\/www.rockymountainpower.net <\/span> <\/a><\/p>\n<p><b> Dominion Energy <\/b><br \/>\n<span style=\"font-weight: 400;\"> PO Box 45841 | Salt Lake City, UT | 84139-0001 <\/span><br \/>\n<span style=\"font-weight: 400;\"> L\u00ednea gratuita: (800) 323-5517 <\/span><br \/>\n<a href=\"https:\/\/www.dominionenergy.com\/\"> <span style=\"font-weight: 400;\"> https:\/\/www.dominionenergy.com\/ <\/span> <\/a><\/p>\n<p><iframe loading=\"lazy\" style=\"border: 0;\" src=\"https:\/\/www.google.com\/maps\/embed?pb=!1m28!1m12!1m3!1d48648.57376160529!2d-111.99930534577311!3d40.35264111930356!2m3!1f0!2f0!3f0!3m2!1i1024!2i768!4f13.1!4m13!3e6!4m5!1s0x874d796f771b5103%3A0xbd43fbe76b5b8553!2sEagle+Mountain%2C+Utah!3m2!1d40.314116899999995!2d-112.00688199999999!4m5!1s0x874d7e4f9223eb3f%3A0xd5f3553282aba06a!2salpenglow+saratoga+springs!3m2!1d40.3913282!2d-111.91524419999999!5e0!3m2!1sen!2sus!4v1540926005584\" width=\"600\" height=\"450\" frameborder=\"0\" allowfullscreen=\"allowfullscreen\"><\/iframe><\/p>\n","protected":false},"excerpt":{"rendered":"<p>Dentista The Honest Dentists en Eagle Mountain Los mejores dentistas en Eagle Mountain Area Cuidado asequible para que te sientas bien Manos suaves para todas sus necesidades dentales Hacemos que la visita al dentista sea divertida Grandes dentistas y personal Para todos sus procedimientos dentales preventivos, generales y de restauraci\u00f3n, cuente con Alpenglow Dental. Utilizamos lo \u00faltimo en tecnolog\u00eda y atenci\u00f3n personalizada para brindarle la mejor atenci\u00f3n disponible en Eagle Mountain. Somos una pr\u00e1ctica dental confiable feliz de ver pacientes de todas las edades. Ya sea la primera visita de su hijo, o si necesita implantes dentales de vanguardia, lo tenemos cubierto. Dental Clinic Cl\u00ednica dental local de Eagle Mountain Cerca de casa para tu comodidad Personal amable para ayudarte Cl\u00ednica superior con los mejores dentistas # 1 dentistas para todas sus necesidades de salud bucal Cuidando a ni\u00f1os de todas las edades Haciendo hincapi\u00e9 en la odontolog\u00eda preventiva y restaurativa, nuestros dentistas experimentados e higienistas ofrecen una amplia gama de tratamientos dentales, que incluyen limpiezas, empastes, coronas, puentes, endodoncias, blanqueamiento dental, sabidur\u00eda extracci\u00f3n de dientes, y dentaduras postizas. Si es el momento de un chequeo de rutina o si tiene dolor de dientes, cuente con Alpenglow Dental. Dentista pedi\u00e1trico<\/p>\n<a href=\"https:\/\/alpenglowdentists.com\/es\/montana-del-aguila\/\" class=\"readmore\">Read more<\/a>","protected":false},"author":75,"featured_media":0,"parent":0,"menu_order":0,"comment_status":"closed","ping_status":"closed","template":"template-fullwidth.php","meta":{"_acf_changed":false,"footnotes":""},"class_list":["post-1933","page","type-page","status-publish","hentry"],"acf":[],"yoast_head":"<!-- This site is optimized with the Yoast SEO plugin v27.3 - https:\/\/yoast.com\/product\/yoast-seo-wordpress\/ -->\n<title>Alpenglow Dental | Eagle Mountain Utah | Dentista familiar y cl\u00ednica dental<\/title>\n<meta name=\"description\" content=\"140\/5000 Llame a Alpenglow Dental (801) 614-2464 a su dentista de Eagle Mountain para limpiezas, controles, blanqueamientos, implantes, dentaduras postizas, coronas y carillas.\" \/>\n<meta name=\"robots\" content=\"index, follow, max-snippet:-1, max-image-preview:large, max-video-preview:-1\" \/>\n<link rel=\"canonical\" href=\"https:\/\/alpenglowdentists.com\/es\/montana-del-aguila\/\" \/>\n<meta property=\"og:locale\" content=\"es_ES\" \/>\n<meta property=\"og:type\" content=\"article\" \/>\n<meta property=\"og:title\" content=\"Alpenglow Dental | Eagle Mountain Utah | Dentista familiar y cl\u00ednica dental\" \/>\n<meta property=\"og:description\" content=\"140\/5000 Llame a Alpenglow Dental (801) 614-2464 a su dentista de Eagle Mountain para limpiezas, controles, blanqueamientos, implantes, dentaduras postizas, coronas y carillas.\" \/>\n<meta property=\"og:url\" content=\"https:\/\/alpenglowdentists.com\/es\/montana-del-aguila\/\" \/>\n<meta property=\"og:site_name\" content=\"Alpenglow Dental\" \/>\n<meta property=\"article:publisher\" content=\"https:\/\/www.facebook.com\/Alpenglow-Dental-202717733081358\/\" \/>\n<meta property=\"article:modified_time\" content=\"2019-03-12T07:16:33+00:00\" \/>\n<meta name=\"twitter:card\" content=\"summary_large_image\" \/>\n<meta name=\"twitter:site\" content=\"@alpenglowdental\" \/>\n<meta name=\"twitter:label1\" content=\"Tiempo de lectura\" \/>\n\t<meta name=\"twitter:data1\" content=\"4 minutos\" \/>\n<script type=\"application\/ld+json\" class=\"yoast-schema-graph\">{\"@context\":\"https:\\\/\\\/schema.org\",\"@graph\":[{\"@type\":\"WebPage\",\"@id\":\"https:\\\/\\\/alpenglowdentists.com\\\/es\\\/montana-del-aguila\\\/\",\"url\":\"https:\\\/\\\/alpenglowdentists.com\\\/es\\\/montana-del-aguila\\\/\",\"name\":\"Alpenglow Dental | Eagle Mountain Utah | Dentista familiar y cl\u00ednica dental\",\"isPartOf\":{\"@id\":\"https:\\\/\\\/alpenglowdentists.com\\\/#website\"},\"datePublished\":\"2019-03-12T07:14:03+00:00\",\"dateModified\":\"2019-03-12T07:16:33+00:00\",\"description\":\"140\\\/5000 Llame a Alpenglow Dental (801) 614-2464 a su dentista de Eagle Mountain para limpiezas, controles, blanqueamientos, implantes, dentaduras postizas, coronas y carillas.\",\"breadcrumb\":{\"@id\":\"https:\\\/\\\/alpenglowdentists.com\\\/es\\\/montana-del-aguila\\\/#breadcrumb\"},\"inLanguage\":\"es\",\"potentialAction\":[{\"@type\":\"ReadAction\",\"target\":[\"https:\\\/\\\/alpenglowdentists.com\\\/es\\\/montana-del-aguila\\\/\"]}]},{\"@type\":\"BreadcrumbList\",\"@id\":\"https:\\\/\\\/alpenglowdentists.com\\\/es\\\/montana-del-aguila\\\/#breadcrumb\",\"itemListElement\":[{\"@type\":\"ListItem\",\"position\":1,\"name\":\"Home\",\"item\":\"https:\\\/\\\/alpenglowdentists.com\\\/es\\\/nueva-pagina-de-inicio\\\/\"},{\"@type\":\"ListItem\",\"position\":2,\"name\":\"Monta\u00f1a del \u00e1guila\"}]},{\"@type\":\"WebSite\",\"@id\":\"https:\\\/\\\/alpenglowdentists.com\\\/#website\",\"url\":\"https:\\\/\\\/alpenglowdentists.com\\\/\",\"name\":\"Alpenglow Dental\",\"description\":\"Just another firstpageimpactsites.com Sites site\",\"publisher\":{\"@id\":\"https:\\\/\\\/alpenglowdentists.com\\\/#organization\"},\"potentialAction\":[{\"@type\":\"SearchAction\",\"target\":{\"@type\":\"EntryPoint\",\"urlTemplate\":\"https:\\\/\\\/alpenglowdentists.com\\\/?s={search_term_string}\"},\"query-input\":{\"@type\":\"PropertyValueSpecification\",\"valueRequired\":true,\"valueName\":\"search_term_string\"}}],\"inLanguage\":\"es\"},{\"@type\":\"Organization\",\"@id\":\"https:\\\/\\\/alpenglowdentists.com\\\/#organization\",\"name\":\"Alpenglow Dental\",\"url\":\"https:\\\/\\\/alpenglowdentists.com\\\/\",\"logo\":{\"@type\":\"ImageObject\",\"inLanguage\":\"es\",\"@id\":\"https:\\\/\\\/alpenglowdentists.com\\\/#\\\/schema\\\/logo\\\/image\\\/\",\"url\":\"https:\\\/\\\/alpenglowdentists.com\\\/wp-content\\\/uploads\\\/2018\\\/08\\\/ad-logo.jpg\",\"contentUrl\":\"https:\\\/\\\/alpenglowdentists.com\\\/wp-content\\\/uploads\\\/2018\\\/08\\\/ad-logo.jpg\",\"width\":\"2547\",\"height\":\"448\",\"caption\":\"Alpenglow Dental\"},\"image\":{\"@id\":\"https:\\\/\\\/alpenglowdentists.com\\\/#\\\/schema\\\/logo\\\/image\\\/\"},\"sameAs\":[\"https:\\\/\\\/www.facebook.com\\\/Alpenglow-Dental-202717733081358\\\/\",\"https:\\\/\\\/x.com\\\/alpenglowdental\"]}]}<\/script>\n<!-- \/ Yoast SEO plugin. -->","yoast_head_json":{"title":"Alpenglow Dental | Eagle Mountain Utah | Dentista familiar y cl\u00ednica dental","description":"140\/5000 Llame a Alpenglow Dental (801) 614-2464 a su dentista de Eagle Mountain para limpiezas, controles, blanqueamientos, implantes, dentaduras postizas, coronas y carillas.","robots":{"index":"index","follow":"follow","max-snippet":"max-snippet:-1","max-image-preview":"max-image-preview:large","max-video-preview":"max-video-preview:-1"},"canonical":"https:\/\/alpenglowdentists.com\/es\/montana-del-aguila\/","og_locale":"es_ES","og_type":"article","og_title":"Alpenglow Dental | Eagle Mountain Utah | Dentista familiar y cl\u00ednica dental","og_description":"140\/5000 Llame a Alpenglow Dental (801) 614-2464 a su dentista de Eagle Mountain para limpiezas, controles, blanqueamientos, implantes, dentaduras postizas, coronas y carillas.","og_url":"https:\/\/alpenglowdentists.com\/es\/montana-del-aguila\/","og_site_name":"Alpenglow Dental","article_publisher":"https:\/\/www.facebook.com\/Alpenglow-Dental-202717733081358\/","article_modified_time":"2019-03-12T07:16:33+00:00","twitter_card":"summary_large_image","twitter_site":"@alpenglowdental","twitter_misc":{"Tiempo de lectura":"4 minutos"},"schema":{"@context":"https:\/\/schema.org","@graph":[{"@type":"WebPage","@id":"https:\/\/alpenglowdentists.com\/es\/montana-del-aguila\/","url":"https:\/\/alpenglowdentists.com\/es\/montana-del-aguila\/","name":"Alpenglow Dental | Eagle Mountain Utah | Dentista familiar y cl\u00ednica dental","isPartOf":{"@id":"https:\/\/alpenglowdentists.com\/#website"},"datePublished":"2019-03-12T07:14:03+00:00","dateModified":"2019-03-12T07:16:33+00:00","description":"140\/5000 Llame a Alpenglow Dental (801) 614-2464 a su dentista de Eagle Mountain para limpiezas, controles, blanqueamientos, implantes, dentaduras postizas, coronas y carillas.","breadcrumb":{"@id":"https:\/\/alpenglowdentists.com\/es\/montana-del-aguila\/#breadcrumb"},"inLanguage":"es","potentialAction":[{"@type":"ReadAction","target":["https:\/\/alpenglowdentists.com\/es\/montana-del-aguila\/"]}]},{"@type":"BreadcrumbList","@id":"https:\/\/alpenglowdentists.com\/es\/montana-del-aguila\/#breadcrumb","itemListElement":[{"@type":"ListItem","position":1,"name":"Home","item":"https:\/\/alpenglowdentists.com\/es\/nueva-pagina-de-inicio\/"},{"@type":"ListItem","position":2,"name":"Monta\u00f1a del \u00e1guila"}]},{"@type":"WebSite","@id":"https:\/\/alpenglowdentists.com\/#website","url":"https:\/\/alpenglowdentists.com\/","name":"Alpenglow Dental","description":"Just another firstpageimpactsites.com Sites site","publisher":{"@id":"https:\/\/alpenglowdentists.com\/#organization"},"potentialAction":[{"@type":"SearchAction","target":{"@type":"EntryPoint","urlTemplate":"https:\/\/alpenglowdentists.com\/?s={search_term_string}"},"query-input":{"@type":"PropertyValueSpecification","valueRequired":true,"valueName":"search_term_string"}}],"inLanguage":"es"},{"@type":"Organization","@id":"https:\/\/alpenglowdentists.com\/#organization","name":"Alpenglow Dental","url":"https:\/\/alpenglowdentists.com\/","logo":{"@type":"ImageObject","inLanguage":"es","@id":"https:\/\/alpenglowdentists.com\/#\/schema\/logo\/image\/","url":"https:\/\/alpenglowdentists.com\/wp-content\/uploads\/2018\/08\/ad-logo.jpg","contentUrl":"https:\/\/alpenglowdentists.com\/wp-content\/uploads\/2018\/08\/ad-logo.jpg","width":"2547","height":"448","caption":"Alpenglow Dental"},"image":{"@id":"https:\/\/alpenglowdentists.com\/#\/schema\/logo\/image\/"},"sameAs":["https:\/\/www.facebook.com\/Alpenglow-Dental-202717733081358\/","https:\/\/x.com\/alpenglowdental"]}]}},"jetpack_sharing_enabled":true,"_links":{"self":[{"href":"https:\/\/alpenglowdentists.com\/es\/wp-json\/wp\/v2\/pages\/1933","targetHints":{"allow":["GET"]}}],"collection":[{"href":"https:\/\/alpenglowdentists.com\/es\/wp-json\/wp\/v2\/pages"}],"about":[{"href":"https:\/\/alpenglowdentists.com\/es\/wp-json\/wp\/v2\/types\/page"}],"author":[{"embeddable":true,"href":"https:\/\/alpenglowdentists.com\/es\/wp-json\/wp\/v2\/users\/75"}],"replies":[{"embeddable":true,"href":"https:\/\/alpenglowdentists.com\/es\/wp-json\/wp\/v2\/comments?post=1933"}],"version-history":[{"count":0,"href":"https:\/\/alpenglowdentists.com\/es\/wp-json\/wp\/v2\/pages\/1933\/revisions"}],"wp:attachment":[{"href":"https:\/\/alpenglowdentists.com\/es\/wp-json\/wp\/v2\/media?parent=1933"}],"curies":[{"name":"wp","href":"https:\/\/api.w.org\/{rel}","templated":true}]}}