{"id":1949,"date":"2019-03-12T07:47:11","date_gmt":"2019-03-12T07:47:11","guid":{"rendered":"https:\/\/alpenglowdentists.com\/ubicaciones\/"},"modified":"2019-03-12T07:48:00","modified_gmt":"2019-03-12T07:48:00","slug":"ubicaciones","status":"publish","type":"page","link":"https:\/\/alpenglowdentists.com\/es\/ubicaciones\/","title":{"rendered":"Ubicaciones"},"content":{"rendered":"<h1> Ubicaciones de dentistas de Alpenglow. <\/h1>\n<p><span style=\"font-family: book antiqua,palatino; font-size: 12pt;\"> Tenemos seis consultorios de dentistas en Wasatch Front para atenderlo a usted ya su familia en la variedad de necesidades de salud bucal que tiene. <a href=\"http:\/\/www.alpenglowdentist.com\/\"> Alpenglow Dental <\/a> ofrece visitas a los dentistas de rutina y de emergencia. Tenemos cinco m\u00e9dicos con experiencia y conocimiento combinados que lo atender\u00e1n sin importar d\u00f3nde viva. El compromiso de los m\u00e9dicos y el personal de la oficina de trabajar en conjunto para brindarle lo que pueda necesitar es lo que hace que Alpenglow Dentist sea una prioridad. Cuando busca dentistas en el \u00e1rea de Salt Lake City, siempre estamos atendiendo clientes en Sandy, South Jordan, Bountiful, Saratoga Springs y Salt Lake City. <\/span><\/p>\n","protected":false},"excerpt":{"rendered":"<p>Ubicaciones de dentistas de Alpenglow. Tenemos seis consultorios de dentistas en Wasatch Front para atenderlo a usted ya su familia en la variedad de necesidades de salud bucal que tiene. Alpenglow Dental ofrece visitas a los dentistas de rutina y de emergencia. Tenemos cinco m\u00e9dicos con experiencia y conocimiento combinados que lo atender\u00e1n sin importar d\u00f3nde viva. El compromiso de los m\u00e9dicos y el personal de la oficina de trabajar en conjunto para brindarle lo que pueda necesitar es lo que hace que Alpenglow Dentist sea una prioridad. Cuando busca dentistas en el \u00e1rea de Salt Lake City, siempre estamos atendiendo clientes en Sandy, South Jordan, Bountiful, Saratoga Springs y Salt Lake City.<\/p>\n<a href=\"https:\/\/alpenglowdentists.com\/es\/ubicaciones\/\" class=\"readmore\">Read more<\/a>","protected":false},"author":75,"featured_media":0,"parent":0,"menu_order":1,"comment_status":"closed","ping_status":"closed","template":"template-location.php","meta":{"_acf_changed":false,"footnotes":""},"class_list":["post-1949","page","type-page","status-publish","hentry"],"acf":[],"yoast_head":"<!-- This site is optimized with the Yoast SEO plugin v27.5 - https:\/\/yoast.com\/product\/yoast-seo-wordpress\/ -->\n<title>Ubicaciones de dentistas en Alpenglow<\/title>\n<meta name=\"description\" content=\"Ubicaciones de dentistas en Alpenglow. Con cinco oficinas de dentistas a lo largo del Frente Wasatch para brindarle a usted y a su familia la variedad de necesidades de salud bucal que tendr\u00e1. Alpenglow Dental ofrece visitas odontol\u00f3gicas tanto de rutina como de emergencia.\" \/>\n<meta name=\"robots\" content=\"index, follow, max-snippet:-1, max-image-preview:large, max-video-preview:-1\" \/>\n<link rel=\"canonical\" href=\"https:\/\/alpenglowdentists.com\/es\/ubicaciones\/\" \/>\n<meta property=\"og:locale\" content=\"es_ES\" \/>\n<meta property=\"og:type\" content=\"article\" \/>\n<meta property=\"og:title\" content=\"Ubicaciones de dentistas en Alpenglow\" \/>\n<meta property=\"og:description\" content=\"Ubicaciones de dentistas en Alpenglow. Con cinco oficinas de dentistas a lo largo del Frente Wasatch para brindarle a usted y a su familia la variedad de necesidades de salud bucal que tendr\u00e1. Alpenglow Dental ofrece visitas odontol\u00f3gicas tanto de rutina como de emergencia.\" \/>\n<meta property=\"og:url\" content=\"https:\/\/alpenglowdentists.com\/es\/ubicaciones\/\" \/>\n<meta property=\"og:site_name\" content=\"Alpenglow Dental\" \/>\n<meta property=\"article:publisher\" content=\"https:\/\/www.facebook.com\/Alpenglow-Dental-202717733081358\/\" \/>\n<meta property=\"article:modified_time\" content=\"2019-03-12T07:48:00+00:00\" \/>\n<meta name=\"twitter:card\" content=\"summary_large_image\" \/>\n<meta name=\"twitter:site\" content=\"@alpenglowdental\" \/>\n<meta name=\"twitter:label1\" content=\"Tiempo de lectura\" \/>\n\t<meta name=\"twitter:data1\" content=\"1 minuto\" \/>\n<script type=\"application\/ld+json\" class=\"yoast-schema-graph\">{\"@context\":\"https:\\\/\\\/schema.org\",\"@graph\":[{\"@type\":\"WebPage\",\"@id\":\"https:\\\/\\\/alpenglowdentists.com\\\/es\\\/ubicaciones\\\/\",\"url\":\"https:\\\/\\\/alpenglowdentists.com\\\/es\\\/ubicaciones\\\/\",\"name\":\"Ubicaciones de dentistas en Alpenglow\",\"isPartOf\":{\"@id\":\"https:\\\/\\\/alpenglowdentists.com\\\/#website\"},\"datePublished\":\"2019-03-12T07:47:11+00:00\",\"dateModified\":\"2019-03-12T07:48:00+00:00\",\"description\":\"Ubicaciones de dentistas en Alpenglow. Con cinco oficinas de dentistas a lo largo del Frente Wasatch para brindarle a usted y a su familia la variedad de necesidades de salud bucal que tendr\u00e1. Alpenglow Dental ofrece visitas odontol\u00f3gicas tanto de rutina como de emergencia.\",\"breadcrumb\":{\"@id\":\"https:\\\/\\\/alpenglowdentists.com\\\/es\\\/ubicaciones\\\/#breadcrumb\"},\"inLanguage\":\"es\",\"potentialAction\":[{\"@type\":\"ReadAction\",\"target\":[\"https:\\\/\\\/alpenglowdentists.com\\\/es\\\/ubicaciones\\\/\"]}]},{\"@type\":\"BreadcrumbList\",\"@id\":\"https:\\\/\\\/alpenglowdentists.com\\\/es\\\/ubicaciones\\\/#breadcrumb\",\"itemListElement\":[{\"@type\":\"ListItem\",\"position\":1,\"name\":\"Home\",\"item\":\"https:\\\/\\\/alpenglowdentists.com\\\/es\\\/nueva-pagina-de-inicio\\\/\"},{\"@type\":\"ListItem\",\"position\":2,\"name\":\"Ubicaciones\"}]},{\"@type\":\"WebSite\",\"@id\":\"https:\\\/\\\/alpenglowdentists.com\\\/#website\",\"url\":\"https:\\\/\\\/alpenglowdentists.com\\\/\",\"name\":\"Alpenglow Dental\",\"description\":\"Just another firstpageimpactsites.com Sites site\",\"publisher\":{\"@id\":\"https:\\\/\\\/alpenglowdentists.com\\\/#organization\"},\"potentialAction\":[{\"@type\":\"SearchAction\",\"target\":{\"@type\":\"EntryPoint\",\"urlTemplate\":\"https:\\\/\\\/alpenglowdentists.com\\\/?s={search_term_string}\"},\"query-input\":{\"@type\":\"PropertyValueSpecification\",\"valueRequired\":true,\"valueName\":\"search_term_string\"}}],\"inLanguage\":\"es\"},{\"@type\":\"Organization\",\"@id\":\"https:\\\/\\\/alpenglowdentists.com\\\/#organization\",\"name\":\"Alpenglow Dental\",\"url\":\"https:\\\/\\\/alpenglowdentists.com\\\/\",\"logo\":{\"@type\":\"ImageObject\",\"inLanguage\":\"es\",\"@id\":\"https:\\\/\\\/alpenglowdentists.com\\\/#\\\/schema\\\/logo\\\/image\\\/\",\"url\":\"https:\\\/\\\/alpenglowdentists.com\\\/wp-content\\\/uploads\\\/2018\\\/08\\\/ad-logo.jpg\",\"contentUrl\":\"https:\\\/\\\/alpenglowdentists.com\\\/wp-content\\\/uploads\\\/2018\\\/08\\\/ad-logo.jpg\",\"width\":\"2547\",\"height\":\"448\",\"caption\":\"Alpenglow Dental\"},\"image\":{\"@id\":\"https:\\\/\\\/alpenglowdentists.com\\\/#\\\/schema\\\/logo\\\/image\\\/\"},\"sameAs\":[\"https:\\\/\\\/www.facebook.com\\\/Alpenglow-Dental-202717733081358\\\/\",\"https:\\\/\\\/x.com\\\/alpenglowdental\"]}]}<\/script>\n<!-- \/ Yoast SEO plugin. -->","yoast_head_json":{"title":"Ubicaciones de dentistas en Alpenglow","description":"Ubicaciones de dentistas en Alpenglow. Con cinco oficinas de dentistas a lo largo del Frente Wasatch para brindarle a usted y a su familia la variedad de necesidades de salud bucal que tendr\u00e1. Alpenglow Dental ofrece visitas odontol\u00f3gicas tanto de rutina como de emergencia.","robots":{"index":"index","follow":"follow","max-snippet":"max-snippet:-1","max-image-preview":"max-image-preview:large","max-video-preview":"max-video-preview:-1"},"canonical":"https:\/\/alpenglowdentists.com\/es\/ubicaciones\/","og_locale":"es_ES","og_type":"article","og_title":"Ubicaciones de dentistas en Alpenglow","og_description":"Ubicaciones de dentistas en Alpenglow. Con cinco oficinas de dentistas a lo largo del Frente Wasatch para brindarle a usted y a su familia la variedad de necesidades de salud bucal que tendr\u00e1. Alpenglow Dental ofrece visitas odontol\u00f3gicas tanto de rutina como de emergencia.","og_url":"https:\/\/alpenglowdentists.com\/es\/ubicaciones\/","og_site_name":"Alpenglow Dental","article_publisher":"https:\/\/www.facebook.com\/Alpenglow-Dental-202717733081358\/","article_modified_time":"2019-03-12T07:48:00+00:00","twitter_card":"summary_large_image","twitter_site":"@alpenglowdental","twitter_misc":{"Tiempo de lectura":"1 minuto"},"schema":{"@context":"https:\/\/schema.org","@graph":[{"@type":"WebPage","@id":"https:\/\/alpenglowdentists.com\/es\/ubicaciones\/","url":"https:\/\/alpenglowdentists.com\/es\/ubicaciones\/","name":"Ubicaciones de dentistas en Alpenglow","isPartOf":{"@id":"https:\/\/alpenglowdentists.com\/#website"},"datePublished":"2019-03-12T07:47:11+00:00","dateModified":"2019-03-12T07:48:00+00:00","description":"Ubicaciones de dentistas en Alpenglow. Con cinco oficinas de dentistas a lo largo del Frente Wasatch para brindarle a usted y a su familia la variedad de necesidades de salud bucal que tendr\u00e1. Alpenglow Dental ofrece visitas odontol\u00f3gicas tanto de rutina como de emergencia.","breadcrumb":{"@id":"https:\/\/alpenglowdentists.com\/es\/ubicaciones\/#breadcrumb"},"inLanguage":"es","potentialAction":[{"@type":"ReadAction","target":["https:\/\/alpenglowdentists.com\/es\/ubicaciones\/"]}]},{"@type":"BreadcrumbList","@id":"https:\/\/alpenglowdentists.com\/es\/ubicaciones\/#breadcrumb","itemListElement":[{"@type":"ListItem","position":1,"name":"Home","item":"https:\/\/alpenglowdentists.com\/es\/nueva-pagina-de-inicio\/"},{"@type":"ListItem","position":2,"name":"Ubicaciones"}]},{"@type":"WebSite","@id":"https:\/\/alpenglowdentists.com\/#website","url":"https:\/\/alpenglowdentists.com\/","name":"Alpenglow Dental","description":"Just another firstpageimpactsites.com Sites site","publisher":{"@id":"https:\/\/alpenglowdentists.com\/#organization"},"potentialAction":[{"@type":"SearchAction","target":{"@type":"EntryPoint","urlTemplate":"https:\/\/alpenglowdentists.com\/?s={search_term_string}"},"query-input":{"@type":"PropertyValueSpecification","valueRequired":true,"valueName":"search_term_string"}}],"inLanguage":"es"},{"@type":"Organization","@id":"https:\/\/alpenglowdentists.com\/#organization","name":"Alpenglow Dental","url":"https:\/\/alpenglowdentists.com\/","logo":{"@type":"ImageObject","inLanguage":"es","@id":"https:\/\/alpenglowdentists.com\/#\/schema\/logo\/image\/","url":"https:\/\/alpenglowdentists.com\/wp-content\/uploads\/2018\/08\/ad-logo.jpg","contentUrl":"https:\/\/alpenglowdentists.com\/wp-content\/uploads\/2018\/08\/ad-logo.jpg","width":"2547","height":"448","caption":"Alpenglow Dental"},"image":{"@id":"https:\/\/alpenglowdentists.com\/#\/schema\/logo\/image\/"},"sameAs":["https:\/\/www.facebook.com\/Alpenglow-Dental-202717733081358\/","https:\/\/x.com\/alpenglowdental"]}]}},"jetpack_sharing_enabled":true,"_links":{"self":[{"href":"https:\/\/alpenglowdentists.com\/es\/wp-json\/wp\/v2\/pages\/1949","targetHints":{"allow":["GET"]}}],"collection":[{"href":"https:\/\/alpenglowdentists.com\/es\/wp-json\/wp\/v2\/pages"}],"about":[{"href":"https:\/\/alpenglowdentists.com\/es\/wp-json\/wp\/v2\/types\/page"}],"author":[{"embeddable":true,"href":"https:\/\/alpenglowdentists.com\/es\/wp-json\/wp\/v2\/users\/75"}],"replies":[{"embeddable":true,"href":"https:\/\/alpenglowdentists.com\/es\/wp-json\/wp\/v2\/comments?post=1949"}],"version-history":[{"count":0,"href":"https:\/\/alpenglowdentists.com\/es\/wp-json\/wp\/v2\/pages\/1949\/revisions"}],"wp:attachment":[{"href":"https:\/\/alpenglowdentists.com\/es\/wp-json\/wp\/v2\/media?parent=1949"}],"curies":[{"name":"wp","href":"https:\/\/api.w.org\/{rel}","templated":true}]}}