{"id":1951,"date":"2019-03-12T07:53:48","date_gmt":"2019-03-12T07:53:48","guid":{"rendered":"https:\/\/alpenglowdentists.com\/ubicaciones\/abundante-dentista\/"},"modified":"2019-03-12T08:15:49","modified_gmt":"2019-03-12T08:15:49","slug":"abundante-dentista","status":"publish","type":"page","link":"https:\/\/alpenglowdentists.com\/es\/ubicaciones\/abundante-dentista\/","title":{"rendered":"Abundante &#8211; Dentista"},"content":{"rendered":"<div class=\"wpb-content-wrapper\"><p>[vc_row el_class=\u00bblp_content\u00bb][vc_column][vc_column_text]<\/p>\n<h1><a href=\"https:\/\/maps.google.com\/maps?ll=40.885251,-111.866773&amp;z=15&amp;t=m&amp;hl=en-US&amp;gl=US&amp;mapclient=embed&amp;cid=1024928667780512389\">Abundante<\/a><\/h1>\n<p><a class=\"contact_details\" href=\"tel:8014412001\">(801) 441-2001 <label>Click to call<\/label><\/a>[\/vc_column_text][vc_row_inner][vc_column_inner width=\u00bb1\/2&#8243;][vc_single_image image=\u00bb1870&#8243; img_size=\u00bbfull\u00bb alignment=\u00bbcenter\u00bb][\/vc_column_inner][vc_column_inner width=\u00bb1\/2&#8243;][vc_single_image image=\u00bb1871&#8243; img_size=\u00bbfull\u00bb alignment=\u00bbcenter\u00bb][\/vc_column_inner][\/vc_row_inner][vc_column_text el_class=\u00bbcontent_leftformat\u00bb]<\/p>\n<h3>Alpenglow Bountiful Dentist Office<\/h3>\n<p>1459 N. Main Street # 4 Bountiful, UT 84010<\/p>\n<p>Nuestra oficina de Alpenglow Dental en Bountiful, Utah, disfruta de una ubicaci\u00f3n conveniente cerca del Hospital Lakeview. Ubicado en el pintoresco tel\u00f3n de fondo de Great Salt Lake y las monta\u00f1as circundantes, esta \u00e1rea brinda un ambiente relajante para su pr\u00f3ximo viaje al dentista. Alpenglow Dental es el principal dentista de urgencias en Bountiful. Ya sea que est\u00e9 buscando servicios de emergencia inmediatos o atenci\u00f3n dental de rutina regular continua, contamos con un personal capacitado y experimentado para satisfacer sus necesidades.<\/p>\n<p>Nuestro personal se esfuerza por brindar atenci\u00f3n r\u00e1pida y atenta para cada visita. Valoramos su tiempo y entendemos lo importante que es para usted obtener el servicio que necesita en el momento justo. En nuestra oficina de Bountiful, disfrutar\u00e1 de la atenci\u00f3n oportuna. Nos aseguramos de que lo vean r\u00e1pidamente y siempre le brindemos el tiempo y la atenci\u00f3n que necesita. En Alpenglow Dental, visitar al dentista es eficiente y sin estr\u00e9s, por lo que puede relajarse y disfrutar de su tiempo con nosotros.<\/p>\n<p>Para ayudar a garantizar una atenci\u00f3n inmediata, t\u00f3mese unos minutos para completar nuestros formularios para pacientes antes de su pr\u00f3xima visita. Lleve la documentaci\u00f3n completa con usted para acelerar su experiencia con Alpenglow Dental.<\/p>\n<p>Haga su cita con nuestros dentistas en Bountiful hoy llamando a <a href=\"tel:8014412001\"> (801) 441-2001 <\/a>. Te llevaremos por el camino hacia una sonrisa brillante y saludable.<\/p>\n<h3>Nuestros doctores<\/h3>\n<div id=\"attachment_28\" class=\"wp-caption alignleft\">\n<p><img loading=\"lazy\" decoding=\"async\" class=\"alignnone wp-image-1955 size-medium\" src=\"https:\/\/alpenglowdentists.com\/wp-content\/uploads\/2019\/03\/benzon-300x200.jpg\" alt=\"\" width=\"300\" height=\"200\" \/><\/p>\n<p class=\"wp-caption-text\"><strong> Dr. Benzon <\/strong><\/p>\n<\/div>\n<p>Nuestro dentista Bountiful es el Dr. Benzon. \u00c9l est\u00e1 comprometido a asegurarse de que tenga una experiencia agradable en cada visita. Es nuestra pol\u00edtica revisar cada procedimiento ampliamente con nuestros pacientes. Queremos asegurarnos de que entienda bien el proceso, para que se sienta lo m\u00e1s c\u00f3modo posible, ya sea para una limpieza de rutina o algo m\u00e1s serio, como un relleno o un canal radicular.<\/p>\n<div style=\"clear: both;\">\n<p>Aqu\u00ed en Alpenglow Dental, creemos que los ni\u00f1os deben comenzar a aprender c\u00f3mo cuidar sus dientes. Es por eso que; nuestro dentista de Bountiful har\u00e1 todo lo posible para educar a los ni\u00f1os con los mejores puntos de la salud oral. Con estos bits de conocimiento, pueden ser empoderados.<\/p>\n<p>Igualmente crucial para su salud dental es obtener atenci\u00f3n de alta calidad tambi\u00e9n. Del mismo modo, nuestro dentista de Bountiful brinda atenci\u00f3n integral y tratamientos suaves para obtener sonrisas hermosas y saludables que durar\u00e1n toda la vida.<\/p>\n<p>Aqu\u00ed hay 10 datos divertidos para que los ni\u00f1os aprendan sobre sus dientes y su salud dental en general:<\/p>\n<p>1. La parte m\u00e1s dura del cuerpo no son los dientes en s\u00ed. En realidad, es el esmalte o la superficie superior que cubre el diente individual. Por lo tanto, es muy importante garantizar la salud del esmalte porque esta capa protege las partes sensibles de su diente.<\/p>\n<p>2. \u00bfSab\u00edas que nuestros dientes comienzan a formarse cuando a\u00fan estamos en el vientre de nuestra madre? Los dientes de leche comienzan su desarrollo incluso antes del nacimiento, pero emergen solo cuando tenemos entre 6 y 12 meses de edad.<\/p>\n<p>3. Tenemos cuatro tipos diferentes de dientes. Los primeros cuatro dientes, que se encuentran en la parte frontal de nuestra boca, se denominan incisivos. \u00bfTe fijas en esos dientes como colmillos que crecen al lado de los incisivos? Estos se llaman caninos; Tenemos dos en la parte superior y dos en la parte inferior. Junto a estos caninos se encuentran los premolares; Los dientes situados en el lado de la boca son molares. Mientras usamos los incisivos para morder nuestra comida, los molares y los premolares se usan para masticarlos y molerlos.<\/p>\n<p>4. S\u00f3lo tenemos dos juegos de dientes. Los primeros conjuntos son los dientes de leche; el otro conjunto es lo que emerge una vez que perdemos nuestros dientes de leche: se llaman dientes permanentes. A diferencia de los dientes de leche, nada crece despu\u00e9s de que perdemos los dientes permanentes.<\/p>\n<p>5. \u00bfSab\u00edas que no hay dos personas con dientes similares? Al igual que nuestra huella digital, nuestros dientes son \u00fanicos.<\/p>\n<p>6. Producimos m\u00e1s de 25,000 cuartos de gal\u00f3n de saliva a lo largo de nuestras vidas. En pocas palabras, se trata de dos piscinas. Es bueno que la saliva tenga muchos usos. La saliva protege nuestros dientes de la caries al lavar las bacterias. Tambi\u00e9n ayuda en nuestro proceso digestivo.<\/p>\n<p>7. \u00bfPuedes creer que una persona promedio pasa unos 38 d\u00edas para lavarse los dientes durante toda su vida?<\/p>\n<p>8. \u00bfSab\u00eda que la mala salud dental se asocia con enfermedades card\u00edacas, diabetes y osteoporosis? Muchos estudios ya lo han confirmado. Por esta raz\u00f3n, los especialistas dentales recomiendan encarecidamente cepillarse los dientes al menos dos veces al d\u00eda; No te olvides de usar hilo dental tambi\u00e9n. Adem\u00e1s, visite a nuestro dentista de Bountiful al menos dos veces al a\u00f1o para chequeos dentales regulares para garantizar una salud oral \u00f3ptima.<\/p>\n<p>9. Lo que ves desde afuera es solo la punta de tu diente. \u00bfPuedes creer que son solo dos tercios de la longitud real de tu diente? El otro tercio est\u00e1 plantado y oculto debajo de las enc\u00edas.<\/p>\n<p>10. \u00bfSab\u00edas que la leche ayuda a que el diente desprendido sobreviva m\u00e1s tiempo? Esto es \u00fatil cuando su diente es eliminado. Cuando esto suceda, coloque su diente separado en la leche y luego mant\u00e9ngalo dentro de su boca. Como el tiempo es esencial, consulte a nuestro dentista Bountiful inmediatamente despu\u00e9s.<\/p>\n<\/div>\n<h3>Servicios<\/h3>\n<p>En la oficina Bountiful de Alpenglow Dental, ofrecemos una amplia variedad de servicios. Nuestro cuidado comienza con limpiezas de rutina y cuidados preventivos regulares para ayudarlo a mantener una sonrisa saludable todos los d\u00edas. Recomendamos venir a una limpieza regular una vez cada seis meses. Comprometerse con estas limpiezas de rutina oportunas lo ayudar\u00e1 a evitar reparaciones dentales costosas y un dolor inc\u00f3modo en el futuro. Pase por una visita amistosa dos veces al a\u00f1o y podr\u00eda evitar otras visitas intermedias.<\/p>\n<p>Desafortunadamente, no siempre es posible mantenerse al d\u00eda con la atenci\u00f3n preventiva o evitar todos los posibles problemas dentales, incluso si lo hace. Quiz\u00e1s necesites algo m\u00e1s que una limpieza. En estos casos, ofrecemos cuidados restaurativos como empastes y coronas para ayudar a reparar cualquier \u00e1rea problem\u00e1tica en sus dientes.<\/p>\n<p>\u00bfQuieres alegrar un poco las cosas? Nuestro cuidado incluye servicios de odontolog\u00eda cosm\u00e9tica. Si hay algo especial en lo que ha estado esperando para invertir, ahora es el momento de explorar para obtener los servicios que desea. Ofrecemos aparatos ortop\u00e9dicos ClearCorrect, servicios de blanqueamiento dental y otras soluciones cosm\u00e9ticas para ayudarlo a mejorar su sonrisa a cualquier edad.<\/p>\n<p>Si necesita atenci\u00f3n de emergencia, podemos brindarle un horario ajustado. Las emergencias rara vez ocurren en un momento conveniente. En Alpenglow Dental, estamos aqu\u00ed para brindarle atenci\u00f3n de emergencia cuando la necesite, de d\u00eda o de noche. El dolor dental puede ser insoportable. No desea esperar d\u00edas para recibir el tratamiento que necesita.<\/p>\n<p>En Alpenglow Dental, nos comprometemos a brindarle la mejor atenci\u00f3n posible para todas sus necesidades dentales. Si necesita atenci\u00f3n de emergencia r\u00e1pida o si desea programar sus servicios preventivos con un m\u00e9dico amigable que se esforzar\u00e1 para que se sienta c\u00f3modo durante su cita, podemos ayudarlo en nuestra oficina de Bountiful, convenientemente ubicada. Haga su cita hoy mismo y descubra c\u00f3mo nuestros m\u00e9dicos pueden ayudarlo a obtener la sonrisa que siempre ha querido.[\/vc_column_text][\/vc_column][\/vc_row]<\/p>\n<\/div>","protected":false},"excerpt":{"rendered":"<p>[vc_row el_class=\u00bblp_content\u00bb][vc_column][vc_column_text] Abundante (801) 441-2001 Click to call[\/vc_column_text][vc_row_inner][vc_column_inner width=\u00bb1\/2&#8243;][vc_single_image image=\u00bb1870&#8243; img_size=\u00bbfull\u00bb alignment=\u00bbcenter\u00bb][\/vc_column_inner][vc_column_inner width=\u00bb1\/2&#8243;][vc_single_image image=\u00bb1871&#8243; img_size=\u00bbfull\u00bb alignment=\u00bbcenter\u00bb][\/vc_column_inner][\/vc_row_inner][vc_column_text el_class=\u00bbcontent_leftformat\u00bb] Alpenglow Bountiful Dentist Office 1459 N. Main Street # 4 Bountiful, UT 84010 Nuestra oficina de Alpenglow Dental en Bountiful, Utah, disfruta de una ubicaci\u00f3n conveniente cerca del Hospital Lakeview. Ubicado en el pintoresco tel\u00f3n de fondo de Great Salt Lake y las monta\u00f1as circundantes, esta \u00e1rea brinda un ambiente relajante para su pr\u00f3ximo viaje al dentista. Alpenglow Dental es el principal dentista de urgencias en Bountiful. Ya sea que est\u00e9 buscando servicios de emergencia inmediatos o atenci\u00f3n dental de rutina regular continua, contamos con un personal capacitado y experimentado para satisfacer sus necesidades. Nuestro personal se esfuerza por brindar atenci\u00f3n r\u00e1pida y atenta para cada visita. Valoramos su tiempo y entendemos lo importante que es para usted obtener el servicio que necesita en el momento justo. En nuestra oficina de Bountiful, disfrutar\u00e1 de la atenci\u00f3n oportuna. Nos aseguramos de que lo vean r\u00e1pidamente y siempre le brindemos el tiempo y la atenci\u00f3n que necesita. En Alpenglow Dental, visitar al dentista es eficiente y sin estr\u00e9s, por lo que puede relajarse y disfrutar de su tiempo con nosotros. Para ayudar a garantizar una<\/p>\n<a href=\"https:\/\/alpenglowdentists.com\/es\/ubicaciones\/abundante-dentista\/\" class=\"readmore\">Read more<\/a>","protected":false},"author":75,"featured_media":0,"parent":1949,"menu_order":0,"comment_status":"closed","ping_status":"closed","template":"landingpage.php","meta":{"_acf_changed":false,"footnotes":""},"class_list":["post-1951","page","type-page","status-publish","hentry"],"acf":[],"yoast_head":"<!-- This site is optimized with the Yoast SEO plugin v27.3 - https:\/\/yoast.com\/product\/yoast-seo-wordpress\/ -->\n<title>Alpenglow Dental | Bountiful, Utah | Dentistas abundantes<\/title>\n<meta name=\"description\" content=\"Alpenglow Dental ofrece los mejores dentistas abundantes. Si necesita un dentista de emergencia o un control regular, llame hoy al (801) 397-5220.\" \/>\n<meta name=\"robots\" content=\"index, follow, max-snippet:-1, max-image-preview:large, max-video-preview:-1\" \/>\n<link rel=\"canonical\" href=\"https:\/\/alpenglowdentists.com\/es\/ubicaciones\/abundante-dentista\/\" \/>\n<meta property=\"og:locale\" content=\"es_ES\" \/>\n<meta property=\"og:type\" content=\"article\" \/>\n<meta property=\"og:title\" content=\"Alpenglow Dental | Bountiful, Utah | Dentistas abundantes\" \/>\n<meta property=\"og:description\" content=\"Alpenglow Dental ofrece los mejores dentistas abundantes. Si necesita un dentista de emergencia o un control regular, llame hoy al (801) 397-5220.\" \/>\n<meta property=\"og:url\" content=\"https:\/\/alpenglowdentists.com\/es\/ubicaciones\/abundante-dentista\/\" \/>\n<meta property=\"og:site_name\" content=\"Alpenglow Dental\" \/>\n<meta property=\"article:publisher\" content=\"https:\/\/www.facebook.com\/Alpenglow-Dental-202717733081358\/\" \/>\n<meta property=\"article:modified_time\" content=\"2019-03-12T08:15:49+00:00\" \/>\n<meta property=\"og:image\" content=\"https:\/\/alpenglowdentists.com\/wp-content\/uploads\/2019\/03\/benzon.jpg\" \/>\n\t<meta property=\"og:image:width\" content=\"300\" \/>\n\t<meta property=\"og:image:height\" content=\"200\" \/>\n\t<meta property=\"og:image:type\" content=\"image\/jpeg\" \/>\n<meta name=\"twitter:card\" content=\"summary_large_image\" \/>\n<meta name=\"twitter:site\" content=\"@alpenglowdental\" \/>\n<meta name=\"twitter:label1\" content=\"Tiempo de lectura\" \/>\n\t<meta name=\"twitter:data1\" content=\"7 minutos\" \/>\n<script type=\"application\/ld+json\" class=\"yoast-schema-graph\">{\"@context\":\"https:\\\/\\\/schema.org\",\"@graph\":[{\"@type\":\"WebPage\",\"@id\":\"https:\\\/\\\/alpenglowdentists.com\\\/es\\\/ubicaciones\\\/abundante-dentista\\\/\",\"url\":\"https:\\\/\\\/alpenglowdentists.com\\\/es\\\/ubicaciones\\\/abundante-dentista\\\/\",\"name\":\"Alpenglow Dental | Bountiful, Utah | Dentistas abundantes\",\"isPartOf\":{\"@id\":\"https:\\\/\\\/alpenglowdentists.com\\\/#website\"},\"primaryImageOfPage\":{\"@id\":\"https:\\\/\\\/alpenglowdentists.com\\\/es\\\/ubicaciones\\\/abundante-dentista\\\/#primaryimage\"},\"image\":{\"@id\":\"https:\\\/\\\/alpenglowdentists.com\\\/es\\\/ubicaciones\\\/abundante-dentista\\\/#primaryimage\"},\"thumbnailUrl\":\"https:\\\/\\\/alpenglowdentists.com\\\/wp-content\\\/uploads\\\/2019\\\/03\\\/benzon-300x200.jpg\",\"datePublished\":\"2019-03-12T07:53:48+00:00\",\"dateModified\":\"2019-03-12T08:15:49+00:00\",\"description\":\"Alpenglow Dental ofrece los mejores dentistas abundantes. Si necesita un dentista de emergencia o un control regular, llame hoy al (801) 397-5220.\",\"breadcrumb\":{\"@id\":\"https:\\\/\\\/alpenglowdentists.com\\\/es\\\/ubicaciones\\\/abundante-dentista\\\/#breadcrumb\"},\"inLanguage\":\"es\",\"potentialAction\":[{\"@type\":\"ReadAction\",\"target\":[\"https:\\\/\\\/alpenglowdentists.com\\\/es\\\/ubicaciones\\\/abundante-dentista\\\/\"]}]},{\"@type\":\"ImageObject\",\"inLanguage\":\"es\",\"@id\":\"https:\\\/\\\/alpenglowdentists.com\\\/es\\\/ubicaciones\\\/abundante-dentista\\\/#primaryimage\",\"url\":\"https:\\\/\\\/alpenglowdentists.com\\\/wp-content\\\/uploads\\\/2019\\\/03\\\/benzon-300x200.jpg\",\"contentUrl\":\"https:\\\/\\\/alpenglowdentists.com\\\/wp-content\\\/uploads\\\/2019\\\/03\\\/benzon-300x200.jpg\"},{\"@type\":\"BreadcrumbList\",\"@id\":\"https:\\\/\\\/alpenglowdentists.com\\\/es\\\/ubicaciones\\\/abundante-dentista\\\/#breadcrumb\",\"itemListElement\":[{\"@type\":\"ListItem\",\"position\":1,\"name\":\"Home\",\"item\":\"https:\\\/\\\/alpenglowdentists.com\\\/es\\\/nueva-pagina-de-inicio\\\/\"},{\"@type\":\"ListItem\",\"position\":2,\"name\":\"Ubicaciones\",\"item\":\"https:\\\/\\\/alpenglowdentists.com\\\/es\\\/ubicaciones\\\/\"},{\"@type\":\"ListItem\",\"position\":3,\"name\":\"Abundante &#8211; Dentista\"}]},{\"@type\":\"WebSite\",\"@id\":\"https:\\\/\\\/alpenglowdentists.com\\\/#website\",\"url\":\"https:\\\/\\\/alpenglowdentists.com\\\/\",\"name\":\"Alpenglow Dental\",\"description\":\"Just another firstpageimpactsites.com Sites site\",\"publisher\":{\"@id\":\"https:\\\/\\\/alpenglowdentists.com\\\/#organization\"},\"potentialAction\":[{\"@type\":\"SearchAction\",\"target\":{\"@type\":\"EntryPoint\",\"urlTemplate\":\"https:\\\/\\\/alpenglowdentists.com\\\/?s={search_term_string}\"},\"query-input\":{\"@type\":\"PropertyValueSpecification\",\"valueRequired\":true,\"valueName\":\"search_term_string\"}}],\"inLanguage\":\"es\"},{\"@type\":\"Organization\",\"@id\":\"https:\\\/\\\/alpenglowdentists.com\\\/#organization\",\"name\":\"Alpenglow Dental\",\"url\":\"https:\\\/\\\/alpenglowdentists.com\\\/\",\"logo\":{\"@type\":\"ImageObject\",\"inLanguage\":\"es\",\"@id\":\"https:\\\/\\\/alpenglowdentists.com\\\/#\\\/schema\\\/logo\\\/image\\\/\",\"url\":\"https:\\\/\\\/alpenglowdentists.com\\\/wp-content\\\/uploads\\\/2018\\\/08\\\/ad-logo.jpg\",\"contentUrl\":\"https:\\\/\\\/alpenglowdentists.com\\\/wp-content\\\/uploads\\\/2018\\\/08\\\/ad-logo.jpg\",\"width\":\"2547\",\"height\":\"448\",\"caption\":\"Alpenglow Dental\"},\"image\":{\"@id\":\"https:\\\/\\\/alpenglowdentists.com\\\/#\\\/schema\\\/logo\\\/image\\\/\"},\"sameAs\":[\"https:\\\/\\\/www.facebook.com\\\/Alpenglow-Dental-202717733081358\\\/\",\"https:\\\/\\\/x.com\\\/alpenglowdental\"]}]}<\/script>\n<!-- \/ Yoast SEO plugin. -->","yoast_head_json":{"title":"Alpenglow Dental | Bountiful, Utah | Dentistas abundantes","description":"Alpenglow Dental ofrece los mejores dentistas abundantes. Si necesita un dentista de emergencia o un control regular, llame hoy al (801) 397-5220.","robots":{"index":"index","follow":"follow","max-snippet":"max-snippet:-1","max-image-preview":"max-image-preview:large","max-video-preview":"max-video-preview:-1"},"canonical":"https:\/\/alpenglowdentists.com\/es\/ubicaciones\/abundante-dentista\/","og_locale":"es_ES","og_type":"article","og_title":"Alpenglow Dental | Bountiful, Utah | Dentistas abundantes","og_description":"Alpenglow Dental ofrece los mejores dentistas abundantes. Si necesita un dentista de emergencia o un control regular, llame hoy al (801) 397-5220.","og_url":"https:\/\/alpenglowdentists.com\/es\/ubicaciones\/abundante-dentista\/","og_site_name":"Alpenglow Dental","article_publisher":"https:\/\/www.facebook.com\/Alpenglow-Dental-202717733081358\/","article_modified_time":"2019-03-12T08:15:49+00:00","og_image":[{"width":300,"height":200,"url":"https:\/\/alpenglowdentists.com\/wp-content\/uploads\/2019\/03\/benzon.jpg","type":"image\/jpeg"}],"twitter_card":"summary_large_image","twitter_site":"@alpenglowdental","twitter_misc":{"Tiempo de lectura":"7 minutos"},"schema":{"@context":"https:\/\/schema.org","@graph":[{"@type":"WebPage","@id":"https:\/\/alpenglowdentists.com\/es\/ubicaciones\/abundante-dentista\/","url":"https:\/\/alpenglowdentists.com\/es\/ubicaciones\/abundante-dentista\/","name":"Alpenglow Dental | Bountiful, Utah | Dentistas abundantes","isPartOf":{"@id":"https:\/\/alpenglowdentists.com\/#website"},"primaryImageOfPage":{"@id":"https:\/\/alpenglowdentists.com\/es\/ubicaciones\/abundante-dentista\/#primaryimage"},"image":{"@id":"https:\/\/alpenglowdentists.com\/es\/ubicaciones\/abundante-dentista\/#primaryimage"},"thumbnailUrl":"https:\/\/alpenglowdentists.com\/wp-content\/uploads\/2019\/03\/benzon-300x200.jpg","datePublished":"2019-03-12T07:53:48+00:00","dateModified":"2019-03-12T08:15:49+00:00","description":"Alpenglow Dental ofrece los mejores dentistas abundantes. Si necesita un dentista de emergencia o un control regular, llame hoy al (801) 397-5220.","breadcrumb":{"@id":"https:\/\/alpenglowdentists.com\/es\/ubicaciones\/abundante-dentista\/#breadcrumb"},"inLanguage":"es","potentialAction":[{"@type":"ReadAction","target":["https:\/\/alpenglowdentists.com\/es\/ubicaciones\/abundante-dentista\/"]}]},{"@type":"ImageObject","inLanguage":"es","@id":"https:\/\/alpenglowdentists.com\/es\/ubicaciones\/abundante-dentista\/#primaryimage","url":"https:\/\/alpenglowdentists.com\/wp-content\/uploads\/2019\/03\/benzon-300x200.jpg","contentUrl":"https:\/\/alpenglowdentists.com\/wp-content\/uploads\/2019\/03\/benzon-300x200.jpg"},{"@type":"BreadcrumbList","@id":"https:\/\/alpenglowdentists.com\/es\/ubicaciones\/abundante-dentista\/#breadcrumb","itemListElement":[{"@type":"ListItem","position":1,"name":"Home","item":"https:\/\/alpenglowdentists.com\/es\/nueva-pagina-de-inicio\/"},{"@type":"ListItem","position":2,"name":"Ubicaciones","item":"https:\/\/alpenglowdentists.com\/es\/ubicaciones\/"},{"@type":"ListItem","position":3,"name":"Abundante &#8211; Dentista"}]},{"@type":"WebSite","@id":"https:\/\/alpenglowdentists.com\/#website","url":"https:\/\/alpenglowdentists.com\/","name":"Alpenglow Dental","description":"Just another firstpageimpactsites.com Sites site","publisher":{"@id":"https:\/\/alpenglowdentists.com\/#organization"},"potentialAction":[{"@type":"SearchAction","target":{"@type":"EntryPoint","urlTemplate":"https:\/\/alpenglowdentists.com\/?s={search_term_string}"},"query-input":{"@type":"PropertyValueSpecification","valueRequired":true,"valueName":"search_term_string"}}],"inLanguage":"es"},{"@type":"Organization","@id":"https:\/\/alpenglowdentists.com\/#organization","name":"Alpenglow Dental","url":"https:\/\/alpenglowdentists.com\/","logo":{"@type":"ImageObject","inLanguage":"es","@id":"https:\/\/alpenglowdentists.com\/#\/schema\/logo\/image\/","url":"https:\/\/alpenglowdentists.com\/wp-content\/uploads\/2018\/08\/ad-logo.jpg","contentUrl":"https:\/\/alpenglowdentists.com\/wp-content\/uploads\/2018\/08\/ad-logo.jpg","width":"2547","height":"448","caption":"Alpenglow Dental"},"image":{"@id":"https:\/\/alpenglowdentists.com\/#\/schema\/logo\/image\/"},"sameAs":["https:\/\/www.facebook.com\/Alpenglow-Dental-202717733081358\/","https:\/\/x.com\/alpenglowdental"]}]}},"jetpack_sharing_enabled":true,"_links":{"self":[{"href":"https:\/\/alpenglowdentists.com\/es\/wp-json\/wp\/v2\/pages\/1951","targetHints":{"allow":["GET"]}}],"collection":[{"href":"https:\/\/alpenglowdentists.com\/es\/wp-json\/wp\/v2\/pages"}],"about":[{"href":"https:\/\/alpenglowdentists.com\/es\/wp-json\/wp\/v2\/types\/page"}],"author":[{"embeddable":true,"href":"https:\/\/alpenglowdentists.com\/es\/wp-json\/wp\/v2\/users\/75"}],"replies":[{"embeddable":true,"href":"https:\/\/alpenglowdentists.com\/es\/wp-json\/wp\/v2\/comments?post=1951"}],"version-history":[{"count":0,"href":"https:\/\/alpenglowdentists.com\/es\/wp-json\/wp\/v2\/pages\/1951\/revisions"}],"up":[{"embeddable":true,"href":"https:\/\/alpenglowdentists.com\/es\/wp-json\/wp\/v2\/pages\/1949"}],"wp:attachment":[{"href":"https:\/\/alpenglowdentists.com\/es\/wp-json\/wp\/v2\/media?parent=1951"}],"curies":[{"name":"wp","href":"https:\/\/api.w.org\/{rel}","templated":true}]}}