{"id":1971,"date":"2019-03-12T08:21:02","date_gmt":"2019-03-12T08:21:02","guid":{"rendered":"https:\/\/alpenglowdentists.com\/ubicaciones\/salt-lake-city-dentista\/"},"modified":"2019-03-12T08:22:24","modified_gmt":"2019-03-12T08:22:24","slug":"salt-lake-city-dentista","status":"publish","type":"page","link":"https:\/\/alpenglowdentists.com\/es\/ubicaciones\/salt-lake-city-dentista\/","title":{"rendered":"Salt Lake City &#8211; Dentista"},"content":{"rendered":"<div class=\"wpb-content-wrapper\"><p>[vc_row el_class=\u00bblp_content\u00bb][vc_column][vc_column_text]<\/p>\n<h2><a href=\"https:\/\/maps.google.com\/maps?ll=40.724662,-111.891351&amp;z=16&amp;t=m&amp;hl=en-US&amp;gl=US&amp;mapclient=embed&amp;q=2150%20Main%20St%20South%20Salt%20Lake%2C%20UT%2084115\">Salt Lake City<\/a><\/h2>\n<p><a class=\"contact_details\" href=\"tel:8019032501\">(801) 903-2501 <label>Haz clic para llamar<\/label><\/a>[\/vc_column_text][vc_row_inner][vc_column_inner width=\u00bb1\/2&#8243;][vc_single_image image=\u00bb1870&#8243; img_size=\u00bbfull\u00bb alignment=\u00bbcenter\u00bb][\/vc_column_inner][vc_column_inner width=\u00bb1\/2&#8243;][vc_single_image image=\u00bb1871&#8243; img_size=\u00bbfull\u00bb alignment=\u00bbcenter\u00bb][\/vc_column_inner][\/vc_row_inner][vc_column_text el_class=\u00bbcontent_leftformat\u00bb]<\/p>\n<h3>Oficina del dentista de Alpenglow Salt Lake City<\/h3>\n<p>2150 Main Street, Suite 104 Salt Lake City, UT 84115<\/p>\n<p>El consultorio de Alpenglow en Salt Lake City siempre pone a sus pacientes en primer lugar. El Dr. Benzon y su personal trabajan arduamente para asegurarse de obtener el apoyo emocional, f\u00edsico y financiero que necesita de su consultorio dental. Los miembros de nuestro personal trabajar\u00e1n estrechamente con usted, incluso si no ha estado en el dentista durante a\u00f1os.<\/p>\n<p>Hacemos m\u00e1s que solo limpiar sus dientes y proporcionar servicios esenciales. Los miembros de nuestro personal toman <a href=\"http:\/\/www.ada.org\/en\/education-careers\/continuing-education\"> cursos de educaci\u00f3n continua <\/a> para asegurarse de que tengan las habilidades necesarias para brindarle a usted y a su Excelentes cuidados familiares en Salt Lake City.<\/p>\n<p>El Dr. Benzon aporta una experiencia considerable a nuestra ubicaci\u00f3n en Salt Lake City. Habla espa\u00f1ol con fluidez, por lo que puede atender a los pacientes que hablan el segundo idioma m\u00e1s popular de la zona, as\u00ed como a los hablantes nativos de ingl\u00e9s.<\/p>\n<h3>Cuidado dental cuando lo necesite<\/h3>\n<p>En Alpenglow Dental, entendemos que su apretada agenda puede dificultar la obtenci\u00f3n de servicios dentales durante el horario comercial. Es por eso que nuestras oficinas permanecen abiertas hasta las 9 p.m. Incluso estamos abiertos los s\u00e1bados. Si\u00e9ntase libre de programar una cita en cualquiera de estos momentos. Tambi\u00e9n estamos abiertos para visitas de emergencia de lunes a s\u00e1bado hasta las 9 p.m., as\u00ed que venga cuando tenga una emergencia dental que no pueda esperar hasta el d\u00eda siguiente.<\/p>\n<p>Nuestros profesionales hacen todo lo posible para que sus servicios dentales sean convenientes y eficientes. Sabemos que su tiempo es valioso, por lo que los miembros de nuestro personal trabajan arduamente para asegurarse de que pueda obtener los servicios que necesita en su cita programada.<\/p>\n<p>Puede hacer que su visita sea a\u00fan m\u00e1s eficiente descargando y completando nuestros <a href=\"https:\/\/alpenglowdentists.com\/patient-forms\/\"> formularios para pacientes <\/a>. Ll\u00e9velos a su primera cita y los miembros de nuestro personal los procesar\u00e1n de inmediato para que lo atiendan.<\/p>\n<h3><b> Servicios dentales en Salt Lake City <\/b><\/h3>\n<p>Alpenglow Dental tiene algunos de los mejores dentistas familiares en Salt Lake City, Utah. Somos un consultorio dental familiar que est\u00e1 preparado para trabajar con personas de todas las edades. Nuestro enfoque de servicio completo para la atenci\u00f3n significa que podemos hacer mucho m\u00e1s que simplemente proporcionar limpiezas de rutina y chequeos dentales. Podemos abordar pr\u00e1cticamente cualquier problema dental, incluyendo emergencias.<\/p>\n<p>Nuestra amplia lista de servicios incluye <a href=\"http:\/\/www.webmd.com\/oral-health\/healthy-mouth-15\/beautiful-smile\/teeth-whitening-at-home-dentist\"> blanqueamiento dental &lt;\/ A&gt;, carillas, extracci\u00f3n de muelas del juicio, aparatos invisibles, implantes, endodoncias, empastes, dentaduras postizas, coronas y puentes. Si tiene un problema, es probable que nuestro dentista en Salt Lake City est\u00e9 completamente preparado para brindarle los servicios que necesita.<\/a><\/p>\n<p>Como pr\u00e1ctica familiar, el Dr. Benzon y los miembros de su personal reconocen las necesidades dentales \u00fanicas de los ni\u00f1os. Creamos un ambiente acogedor que ayudar\u00e1 a su hijo a superar cualquier ansiedad dental que pueda experimentar. Nuestro objetivo es ayudarlos a ganar confianza, para que sigan recibiendo servicios de salud dental a lo largo de sus vidas.<\/p>\n<p>Si no tiene seguro dental, solicite informaci\u00f3n sobre nuestros planes de descuentos especiales.<\/p>\n<p>Ya que est\u00e1 en Main Street, justo a la salida de la I-15, es f\u00e1cil llegar a la oficina de Alpenglow Dental en Salt Lake City. Ofrecemos una amplia gama de servicios para asegurarnos de que reciba la atenci\u00f3n que necesita. El Dr. Benzon es un excelente dentista de servicio completo que puede atender todas sus necesidades.<\/p>\n<p>Si Salt Lake City no est\u00e1 cerca de usted, puede utilizar cualquiera de las otras cinco <a href=\"https:\/\/alpenglowdentists.com\/about-us\/\"> consultorios de Alpenglow Dental <\/a> en Sandy, al sur de Jordania. , Bountiful, Saratoga Springs, o Pleasant Grove.<\/p>\n<h3>Nuestros doctores<\/h3>\n<div id=\"attachment_28\" class=\"wp-caption alignleft\">\n<p><img loading=\"lazy\" decoding=\"async\" class=\"alignnone wp-image-1955 size-medium\" src=\"https:\/\/alpenglowdentists.com\/wp-content\/uploads\/2019\/03\/benzon-300x200.jpg\" alt=\"\" width=\"300\" height=\"200\" \/><\/p>\n<p class=\"wp-caption-text\"><strong> Dr. Benzon <\/strong><\/p>\n<\/div>\n<p>Nuestra oficina de Bountiful es atendida por el Dr. Benzon. \u00c9l est\u00e1 comprometido a asegurarse de que tenga una experiencia maravillosa en cada visita. Es nuestra pol\u00edtica revisar cada procedimiento ampliamente con nuestros pacientes. Queremos asegurarnos de que entienda bien el proceso para que se sienta lo m\u00e1s c\u00f3modo posible, ya sea que est\u00e9 realizando una limpieza de rutina o algo m\u00e1s serio, como un relleno o un canal radicular.<\/p>\n<div style=\"clear: both;\"><\/div>\n<h3>Nuestra promesa<\/h3>\n<p>El Dr. Benzon y su personal prometen brindar a cada paciente un cuidado excepcional. Su sonrisa es su principal prioridad, para que sepa que Alpenglow Dental &#8211; Salt Lake City siempre recibir\u00e1 servicios dentales elegidos para sus necesidades espec\u00edficas. Si desea un ambiente acogedor y libre de juicios, puede confiar en los miembros de nuestro personal para que se sienta c\u00f3modo.<\/p>\n<p>Incluso si experimenta ansiedad cuando acude al dentista, nos aseguraremos de que se sienta c\u00f3modo y seguro.<\/p>\n<p>Ll\u00e1menos hoy al <a href=\"tel:8019032501\"> 801-903-2501 <\/a> para una cita. \u00a1Esperamos verte pronto![\/vc_column_text][\/vc_column][\/vc_row]<\/p>\n<\/div>","protected":false},"excerpt":{"rendered":"<p>[vc_row el_class=\u00bblp_content\u00bb][vc_column][vc_column_text] Salt Lake City (801) 903-2501 Haz clic para llamar[\/vc_column_text][vc_row_inner][vc_column_inner width=\u00bb1\/2&#8243;][vc_single_image image=\u00bb1870&#8243; img_size=\u00bbfull\u00bb alignment=\u00bbcenter\u00bb][\/vc_column_inner][vc_column_inner width=\u00bb1\/2&#8243;][vc_single_image image=\u00bb1871&#8243; img_size=\u00bbfull\u00bb alignment=\u00bbcenter\u00bb][\/vc_column_inner][\/vc_row_inner][vc_column_text el_class=\u00bbcontent_leftformat\u00bb] Oficina del dentista de Alpenglow Salt Lake City 2150 Main Street, Suite 104 Salt Lake City, UT 84115 El consultorio de Alpenglow en Salt Lake City siempre pone a sus pacientes en primer lugar. El Dr. Benzon y su personal trabajan arduamente para asegurarse de obtener el apoyo emocional, f\u00edsico y financiero que necesita de su consultorio dental. Los miembros de nuestro personal trabajar\u00e1n estrechamente con usted, incluso si no ha estado en el dentista durante a\u00f1os. Hacemos m\u00e1s que solo limpiar sus dientes y proporcionar servicios esenciales. Los miembros de nuestro personal toman cursos de educaci\u00f3n continua para asegurarse de que tengan las habilidades necesarias para brindarle a usted y a su Excelentes cuidados familiares en Salt Lake City. El Dr. Benzon aporta una experiencia considerable a nuestra ubicaci\u00f3n en Salt Lake City. Habla espa\u00f1ol con fluidez, por lo que puede atender a los pacientes que hablan el segundo idioma m\u00e1s popular de la zona, as\u00ed como a los hablantes nativos de ingl\u00e9s. Cuidado dental cuando lo necesite En Alpenglow Dental, entendemos que su apretada agenda puede dificultar la<\/p>\n<a href=\"https:\/\/alpenglowdentists.com\/es\/ubicaciones\/salt-lake-city-dentista\/\" class=\"readmore\">Read more<\/a>","protected":false},"author":75,"featured_media":0,"parent":1949,"menu_order":0,"comment_status":"closed","ping_status":"closed","template":"landingpage.php","meta":{"_acf_changed":false,"footnotes":""},"class_list":["post-1971","page","type-page","status-publish","hentry"],"acf":[],"yoast_head":"<!-- This site is optimized with the Yoast SEO plugin v27.5 - https:\/\/yoast.com\/product\/yoast-seo-wordpress\/ -->\n<title>Alpenglow Dental | Salt Lake City, UT | Dentista Salt Lake City Utah<\/title>\n<meta name=\"description\" content=\"Alpenglow Dental ofrece los mejores dentistas en Salt Lake City. Ya sea una emergencia o un chequeo regular, llame hoy al (801) 883-9177.\" \/>\n<meta name=\"robots\" content=\"index, follow, max-snippet:-1, max-image-preview:large, max-video-preview:-1\" \/>\n<link rel=\"canonical\" href=\"https:\/\/alpenglowdentists.com\/es\/ubicaciones\/salt-lake-city-dentista\/\" \/>\n<meta property=\"og:locale\" content=\"es_ES\" \/>\n<meta property=\"og:type\" content=\"article\" \/>\n<meta property=\"og:title\" content=\"Alpenglow Dental | Salt Lake City, UT | Dentista Salt Lake City Utah\" \/>\n<meta property=\"og:description\" content=\"Alpenglow Dental ofrece los mejores dentistas en Salt Lake City. Ya sea una emergencia o un chequeo regular, llame hoy al (801) 883-9177.\" \/>\n<meta property=\"og:url\" content=\"https:\/\/alpenglowdentists.com\/es\/ubicaciones\/salt-lake-city-dentista\/\" \/>\n<meta property=\"og:site_name\" content=\"Alpenglow Dental\" \/>\n<meta property=\"article:publisher\" content=\"https:\/\/www.facebook.com\/Alpenglow-Dental-202717733081358\/\" \/>\n<meta property=\"article:modified_time\" content=\"2019-03-12T08:22:24+00:00\" \/>\n<meta property=\"og:image\" content=\"https:\/\/alpenglowdentists.com\/wp-content\/uploads\/2019\/03\/benzon.jpg\" \/>\n\t<meta property=\"og:image:width\" content=\"300\" \/>\n\t<meta property=\"og:image:height\" content=\"200\" \/>\n\t<meta property=\"og:image:type\" content=\"image\/jpeg\" \/>\n<meta name=\"twitter:card\" content=\"summary_large_image\" \/>\n<meta name=\"twitter:site\" content=\"@alpenglowdental\" \/>\n<meta name=\"twitter:label1\" content=\"Tiempo de lectura\" \/>\n\t<meta name=\"twitter:data1\" content=\"4 minutos\" \/>\n<script type=\"application\/ld+json\" class=\"yoast-schema-graph\">{\"@context\":\"https:\\\/\\\/schema.org\",\"@graph\":[{\"@type\":\"WebPage\",\"@id\":\"https:\\\/\\\/alpenglowdentists.com\\\/es\\\/ubicaciones\\\/salt-lake-city-dentista\\\/\",\"url\":\"https:\\\/\\\/alpenglowdentists.com\\\/es\\\/ubicaciones\\\/salt-lake-city-dentista\\\/\",\"name\":\"Alpenglow Dental | Salt Lake City, UT | Dentista Salt Lake City Utah\",\"isPartOf\":{\"@id\":\"https:\\\/\\\/alpenglowdentists.com\\\/#website\"},\"primaryImageOfPage\":{\"@id\":\"https:\\\/\\\/alpenglowdentists.com\\\/es\\\/ubicaciones\\\/salt-lake-city-dentista\\\/#primaryimage\"},\"image\":{\"@id\":\"https:\\\/\\\/alpenglowdentists.com\\\/es\\\/ubicaciones\\\/salt-lake-city-dentista\\\/#primaryimage\"},\"thumbnailUrl\":\"https:\\\/\\\/alpenglowdentists.com\\\/wp-content\\\/uploads\\\/2019\\\/03\\\/benzon-300x200.jpg\",\"datePublished\":\"2019-03-12T08:21:02+00:00\",\"dateModified\":\"2019-03-12T08:22:24+00:00\",\"description\":\"Alpenglow Dental ofrece los mejores dentistas en Salt Lake City. Ya sea una emergencia o un chequeo regular, llame hoy al (801) 883-9177.\",\"breadcrumb\":{\"@id\":\"https:\\\/\\\/alpenglowdentists.com\\\/es\\\/ubicaciones\\\/salt-lake-city-dentista\\\/#breadcrumb\"},\"inLanguage\":\"es\",\"potentialAction\":[{\"@type\":\"ReadAction\",\"target\":[\"https:\\\/\\\/alpenglowdentists.com\\\/es\\\/ubicaciones\\\/salt-lake-city-dentista\\\/\"]}]},{\"@type\":\"ImageObject\",\"inLanguage\":\"es\",\"@id\":\"https:\\\/\\\/alpenglowdentists.com\\\/es\\\/ubicaciones\\\/salt-lake-city-dentista\\\/#primaryimage\",\"url\":\"https:\\\/\\\/alpenglowdentists.com\\\/wp-content\\\/uploads\\\/2019\\\/03\\\/benzon-300x200.jpg\",\"contentUrl\":\"https:\\\/\\\/alpenglowdentists.com\\\/wp-content\\\/uploads\\\/2019\\\/03\\\/benzon-300x200.jpg\"},{\"@type\":\"BreadcrumbList\",\"@id\":\"https:\\\/\\\/alpenglowdentists.com\\\/es\\\/ubicaciones\\\/salt-lake-city-dentista\\\/#breadcrumb\",\"itemListElement\":[{\"@type\":\"ListItem\",\"position\":1,\"name\":\"Home\",\"item\":\"https:\\\/\\\/alpenglowdentists.com\\\/es\\\/nueva-pagina-de-inicio\\\/\"},{\"@type\":\"ListItem\",\"position\":2,\"name\":\"Ubicaciones\",\"item\":\"https:\\\/\\\/alpenglowdentists.com\\\/es\\\/ubicaciones\\\/\"},{\"@type\":\"ListItem\",\"position\":3,\"name\":\"Salt Lake City &#8211; Dentista\"}]},{\"@type\":\"WebSite\",\"@id\":\"https:\\\/\\\/alpenglowdentists.com\\\/#website\",\"url\":\"https:\\\/\\\/alpenglowdentists.com\\\/\",\"name\":\"Alpenglow Dental\",\"description\":\"Just another firstpageimpactsites.com Sites site\",\"publisher\":{\"@id\":\"https:\\\/\\\/alpenglowdentists.com\\\/#organization\"},\"potentialAction\":[{\"@type\":\"SearchAction\",\"target\":{\"@type\":\"EntryPoint\",\"urlTemplate\":\"https:\\\/\\\/alpenglowdentists.com\\\/?s={search_term_string}\"},\"query-input\":{\"@type\":\"PropertyValueSpecification\",\"valueRequired\":true,\"valueName\":\"search_term_string\"}}],\"inLanguage\":\"es\"},{\"@type\":\"Organization\",\"@id\":\"https:\\\/\\\/alpenglowdentists.com\\\/#organization\",\"name\":\"Alpenglow Dental\",\"url\":\"https:\\\/\\\/alpenglowdentists.com\\\/\",\"logo\":{\"@type\":\"ImageObject\",\"inLanguage\":\"es\",\"@id\":\"https:\\\/\\\/alpenglowdentists.com\\\/#\\\/schema\\\/logo\\\/image\\\/\",\"url\":\"https:\\\/\\\/alpenglowdentists.com\\\/wp-content\\\/uploads\\\/2018\\\/08\\\/ad-logo.jpg\",\"contentUrl\":\"https:\\\/\\\/alpenglowdentists.com\\\/wp-content\\\/uploads\\\/2018\\\/08\\\/ad-logo.jpg\",\"width\":\"2547\",\"height\":\"448\",\"caption\":\"Alpenglow Dental\"},\"image\":{\"@id\":\"https:\\\/\\\/alpenglowdentists.com\\\/#\\\/schema\\\/logo\\\/image\\\/\"},\"sameAs\":[\"https:\\\/\\\/www.facebook.com\\\/Alpenglow-Dental-202717733081358\\\/\",\"https:\\\/\\\/x.com\\\/alpenglowdental\"]}]}<\/script>\n<!-- \/ Yoast SEO plugin. -->","yoast_head_json":{"title":"Alpenglow Dental | Salt Lake City, UT | Dentista Salt Lake City Utah","description":"Alpenglow Dental ofrece los mejores dentistas en Salt Lake City. Ya sea una emergencia o un chequeo regular, llame hoy al (801) 883-9177.","robots":{"index":"index","follow":"follow","max-snippet":"max-snippet:-1","max-image-preview":"max-image-preview:large","max-video-preview":"max-video-preview:-1"},"canonical":"https:\/\/alpenglowdentists.com\/es\/ubicaciones\/salt-lake-city-dentista\/","og_locale":"es_ES","og_type":"article","og_title":"Alpenglow Dental | Salt Lake City, UT | Dentista Salt Lake City Utah","og_description":"Alpenglow Dental ofrece los mejores dentistas en Salt Lake City. Ya sea una emergencia o un chequeo regular, llame hoy al (801) 883-9177.","og_url":"https:\/\/alpenglowdentists.com\/es\/ubicaciones\/salt-lake-city-dentista\/","og_site_name":"Alpenglow Dental","article_publisher":"https:\/\/www.facebook.com\/Alpenglow-Dental-202717733081358\/","article_modified_time":"2019-03-12T08:22:24+00:00","og_image":[{"width":300,"height":200,"url":"https:\/\/alpenglowdentists.com\/wp-content\/uploads\/2019\/03\/benzon.jpg","type":"image\/jpeg"}],"twitter_card":"summary_large_image","twitter_site":"@alpenglowdental","twitter_misc":{"Tiempo de lectura":"4 minutos"},"schema":{"@context":"https:\/\/schema.org","@graph":[{"@type":"WebPage","@id":"https:\/\/alpenglowdentists.com\/es\/ubicaciones\/salt-lake-city-dentista\/","url":"https:\/\/alpenglowdentists.com\/es\/ubicaciones\/salt-lake-city-dentista\/","name":"Alpenglow Dental | Salt Lake City, UT | Dentista Salt Lake City Utah","isPartOf":{"@id":"https:\/\/alpenglowdentists.com\/#website"},"primaryImageOfPage":{"@id":"https:\/\/alpenglowdentists.com\/es\/ubicaciones\/salt-lake-city-dentista\/#primaryimage"},"image":{"@id":"https:\/\/alpenglowdentists.com\/es\/ubicaciones\/salt-lake-city-dentista\/#primaryimage"},"thumbnailUrl":"https:\/\/alpenglowdentists.com\/wp-content\/uploads\/2019\/03\/benzon-300x200.jpg","datePublished":"2019-03-12T08:21:02+00:00","dateModified":"2019-03-12T08:22:24+00:00","description":"Alpenglow Dental ofrece los mejores dentistas en Salt Lake City. Ya sea una emergencia o un chequeo regular, llame hoy al (801) 883-9177.","breadcrumb":{"@id":"https:\/\/alpenglowdentists.com\/es\/ubicaciones\/salt-lake-city-dentista\/#breadcrumb"},"inLanguage":"es","potentialAction":[{"@type":"ReadAction","target":["https:\/\/alpenglowdentists.com\/es\/ubicaciones\/salt-lake-city-dentista\/"]}]},{"@type":"ImageObject","inLanguage":"es","@id":"https:\/\/alpenglowdentists.com\/es\/ubicaciones\/salt-lake-city-dentista\/#primaryimage","url":"https:\/\/alpenglowdentists.com\/wp-content\/uploads\/2019\/03\/benzon-300x200.jpg","contentUrl":"https:\/\/alpenglowdentists.com\/wp-content\/uploads\/2019\/03\/benzon-300x200.jpg"},{"@type":"BreadcrumbList","@id":"https:\/\/alpenglowdentists.com\/es\/ubicaciones\/salt-lake-city-dentista\/#breadcrumb","itemListElement":[{"@type":"ListItem","position":1,"name":"Home","item":"https:\/\/alpenglowdentists.com\/es\/nueva-pagina-de-inicio\/"},{"@type":"ListItem","position":2,"name":"Ubicaciones","item":"https:\/\/alpenglowdentists.com\/es\/ubicaciones\/"},{"@type":"ListItem","position":3,"name":"Salt Lake City &#8211; Dentista"}]},{"@type":"WebSite","@id":"https:\/\/alpenglowdentists.com\/#website","url":"https:\/\/alpenglowdentists.com\/","name":"Alpenglow Dental","description":"Just another firstpageimpactsites.com Sites site","publisher":{"@id":"https:\/\/alpenglowdentists.com\/#organization"},"potentialAction":[{"@type":"SearchAction","target":{"@type":"EntryPoint","urlTemplate":"https:\/\/alpenglowdentists.com\/?s={search_term_string}"},"query-input":{"@type":"PropertyValueSpecification","valueRequired":true,"valueName":"search_term_string"}}],"inLanguage":"es"},{"@type":"Organization","@id":"https:\/\/alpenglowdentists.com\/#organization","name":"Alpenglow Dental","url":"https:\/\/alpenglowdentists.com\/","logo":{"@type":"ImageObject","inLanguage":"es","@id":"https:\/\/alpenglowdentists.com\/#\/schema\/logo\/image\/","url":"https:\/\/alpenglowdentists.com\/wp-content\/uploads\/2018\/08\/ad-logo.jpg","contentUrl":"https:\/\/alpenglowdentists.com\/wp-content\/uploads\/2018\/08\/ad-logo.jpg","width":"2547","height":"448","caption":"Alpenglow Dental"},"image":{"@id":"https:\/\/alpenglowdentists.com\/#\/schema\/logo\/image\/"},"sameAs":["https:\/\/www.facebook.com\/Alpenglow-Dental-202717733081358\/","https:\/\/x.com\/alpenglowdental"]}]}},"jetpack_sharing_enabled":true,"_links":{"self":[{"href":"https:\/\/alpenglowdentists.com\/es\/wp-json\/wp\/v2\/pages\/1971","targetHints":{"allow":["GET"]}}],"collection":[{"href":"https:\/\/alpenglowdentists.com\/es\/wp-json\/wp\/v2\/pages"}],"about":[{"href":"https:\/\/alpenglowdentists.com\/es\/wp-json\/wp\/v2\/types\/page"}],"author":[{"embeddable":true,"href":"https:\/\/alpenglowdentists.com\/es\/wp-json\/wp\/v2\/users\/75"}],"replies":[{"embeddable":true,"href":"https:\/\/alpenglowdentists.com\/es\/wp-json\/wp\/v2\/comments?post=1971"}],"version-history":[{"count":0,"href":"https:\/\/alpenglowdentists.com\/es\/wp-json\/wp\/v2\/pages\/1971\/revisions"}],"up":[{"embeddable":true,"href":"https:\/\/alpenglowdentists.com\/es\/wp-json\/wp\/v2\/pages\/1949"}],"wp:attachment":[{"href":"https:\/\/alpenglowdentists.com\/es\/wp-json\/wp\/v2\/media?parent=1971"}],"curies":[{"name":"wp","href":"https:\/\/api.w.org\/{rel}","templated":true}]}}