{"id":1979,"date":"2019-03-12T08:35:35","date_gmt":"2019-03-12T08:35:35","guid":{"rendered":"https:\/\/alpenglowdentists.com\/ubicaciones\/saratoga-springs-dentista\/"},"modified":"2019-03-12T08:36:43","modified_gmt":"2019-03-12T08:36:43","slug":"saratoga-springs-dentista","status":"publish","type":"page","link":"https:\/\/alpenglowdentists.com\/es\/ubicaciones\/saratoga-springs-dentista\/","title":{"rendered":"Saratoga Springs &#8211; Dentista"},"content":{"rendered":"<div class=\"wpb-content-wrapper\"><p>[vc_row el_class=\u00bblp_content\u00bb][vc_column][vc_column_text]<\/p>\n<h2><a href=\"https:\/\/maps.google.com\/maps?ll=40.391365,-111.915253&amp;z=16&amp;t=m&amp;hl=en-US&amp;gl=US&amp;mapclient=embed&amp;cid=15416759624848351338\">Saratoga Springs<\/a><\/h2>\n<p><a class=\"contact_details\" href=\"tel:8016142464\">(801) 614-2464 <label>Haz clic para llamar<\/label><\/a>[\/vc_column_text][vc_row_inner][vc_column_inner width=\u00bb1\/2&#8243;][vc_single_image image=\u00bb1870&#8243; img_size=\u00bbfull\u00bb alignment=\u00bbcenter\u00bb][\/vc_column_inner][vc_column_inner width=\u00bb1\/2&#8243;][vc_single_image image=\u00bb1871&#8243; img_size=\u00bbfull\u00bb alignment=\u00bbcenter\u00bb][\/vc_column_inner][\/vc_row_inner][vc_column_text el_class=\u00bbcontent_leftformat\u00bb]<\/p>\n<h3>Alpenglow Saratoga Springs Dentist Office<\/h3>\n<p>1528 N Commerce Dr. # 202 Saratoga Springs, UT 84045<\/p>\n<p>El condado de Utah es una zona preciosa, con vistas panor\u00e1micas de la cordillera de Wasatch y el lago Utah. La ciudad tiene mucho que ofrecer, y nos complace estar ubicados aqu\u00ed. En Alpenglow, nos complace ofrecerle la mejor calidad de atenci\u00f3n dental en Saratoga Springs.<\/p>\n<p>Lo ha escuchado mil veces antes de lo que se supone que debe ver a su dentista dos veces en un a\u00f1o, pero \u00bftiene que hacerlo? Si te sientes bella y parece que no hay ning\u00fan problema con tus enc\u00edas o dientes, a veces te preguntas por qu\u00e9 te molestar\u00edas en ver a tu dentista. \u00bfTienes que ir y hacerle una visita de rutina? \u00bfPor qu\u00e9?<\/p>\n<p>La respuesta a esta pregunta es muy simple porque el cuidado dental preventivo es crucial para su salud oral en general.<\/p>\n<p><a href=\"https:\/\/alpenglowdentists.com\/wp-content\/uploads\/2015\/04\/Dollarphotoclub_606511651.jpg\"> <img decoding=\"async\" class=\"alignleft wp-image-818 size-medium\" src=\"https:\/\/alpenglowdentists.com\/wp-content\/uploads\/2015\/04\/Dollarphotoclub_606511651-300x200.jpg\" alt=\" Dentista de Utah \" width=\" 300 \" height=\" 200 \" srcset=\"https:\/\/alpenglowdentists.com\/wp-content\/uploads\/2015\/04\/Dollarphotoclub_606511651-300x200.jpg 300w, https:\/\/alpenglowdentists.com\/wp-content\/uploads\/2015\/04\/Dollarphotoclub_606511651-768x512.jpg 768w, https:\/\/alpenglowdentists.com\/wp-content\/uploads\/2015\/04\/Dollarphotoclub_606511651-1024x683.jpg 1024w\" sizes=\"(max-width: 300px) 100vw, 300px\" \/> <\/a> Cuando somos j\u00f3venes, tomamos pr\u00e1cticamente todo por sentado, y eso incluye nuestra salud dental. Si bien parece una excelente idea omitir las visitas al dentista para ahorrar costos o simplemente ahorrarse la molestia, hacerlo puede tener sus repercusiones. Puede que no los veas ahora, pero eventualmente, a medida que llegue el futuro cercano, lo har\u00e1s.<\/p>\n<p>Probablemente pueda salirse con la suya con una visita dental hoy. Sin embargo, si lo hace, es posible que se pierda algo que es mucho m\u00e1s importante que su preocupaci\u00f3n por el dinero o el esfuerzo que se dirige a la oficina del dentista. Su dentista probablemente podr\u00eda haber descubierto una anomal\u00eda en sus dientes, enc\u00edas o boca si solo pasara una hora de su d\u00eda en su consultorio.<\/p>\n<p>Pero \u00bfpor qu\u00e9 visitarlo dos veces al a\u00f1o? Las visitas al dentista son m\u00e1s frecuentes que al consultorio del m\u00e9dico (las visitas al m\u00e9dico son una vez al a\u00f1o) ya que hay mucho mantenimiento que hacer. Para asegurarse de que sus dientes y enc\u00edas est\u00e9n en la mejor forma.<\/p>\n<p><strong> 2 razones por las que deber\u00eda ver a su dentista regularmente <\/strong><\/p>\n<p>En resumen, hay dos razones simples por las que debe visitar a su dentista al menos dos veces al a\u00f1o: enfermedad de las enc\u00edas y caries.<\/p>\n<p>A medida que su boca acumula placa y sarro, causa problemas de enc\u00edas de manera silenciosa y subrepticia. Estos elementos que causan cavidades, si no se eliminan, se filtrar\u00e1n en los tejidos de las enc\u00edas que gradualmente disolver\u00e1n los huesos debajo de ellos.<\/p>\n<p>Si no ha escuchado, la enfermedad de las enc\u00edas y la enfermedad card\u00edaca est\u00e1n estrechamente relacionadas. Las bacterias en sus enc\u00edas terminar\u00e1n en el torrente sangu\u00edneo y se transportar\u00e1n al coraz\u00f3n. Con el tiempo, aumentar\u00e1 su riesgo de trastornos cardiovasculares.<\/p>\n<p>La caries dental, por otro lado, puede causar mucho dolor y sufrimiento por tu parte. Tambi\u00e9n existe el peligro de perder sus dientes. Si bien la acumulaci\u00f3n de la cavidad se puede manejar con el cepillado y el uso del hilo dental, una masiva puede crear problemas dentales complejos.<\/p>\n<p>Es posible que no note algunos de estos problemas dentales ahora, pero dentro de unos a\u00f1os, puede encontrarse con algunos problemas serios; Por lo tanto, la necesidad de visitar a su dentista regularmente. Si est\u00e1 buscando un dentista compasivo de Saratoga Springs, p\u00f3ngase en contacto con Alpenglow Dental.<\/p>\n<p><strong> Amistoso y amable dentista de Saratoga Springs <\/strong><\/p>\n<p>Las visitas anuales son vitales para su salud bucal en general. Cuando necesite atenci\u00f3n altamente atenta por parte de un amable y amable dentista de Saratoga Springs, venga a Alpenglow Dental. Con mucho gusto le ayudaremos con sus necesidades de atenci\u00f3n dental.<\/p>\n<p>En Alpenglow Dental, nuestro dentista de Saratoga Springs se tomar\u00e1 el tiempo de escuchar sus problemas actuales. Si\u00e9ntete libre de mencionar cualquier cosa que te est\u00e9 molestando. Puede confiar en nosotros para encontrar soluciones viables y eficientes para recuperar la salud y la belleza de su sonrisa.<\/p>\n<p>Entendemos que hay ocasiones en que no le gusta visitar al dentista. Puede ser por miedo o ansiedad, o puede ser debido a la sensaci\u00f3n \u00abhostil\u00bb de la oficina del dentista.<\/p>\n<p>En Alpenglow Dental, nos aseguraremos de que est\u00e9 relajado y c\u00f3modo durante su estad\u00eda con nosotros. Nuestro personal feliz y servicial atender\u00e1 sus inquietudes y se asegurar\u00e1 de que se sentir\u00e1 como en casa en el momento en que ingrese a nuestra oficina. Y puede confiar en que nuestro amable dentista de Saratoga Springs ser\u00e1 sensible y amable con sus necesidades.<\/p>\n<p>\u00a1Ll\u00e1menos hoy al <a href=\"tel:8016142464\"> 801-614-2464 <\/a> para programar una cita!<\/p>\n<h3>Nuestro equipo de Saratoga Springs<\/h3>\n<p>En Alpenglow, <a href=\"https:\/\/alpenglowdentists.com\/about-us\/\"> nuestro personal dedicado <\/a> trabaja arduamente para garantizar que tenga la mejor experiencia posible. Sabemos que la vida est\u00e1 ocupada y hacemos todo lo posible para satisfacer su horario.<\/p>\n<div id=\"attachment_23\" class=\"wp-caption alignleft\">\n<p><img loading=\"lazy\" decoding=\"async\" class=\"wp-image-23 size-full\" src=\"https:\/\/alpenglowdentists.com\/wp-content\/uploads\/2012\/01\/drfaerber21.jpg\" alt=\"dentist-in-saratoga-springs\" width=\"176\" height=\"180\" \/><\/p>\n<p class=\"wp-caption-text\"><strong>Dr. Faerber<\/strong><\/p>\n<\/div>\n<p>El Dr. Faerber es uno de nuestros dentistas de Saratoga Springs. \u00c9l disfruta verificando las \u00faltimas ofertas en el Consejo de Arte de Saratoga Springs cuando no est\u00e1 cuidando a sus pacientes. Le encantan las actividades culturales que se ofrecen en toda la zona y es un entusiasta de las artes esc\u00e9nicas.<\/p>\n<div style=\"clear: both;\"><\/div>\n<h3>Nuestros servicios<\/h3>\n<p>Nos tomamos el tiempo para trabajar con usted para encontrar un plan de atenci\u00f3n dental que satisfaga sus necesidades. Tambi\u00e9n queremos asegurarnos de que se sienta c\u00f3modo durante su experiencia con nosotros. Ofrecemos <a href=\"https:\/\/alpenglowdentists.com\/services\/\"> varios servicios diferentes <\/a> en nuestra oficina de Saratoga Springs, que incluyen:<\/p>\n<ul>\n<li>Atenci\u00f3n de emergencia: sabemos que los accidentes no siempre ocurren durante el horario comercial. Si tiene una emergencia dental, estamos aqu\u00ed con horario extendido para ayudarlo a sentirse mejor lo m\u00e1s r\u00e1pido posible. Es importante para nosotros que sepa que tiene a alguien all\u00ed para ayudar durante una emergencia.<\/li>\n<li>Atenci\u00f3n preventiva: con limpiezas y ex\u00e1menes regulares, podr\u00e1 cuidar mejor su salud dental. El cuidado preventivo con Alpenglow ayuda a evitar emergencias dentales y mantiene sus dientes hermosos.<\/li>\n<li>Reparaci\u00f3n y restauraci\u00f3n: ya sea que necesite una corona, un puente o un implante, los m\u00e9dicos de nuestra oficina de Saratoga Springs son expertos en estos campos. Con los dentistas que trabajan con usted para crear un plan de salud dental, estar\u00e1 feliz y c\u00f3modo.<\/li>\n<li>Odontolog\u00eda est\u00e9tica: obt\u00e9n la hermosa sonrisa que siempre has querido. Hablaremos con usted acerca de las formas en que podemos embellecer sus dientes, ya sea alisarse, aclarar u otros procedimientos. Nos especializamos en ortodoncia invisible y carillas para hacer que su sonrisa se vea incre\u00edble.<\/li>\n<\/ul>\n<h3>5 razones por las que amamos Saratoga Springs<\/h3>\n<p>Con tantas cosas hermosas para ver y hacer en Saratoga Springs, no es de extra\u00f1ar que esta sea una de nuestras ciudades favoritas en el estado. Aqu\u00ed est\u00e1n nuestras cinco cosas favoritas sobre Saratoga Springs:<\/p>\n<ul>\n<li>La recreaci\u00f3n: si est\u00e1s buscando una raz\u00f3n para salir, no tienes que mirar muy lejos. <a href=\"http:\/\/utahlake.gov\/\"> Utah Lake <\/a> ofrece pesca, navegaci\u00f3n y recreaci\u00f3n incre\u00edbles. Estar cerca de este hermoso lugar recreativo es una gran oportunidad.<\/li>\n<li>Gente amigable: Amamos a la comunidad de Saratoga Springs. La gente es muy amigable y nos sentimos afortunados de tenerlos como nuestros pacientes.<\/li>\n<li>Ofertas culturales: nuestros vecinos en toda la ciudad tienen un talento excepcional. Siempre hay algo nuevo y emocionante para explorar. Desde baile hasta m\u00fasica e incluso teatro, el <a href=\"http:\/\/www.saratogaspringscity.com\/index.asp?SEC=F141183F-8734-4128-BB86-AC3EFD38987B\"> Arts Council <\/a> ofrece a los residentes y visitantes una variedad de opciones educativas.<\/li>\n<li>Esp\u00edritu comunitario: Una de las mejores cosas de Saratoga Springs es que las personas siempre est\u00e1n dispuestas a unirse. Los voluntarios est\u00e1n listos durante las emergencias en toda la comunidad. Una de las organizaciones comunitarias que amamos es el Centro de Alfabetizaci\u00f3n, que brinda sus servicios debido al compromiso de los residentes.<\/li>\n<li>Saratoga Splash: todos los veranos, la ciudad alberga el Saratoga Splash anual. El evento incluye un concurso de beb\u00e9s, un desfile, una carrera de 5 km, un concierto y fuegos artificiales.<\/li>\n<\/ul>\n<p>En Alpenglow Dental Offices, trabajamos para servir a toda su familia. Nuestro amable personal y los dentistas de Saratoga Springs se esfuerzan por hacer que te sientas feliz y c\u00f3modo cuando est\u00e9s en nuestra oficina.<\/p>\n<p>Debido a nuestra ubicaci\u00f3n conveniente y horarios de oficina flexibles, nos enorgullecemos de la atenci\u00f3n al paciente para hacer un seguimiento de sus controles y reparaciones regulares, incluido el hecho de estar disponible para usted en momentos de emergencia. Nuestro dentista en Saratoga Springs se compromete a garantizar la salud de usted y su familia. Ll\u00e1menos hoy para programar una cita: <a href=\"tel:8016142464\"> (801) 614-2464 <\/a>.[\/vc_column_text][\/vc_column][\/vc_row]<\/p>\n<\/div>","protected":false},"excerpt":{"rendered":"<p>[vc_row el_class=\u00bblp_content\u00bb][vc_column][vc_column_text] Saratoga Springs (801) 614-2464 Haz clic para llamar[\/vc_column_text][vc_row_inner][vc_column_inner width=\u00bb1\/2&#8243;][vc_single_image image=\u00bb1870&#8243; img_size=\u00bbfull\u00bb alignment=\u00bbcenter\u00bb][\/vc_column_inner][vc_column_inner width=\u00bb1\/2&#8243;][vc_single_image image=\u00bb1871&#8243; img_size=\u00bbfull\u00bb alignment=\u00bbcenter\u00bb][\/vc_column_inner][\/vc_row_inner][vc_column_text el_class=\u00bbcontent_leftformat\u00bb] Alpenglow Saratoga Springs Dentist Office 1528 N Commerce Dr. # 202 Saratoga Springs, UT 84045 El condado de Utah es una zona preciosa, con vistas panor\u00e1micas de la cordillera de Wasatch y el lago Utah. La ciudad tiene mucho que ofrecer, y nos complace estar ubicados aqu\u00ed. En Alpenglow, nos complace ofrecerle la mejor calidad de atenci\u00f3n dental en Saratoga Springs. Lo ha escuchado mil veces antes de lo que se supone que debe ver a su dentista dos veces en un a\u00f1o, pero \u00bftiene que hacerlo? Si te sientes bella y parece que no hay ning\u00fan problema con tus enc\u00edas o dientes, a veces te preguntas por qu\u00e9 te molestar\u00edas en ver a tu dentista. \u00bfTienes que ir y hacerle una visita de rutina? \u00bfPor qu\u00e9? La respuesta a esta pregunta es muy simple porque el cuidado dental preventivo es crucial para su salud oral en general. Cuando somos j\u00f3venes, tomamos pr\u00e1cticamente todo por sentado, y eso incluye nuestra salud dental. Si bien parece una excelente idea omitir las visitas al dentista para ahorrar costos o simplemente ahorrarse la molestia,<\/p>\n<a href=\"https:\/\/alpenglowdentists.com\/es\/ubicaciones\/saratoga-springs-dentista\/\" class=\"readmore\">Read more<\/a>","protected":false},"author":75,"featured_media":0,"parent":1949,"menu_order":0,"comment_status":"closed","ping_status":"closed","template":"landingpage.php","meta":{"_acf_changed":false,"footnotes":""},"class_list":["post-1979","page","type-page","status-publish","hentry"],"acf":[],"yoast_head":"<!-- This site is optimized with the Yoast SEO plugin v27.2 - https:\/\/yoast.com\/product\/yoast-seo-wordpress\/ -->\n<title>Alpenglow Dental | Saratoga Springs, Utah | Dentistas Saratoga Springs<\/title>\n<meta name=\"description\" content=\"Alpenglow Dental tiene los mejores dentistas en Saratoga Springs. Ya sea una emergencia o un chequeo regular, ll\u00e1menos hoy (801) 768-4600.\" \/>\n<meta name=\"robots\" content=\"index, follow, max-snippet:-1, max-image-preview:large, max-video-preview:-1\" \/>\n<link rel=\"canonical\" href=\"https:\/\/alpenglowdentists.com\/es\/ubicaciones\/saratoga-springs-dentista\/\" \/>\n<meta property=\"og:locale\" content=\"es_ES\" \/>\n<meta property=\"og:type\" content=\"article\" \/>\n<meta property=\"og:title\" content=\"Alpenglow Dental | Saratoga Springs, Utah | Dentistas Saratoga Springs\" \/>\n<meta property=\"og:description\" content=\"Alpenglow Dental tiene los mejores dentistas en Saratoga Springs. Ya sea una emergencia o un chequeo regular, ll\u00e1menos hoy (801) 768-4600.\" \/>\n<meta property=\"og:url\" content=\"https:\/\/alpenglowdentists.com\/es\/ubicaciones\/saratoga-springs-dentista\/\" \/>\n<meta property=\"og:site_name\" content=\"Alpenglow Dental\" \/>\n<meta property=\"article:publisher\" content=\"https:\/\/www.facebook.com\/Alpenglow-Dental-202717733081358\/\" \/>\n<meta property=\"article:modified_time\" content=\"2019-03-12T08:36:43+00:00\" \/>\n<meta property=\"og:image\" content=\"https:\/\/alpenglowdentists.com\/wp-content\/uploads\/2015\/04\/Dollarphotoclub_606511651-1024x683.jpg\" \/>\n\t<meta property=\"og:image:width\" content=\"1024\" \/>\n\t<meta property=\"og:image:height\" content=\"683\" \/>\n\t<meta property=\"og:image:type\" content=\"image\/jpeg\" \/>\n<meta name=\"twitter:card\" content=\"summary_large_image\" \/>\n<meta name=\"twitter:site\" content=\"@alpenglowdental\" \/>\n<meta name=\"twitter:label1\" content=\"Tiempo de lectura\" \/>\n\t<meta name=\"twitter:data1\" content=\"8 minutos\" \/>\n<script type=\"application\/ld+json\" class=\"yoast-schema-graph\">{\"@context\":\"https:\/\/schema.org\",\"@graph\":[{\"@type\":\"WebPage\",\"@id\":\"https:\/\/alpenglowdentists.com\/es\/ubicaciones\/saratoga-springs-dentista\/\",\"url\":\"https:\/\/alpenglowdentists.com\/es\/ubicaciones\/saratoga-springs-dentista\/\",\"name\":\"Alpenglow Dental | Saratoga Springs, Utah | Dentistas Saratoga Springs\",\"isPartOf\":{\"@id\":\"https:\/\/alpenglowdentists.com\/#website\"},\"primaryImageOfPage\":{\"@id\":\"https:\/\/alpenglowdentists.com\/es\/ubicaciones\/saratoga-springs-dentista\/#primaryimage\"},\"image\":{\"@id\":\"https:\/\/alpenglowdentists.com\/es\/ubicaciones\/saratoga-springs-dentista\/#primaryimage\"},\"thumbnailUrl\":\"https:\/\/alpenglowdentists.com\/wp-content\/uploads\/2015\/04\/Dollarphotoclub_606511651-300x200.jpg\",\"datePublished\":\"2019-03-12T08:35:35+00:00\",\"dateModified\":\"2019-03-12T08:36:43+00:00\",\"description\":\"Alpenglow Dental tiene los mejores dentistas en Saratoga Springs. Ya sea una emergencia o un chequeo regular, ll\u00e1menos hoy (801) 768-4600.\",\"breadcrumb\":{\"@id\":\"https:\/\/alpenglowdentists.com\/es\/ubicaciones\/saratoga-springs-dentista\/#breadcrumb\"},\"inLanguage\":\"es\",\"potentialAction\":[{\"@type\":\"ReadAction\",\"target\":[\"https:\/\/alpenglowdentists.com\/es\/ubicaciones\/saratoga-springs-dentista\/\"]}]},{\"@type\":\"ImageObject\",\"inLanguage\":\"es\",\"@id\":\"https:\/\/alpenglowdentists.com\/es\/ubicaciones\/saratoga-springs-dentista\/#primaryimage\",\"url\":\"https:\/\/alpenglowdentists.com\/wp-content\/uploads\/2015\/04\/Dollarphotoclub_606511651-300x200.jpg\",\"contentUrl\":\"https:\/\/alpenglowdentists.com\/wp-content\/uploads\/2015\/04\/Dollarphotoclub_606511651-300x200.jpg\"},{\"@type\":\"BreadcrumbList\",\"@id\":\"https:\/\/alpenglowdentists.com\/es\/ubicaciones\/saratoga-springs-dentista\/#breadcrumb\",\"itemListElement\":[{\"@type\":\"ListItem\",\"position\":1,\"name\":\"Home\",\"item\":\"https:\/\/alpenglowdentists.com\/es\/nueva-pagina-de-inicio\/\"},{\"@type\":\"ListItem\",\"position\":2,\"name\":\"Ubicaciones\",\"item\":\"https:\/\/alpenglowdentists.com\/es\/ubicaciones\/\"},{\"@type\":\"ListItem\",\"position\":3,\"name\":\"Saratoga Springs &#8211; Dentista\"}]},{\"@type\":\"WebSite\",\"@id\":\"https:\/\/alpenglowdentists.com\/#website\",\"url\":\"https:\/\/alpenglowdentists.com\/\",\"name\":\"Alpenglow Dental\",\"description\":\"Just another firstpageimpactsites.com Sites site\",\"publisher\":{\"@id\":\"https:\/\/alpenglowdentists.com\/#organization\"},\"potentialAction\":[{\"@type\":\"SearchAction\",\"target\":{\"@type\":\"EntryPoint\",\"urlTemplate\":\"https:\/\/alpenglowdentists.com\/?s={search_term_string}\"},\"query-input\":{\"@type\":\"PropertyValueSpecification\",\"valueRequired\":true,\"valueName\":\"search_term_string\"}}],\"inLanguage\":\"es\"},{\"@type\":\"Organization\",\"@id\":\"https:\/\/alpenglowdentists.com\/#organization\",\"name\":\"Alpenglow Dental\",\"url\":\"https:\/\/alpenglowdentists.com\/\",\"logo\":{\"@type\":\"ImageObject\",\"inLanguage\":\"es\",\"@id\":\"https:\/\/alpenglowdentists.com\/#\/schema\/logo\/image\/\",\"url\":\"https:\/\/alpenglowdentists.com\/wp-content\/uploads\/2018\/08\/ad-logo.jpg\",\"contentUrl\":\"https:\/\/alpenglowdentists.com\/wp-content\/uploads\/2018\/08\/ad-logo.jpg\",\"width\":\"2547\",\"height\":\"448\",\"caption\":\"Alpenglow Dental\"},\"image\":{\"@id\":\"https:\/\/alpenglowdentists.com\/#\/schema\/logo\/image\/\"},\"sameAs\":[\"https:\/\/www.facebook.com\/Alpenglow-Dental-202717733081358\/\",\"https:\/\/x.com\/alpenglowdental\"]}]}<\/script>\n<!-- \/ Yoast SEO plugin. -->","yoast_head_json":{"title":"Alpenglow Dental | Saratoga Springs, Utah | Dentistas Saratoga Springs","description":"Alpenglow Dental tiene los mejores dentistas en Saratoga Springs. Ya sea una emergencia o un chequeo regular, ll\u00e1menos hoy (801) 768-4600.","robots":{"index":"index","follow":"follow","max-snippet":"max-snippet:-1","max-image-preview":"max-image-preview:large","max-video-preview":"max-video-preview:-1"},"canonical":"https:\/\/alpenglowdentists.com\/es\/ubicaciones\/saratoga-springs-dentista\/","og_locale":"es_ES","og_type":"article","og_title":"Alpenglow Dental | Saratoga Springs, Utah | Dentistas Saratoga Springs","og_description":"Alpenglow Dental tiene los mejores dentistas en Saratoga Springs. Ya sea una emergencia o un chequeo regular, ll\u00e1menos hoy (801) 768-4600.","og_url":"https:\/\/alpenglowdentists.com\/es\/ubicaciones\/saratoga-springs-dentista\/","og_site_name":"Alpenglow Dental","article_publisher":"https:\/\/www.facebook.com\/Alpenglow-Dental-202717733081358\/","article_modified_time":"2019-03-12T08:36:43+00:00","og_image":[{"width":1024,"height":683,"url":"https:\/\/alpenglowdentists.com\/wp-content\/uploads\/2015\/04\/Dollarphotoclub_606511651-1024x683.jpg","type":"image\/jpeg"}],"twitter_card":"summary_large_image","twitter_site":"@alpenglowdental","twitter_misc":{"Tiempo de lectura":"8 minutos"},"schema":{"@context":"https:\/\/schema.org","@graph":[{"@type":"WebPage","@id":"https:\/\/alpenglowdentists.com\/es\/ubicaciones\/saratoga-springs-dentista\/","url":"https:\/\/alpenglowdentists.com\/es\/ubicaciones\/saratoga-springs-dentista\/","name":"Alpenglow Dental | Saratoga Springs, Utah | Dentistas Saratoga Springs","isPartOf":{"@id":"https:\/\/alpenglowdentists.com\/#website"},"primaryImageOfPage":{"@id":"https:\/\/alpenglowdentists.com\/es\/ubicaciones\/saratoga-springs-dentista\/#primaryimage"},"image":{"@id":"https:\/\/alpenglowdentists.com\/es\/ubicaciones\/saratoga-springs-dentista\/#primaryimage"},"thumbnailUrl":"https:\/\/alpenglowdentists.com\/wp-content\/uploads\/2015\/04\/Dollarphotoclub_606511651-300x200.jpg","datePublished":"2019-03-12T08:35:35+00:00","dateModified":"2019-03-12T08:36:43+00:00","description":"Alpenglow Dental tiene los mejores dentistas en Saratoga Springs. Ya sea una emergencia o un chequeo regular, ll\u00e1menos hoy (801) 768-4600.","breadcrumb":{"@id":"https:\/\/alpenglowdentists.com\/es\/ubicaciones\/saratoga-springs-dentista\/#breadcrumb"},"inLanguage":"es","potentialAction":[{"@type":"ReadAction","target":["https:\/\/alpenglowdentists.com\/es\/ubicaciones\/saratoga-springs-dentista\/"]}]},{"@type":"ImageObject","inLanguage":"es","@id":"https:\/\/alpenglowdentists.com\/es\/ubicaciones\/saratoga-springs-dentista\/#primaryimage","url":"https:\/\/alpenglowdentists.com\/wp-content\/uploads\/2015\/04\/Dollarphotoclub_606511651-300x200.jpg","contentUrl":"https:\/\/alpenglowdentists.com\/wp-content\/uploads\/2015\/04\/Dollarphotoclub_606511651-300x200.jpg"},{"@type":"BreadcrumbList","@id":"https:\/\/alpenglowdentists.com\/es\/ubicaciones\/saratoga-springs-dentista\/#breadcrumb","itemListElement":[{"@type":"ListItem","position":1,"name":"Home","item":"https:\/\/alpenglowdentists.com\/es\/nueva-pagina-de-inicio\/"},{"@type":"ListItem","position":2,"name":"Ubicaciones","item":"https:\/\/alpenglowdentists.com\/es\/ubicaciones\/"},{"@type":"ListItem","position":3,"name":"Saratoga Springs &#8211; Dentista"}]},{"@type":"WebSite","@id":"https:\/\/alpenglowdentists.com\/#website","url":"https:\/\/alpenglowdentists.com\/","name":"Alpenglow Dental","description":"Just another firstpageimpactsites.com Sites site","publisher":{"@id":"https:\/\/alpenglowdentists.com\/#organization"},"potentialAction":[{"@type":"SearchAction","target":{"@type":"EntryPoint","urlTemplate":"https:\/\/alpenglowdentists.com\/?s={search_term_string}"},"query-input":{"@type":"PropertyValueSpecification","valueRequired":true,"valueName":"search_term_string"}}],"inLanguage":"es"},{"@type":"Organization","@id":"https:\/\/alpenglowdentists.com\/#organization","name":"Alpenglow Dental","url":"https:\/\/alpenglowdentists.com\/","logo":{"@type":"ImageObject","inLanguage":"es","@id":"https:\/\/alpenglowdentists.com\/#\/schema\/logo\/image\/","url":"https:\/\/alpenglowdentists.com\/wp-content\/uploads\/2018\/08\/ad-logo.jpg","contentUrl":"https:\/\/alpenglowdentists.com\/wp-content\/uploads\/2018\/08\/ad-logo.jpg","width":"2547","height":"448","caption":"Alpenglow Dental"},"image":{"@id":"https:\/\/alpenglowdentists.com\/#\/schema\/logo\/image\/"},"sameAs":["https:\/\/www.facebook.com\/Alpenglow-Dental-202717733081358\/","https:\/\/x.com\/alpenglowdental"]}]}},"jetpack_sharing_enabled":true,"_links":{"self":[{"href":"https:\/\/alpenglowdentists.com\/es\/wp-json\/wp\/v2\/pages\/1979","targetHints":{"allow":["GET"]}}],"collection":[{"href":"https:\/\/alpenglowdentists.com\/es\/wp-json\/wp\/v2\/pages"}],"about":[{"href":"https:\/\/alpenglowdentists.com\/es\/wp-json\/wp\/v2\/types\/page"}],"author":[{"embeddable":true,"href":"https:\/\/alpenglowdentists.com\/es\/wp-json\/wp\/v2\/users\/75"}],"replies":[{"embeddable":true,"href":"https:\/\/alpenglowdentists.com\/es\/wp-json\/wp\/v2\/comments?post=1979"}],"version-history":[{"count":0,"href":"https:\/\/alpenglowdentists.com\/es\/wp-json\/wp\/v2\/pages\/1979\/revisions"}],"up":[{"embeddable":true,"href":"https:\/\/alpenglowdentists.com\/es\/wp-json\/wp\/v2\/pages\/1949"}],"wp:attachment":[{"href":"https:\/\/alpenglowdentists.com\/es\/wp-json\/wp\/v2\/media?parent=1979"}],"curies":[{"name":"wp","href":"https:\/\/api.w.org\/{rel}","templated":true}]}}