{"id":1983,"date":"2019-03-12T08:43:35","date_gmt":"2019-03-12T08:43:35","guid":{"rendered":"https:\/\/alpenglowdentists.com\/ubicaciones\/south-jordan-dentista\/"},"modified":"2019-03-12T08:44:31","modified_gmt":"2019-03-12T08:44:31","slug":"south-jordan-dentista","status":"publish","type":"page","link":"https:\/\/alpenglowdentists.com\/es\/ubicaciones\/south-jordan-dentista\/","title":{"rendered":"South Jordan &#8211; Dentista"},"content":{"rendered":"<div class=\"wpb-content-wrapper\"><p>[vc_row el_class=\u00bblp_content\u00bb][vc_column][vc_column_text]<\/p>\n<h2><a href=\"https:\/\/maps.google.com\/maps?ll=40.885251,-111.866773&amp;z=15&amp;t=m&amp;hl=en-US&amp;gl=US&amp;mapclient=embed&amp;cid=1024928667780512389\">South Jordan<\/a><\/h2>\n<p><a class=\"contact_details\" href=\"tel:8012069088\">(801) 206-9088 <label>Haz clic para llamar<\/label><\/a>[\/vc_column_text][vc_row_inner][vc_column_inner width=\u00bb1\/2&#8243;][vc_single_image image=\u00bb1870&#8243; img_size=\u00bbfull\u00bb alignment=\u00bbcenter\u00bb][\/vc_column_inner][vc_column_inner width=\u00bb1\/2&#8243;][vc_single_image image=\u00bb1871&#8243; img_size=\u00bbfull\u00bb alignment=\u00bbcenter\u00bb][\/vc_column_inner][\/vc_row_inner][vc_column_text el_class=\u00bbcontent_leftformat\u00bb]<\/p>\n<h3>ALPENGLOW OFICINA DEL DENTISTA DE JORDAN DEL SUR<\/h3>\n<p>3672 South Jordan Pkwy # 104 South Jordan, UT 84095<\/p>\n<p><a href=\"https:\/\/alpenglowdentists.com\/wp-content\/uploads\/2015\/04\/Dollarphotoclub_606511651.jpg\"> <img decoding=\"async\" class=\"alignleft wp-image-818 size-medium\" src=\"https:\/\/alpenglowdentists.com\/wp-content\/uploads\/2015\/04\/Dollarphotoclub_606511651-300x200.jpg\" alt=\" Dentista de Utah \" width=\" 300 \" height=\" 200 \" srcset=\"https:\/\/alpenglowdentists.com\/wp-content\/uploads\/2015\/04\/Dollarphotoclub_606511651-300x200.jpg 300w, https:\/\/alpenglowdentists.com\/wp-content\/uploads\/2015\/04\/Dollarphotoclub_606511651-768x512.jpg 768w, https:\/\/alpenglowdentists.com\/wp-content\/uploads\/2015\/04\/Dollarphotoclub_606511651-1024x683.jpg 1024w\" sizes=\"(max-width: 300px) 100vw, 300px\" \/> <\/a> Elegir al dentista correcto en el sur de Jordania es Es crucial para restaurar la salud y la belleza de tu sonrisa. Por eso, nosotros, en Alpenglow Dental, nos esforzamos por proporcionar la atenci\u00f3n dental m\u00e1s excepcionalmente calificada y altamente personalizada que usted y su familia realmente apreciar\u00e1n.<\/p>\n<p>En Alpenglow Dental, no solo somos el dentista l\u00edder del sur de Jordania. Porque, adem\u00e1s de South Jordan, tambi\u00e9n servimos a las comunidades de Sandy, Bountiful, Saratoga Springs y Pleasant Grove.<\/p>\n<p>El cuidado dental familiar es fundamental para nuestro trabajo aqu\u00ed en nuestra oficina de dentistas de Alpenglow Dental South Jordan. Tratamos a pacientes de todas las edades y hacemos todo lo posible para asegurarnos de que todos los que entran por nuestra puerta tengan una experiencia c\u00f3moda. Desde ni\u00f1os hasta adultos y adultos mayores, <a href=\"http:\/\/ac1.a0d.myftpupload.com\/about-us\/\"> <span style=\"font-weight: 400;\"> nuestro personal <\/span> &lt; \/ a&gt; <span style=\"font-weight: 400;\"> espera cuidar a cada miembro de su familia. Debido a que la salud oral es tan importante para la salud en general, dar a los pacientes una experiencia positiva es nuestra prioridad n\u00famero uno. <\/span><\/a><\/p>\n<p>Cuidado dental familiar<br \/>\nTratamos a pacientes con una variedad de necesidades de atenci\u00f3n dental. Proporcionamos limpiezas y ex\u00e1menes semestrales, as\u00ed como cualquier procedimiento est\u00e9tico o reconstructivo que nuestros pacientes puedan requerir.<\/p>\n<p>Tambi\u00e9n somos los mejores dentistas de emergencia en el sur de Jordania, que brindan alivio r\u00e1pido a los pacientes en una situaci\u00f3n dental de emergencia. Cuando visita Alpenglow Dental en una emergencia, puede estar tranquilo sabiendo que lo trataremos con respeto y urgencia.<\/p>\n<p>Queremos que deseen visitar nuestra oficina de dentistas del sur de Jordania. Ya sea que est\u00e9 aqu\u00ed para recibir atenci\u00f3n de emergencia o de rutina, trabajamos arduamente para asegurarnos de que cuidamos a cada paciente de manera oportuna y amigable.<\/p>\n<p>Somos los dentistas n\u00famero uno en el sur de Jordania, y tambi\u00e9n somos el consultorio dental m\u00e1s familiar en el \u00e1rea. Independientemente de los <a href=\"https:\/\/alpenglowdentists.com\/south-jordan-dentists\/services\"> servicios dentales <\/a> que su familia necesita, ll\u00e1menos hoy al 801-206-9088 para programar una cita.<\/p>\n<h3>Nuestros dentistas del sur de Jordania<\/h3>\n<p> <img loading=\"lazy\" decoding=\"async\" class=\"wp-image-22 size-full\" style=\"float: left;\" src=\"https:\/\/alpenglowdentists.com\/wp-content\/uploads\/2012\/01\/drcurtis21.jpg\" alt=\"south-jordan-dentists\" width=\"176\" height=\"180\" \/> <strong> Dr . Curtis <\/strong> [\/ caption]<\/p>\n<p>Tenemos la bendici\u00f3n de tener cuatro m\u00e9dicos en este lugar, el Dr. Ray Curtis, el Dr. Cabot Curtis, el Dr. Woodward y el Dr. Couraud. Cada miembro de nuestro personal se compromete a hacer todo lo posible para que su visita al dentista sea fluida. Escuchamos atentamente sus necesidades, trabajamos con su horario, usamos la \u00faltima tecnolog\u00eda para brindarle atenci\u00f3n de vanguardia y respondemos cualquier pregunta que pueda tener sobre su plan de atenci\u00f3n dental.<\/p>\n<p>El Dr. Curtis es un gran activo para nuestros pacientes. \u00c9l es muy versado tanto en implantes como en ortodoncia invisible, y es un nativo de Utah que ama el \u00e1rea del sur de Jordania por su gran cantidad de actividades recreativas. to-Do-in-South-Jordan-Utah.htm \u00ab&gt; actividades . Cuando no est\u00e1 ocupado en nuestra oficina de dentistas del sur de Jordania, el Dr. Curtis disfruta llevar a su esposa y sus cuatro hijos al Minigolf de Mulligan, a cenar y al cine en el Distrito.<\/p>\n<div style=\"clear: both;\"><\/div>\n<p>El Dr. Woodward trabaja en nuestras oficinas de South Jordan y Sandy, y vive en las cercan\u00edas de Riverton. Un \u00e1vido jugador de tenis, \u00e9l tambi\u00e9n es activo en su iglesia. \u00c9l y su familia est\u00e1n de acuerdo en que South Jordan es el mejor lugar para ir de compras, restaurantes fabulosos y entretenimiento.<\/p>\n<div style=\"clear: both;\"><\/div>\n<h3>Nuestro ambiente relajante<\/h3>\n<p>Queremos que su experiencia en el dentista sea agradable. Adem\u00e1s de crear un ambiente relajante, nuestro dentista de South Jordan revisar\u00e1 a fondo su procedimiento con usted y abordar\u00e1 todas sus preguntas o inquietudes. Queremos trabajar con usted como un equipo para crear un plan de atenci\u00f3n dental que satisfaga todas sus necesidades.<\/p>\n<p>Lo invitamos a explorar nuestro sitio web para obtener m\u00e1s informaci\u00f3n sobre nuestra oficina y pr\u00e1ctica dental en South Jordan. Encontrar\u00e1 informaci\u00f3n sobre seguros, descuentos en servicios dentales e incluso formularios para descargar de pacientes para que su visita al consultorio sea sencilla y c\u00f3moda. Tambi\u00e9n puede leer nuestro blog \u00fatil e informativo, que es un gran lugar para encontrar consejos \u00fatiles para mantener su salud dental entre visitas.<\/p>\n<h3><strong> \u00bfDesea saber cu\u00e1les son los ocho principales problemas dentales m\u00e1s comunes? <\/strong><\/h3>\n<p>Vamos a empezar con un dolor de muelas.<\/p>\n<p>Un dolor de muelas puede ser un signo de enfermedad de las enc\u00edas, o podr\u00eda ser una indicaci\u00f3n de caries o caries. Un diente impactado o con un absceso tambi\u00e9n puede resultar en esta condici\u00f3n. Si no se trata, el dolor de muelas solo puede empeorar. Por lo tanto, es mejor ver a un dentista cuando se produce este problema.<\/p>\n<p>Si siente una incomodidad cada vez que consume algo caliente o fr\u00edo, probablemente tenga dientes sensibles. Esta afecci\u00f3n generalmente es causada por caries dental, enfermedad de las enc\u00edas o esmalte dental desgastado.<\/p>\n<p>Tener sangrado de enc\u00edas no es infrecuente. A menudo, los ni\u00f1os experimentan esto debido a cepillarse los dientes con demasiada fuerza. Adem\u00e1s, los cepillos de dientes con cerdas duras son los culpables de las abrasiones en las enc\u00edas, que conducen a su sangrado. La gingivitis es otra causa de sangrado de las enc\u00edas.<\/p>\n<p>Nuestra boca es el hogar de muchos g\u00e9rmenes y bacterias. Una herida abierta dentro de la boca puede llevar a llagas en la boca. Por lo tanto, si se mordi\u00f3 accidentalmente el interior de los labios o si los bordes afilados de su diente raspan o hieren las paredes de la boca, es probable que se produzcan llagas en la boca. Las \u00falceras bucales tambi\u00e9n pueden ser un signo de un problema oral subyacente.<\/p>\n<p>\u00bfExperimentas tener mal aliento? Por lo general, esto sucede si no sigue una higiene oral adecuada, como cepillarse los dientes, usar hilo dental o enjuagar el enjuague bucal con regularidad. El mal aliento tambi\u00e9n puede ser causado por algo que comiste. Fumar tambi\u00e9n es un desencadenante del mal aliento. Otros problemas orales, como sequedad de boca y enfermedad de las enc\u00edas, tambi\u00e9n pueden causar mal aliento.<\/p>\n<p>\u00bfTienes dolor de mand\u00edbula? Si esta condici\u00f3n persiste y el dolor se irradia m\u00e1s all\u00e1 de su mand\u00edbula, es probable que tenga un trastorno de la ATM. Otras causas del dolor de la mand\u00edbula incluyen trastornos sinusales, enfermedad de las enc\u00edas y rechinamiento de los dientes.<\/p>\n<p>La boca seca es una de las causas del mal aliento. Sin embargo, \u00bfsabes qu\u00e9 lo causa? La boca seca puede ser un s\u00edntoma de una caries dental o un efecto secundario de ciertos medicamentos.<\/p>\n<p>\u00bfTienes dientes manchados o descoloridos? Las causas comunes de la decoloraci\u00f3n incluyen fumar, tomar caf\u00e9 o t\u00e9, ciertos medicamentos o no mantener una buena higiene bucal.<\/p>\n<p>Si tiene alguno de estos problemas, busque al dentista principal de South Jordan. P\u00f3ngase en contacto con Alpenglow Dental.<\/p>\n<p>Ll\u00e1menos hoy para programar una cita con un gran dentista en South Jordan: <a href=\"tel:8012069088\"> (801) 206-9088 <\/a>.[\/vc_column_text][\/vc_column][\/vc_row]<\/p>\n<\/div>","protected":false},"excerpt":{"rendered":"<p>[vc_row el_class=\u00bblp_content\u00bb][vc_column][vc_column_text] South Jordan (801) 206-9088 Haz clic para llamar[\/vc_column_text][vc_row_inner][vc_column_inner width=\u00bb1\/2&#8243;][vc_single_image image=\u00bb1870&#8243; img_size=\u00bbfull\u00bb alignment=\u00bbcenter\u00bb][\/vc_column_inner][vc_column_inner width=\u00bb1\/2&#8243;][vc_single_image image=\u00bb1871&#8243; img_size=\u00bbfull\u00bb alignment=\u00bbcenter\u00bb][\/vc_column_inner][\/vc_row_inner][vc_column_text el_class=\u00bbcontent_leftformat\u00bb] ALPENGLOW OFICINA DEL DENTISTA DE JORDAN DEL SUR 3672 South Jordan Pkwy # 104 South Jordan, UT 84095 Elegir al dentista correcto en el sur de Jordania es Es crucial para restaurar la salud y la belleza de tu sonrisa. Por eso, nosotros, en Alpenglow Dental, nos esforzamos por proporcionar la atenci\u00f3n dental m\u00e1s excepcionalmente calificada y altamente personalizada que usted y su familia realmente apreciar\u00e1n. En Alpenglow Dental, no solo somos el dentista l\u00edder del sur de Jordania. Porque, adem\u00e1s de South Jordan, tambi\u00e9n servimos a las comunidades de Sandy, Bountiful, Saratoga Springs y Pleasant Grove. El cuidado dental familiar es fundamental para nuestro trabajo aqu\u00ed en nuestra oficina de dentistas de Alpenglow Dental South Jordan. Tratamos a pacientes de todas las edades y hacemos todo lo posible para asegurarnos de que todos los que entran por nuestra puerta tengan una experiencia c\u00f3moda. Desde ni\u00f1os hasta adultos y adultos mayores, nuestro personal &lt; \/ a&gt; espera cuidar a cada miembro de su familia. Debido a que la salud oral es tan importante para la salud en general, dar a los<\/p>\n<a href=\"https:\/\/alpenglowdentists.com\/es\/ubicaciones\/south-jordan-dentista\/\" class=\"readmore\">Read more<\/a>","protected":false},"author":75,"featured_media":0,"parent":1949,"menu_order":0,"comment_status":"closed","ping_status":"closed","template":"landingpage.php","meta":{"_acf_changed":false,"footnotes":""},"class_list":["post-1983","page","type-page","status-publish","hentry"],"acf":[],"yoast_head":"<!-- This site is optimized with the Yoast SEO plugin v27.5 - https:\/\/yoast.com\/product\/yoast-seo-wordpress\/ -->\n<title>Alpenglow Dental | South Jordan, UT | Dentistas del sur de jordania<\/title>\n<meta name=\"description\" content=\"Alpenglow Dental tiene los mejores dentistas del sur de Jordania. Si necesita un dentista de emergencia o un chequeo regular, llame hoy al 801-878-1700.\" \/>\n<meta name=\"robots\" content=\"index, follow, max-snippet:-1, max-image-preview:large, max-video-preview:-1\" \/>\n<link rel=\"canonical\" href=\"https:\/\/alpenglowdentists.com\/es\/ubicaciones\/south-jordan-dentista\/\" \/>\n<meta property=\"og:locale\" content=\"es_ES\" \/>\n<meta property=\"og:type\" content=\"article\" \/>\n<meta property=\"og:title\" content=\"Alpenglow Dental | South Jordan, UT | Dentistas del sur de jordania\" \/>\n<meta property=\"og:description\" content=\"Alpenglow Dental tiene los mejores dentistas del sur de Jordania. Si necesita un dentista de emergencia o un chequeo regular, llame hoy al 801-878-1700.\" \/>\n<meta property=\"og:url\" content=\"https:\/\/alpenglowdentists.com\/es\/ubicaciones\/south-jordan-dentista\/\" \/>\n<meta property=\"og:site_name\" content=\"Alpenglow Dental\" \/>\n<meta property=\"article:publisher\" content=\"https:\/\/www.facebook.com\/Alpenglow-Dental-202717733081358\/\" \/>\n<meta property=\"article:modified_time\" content=\"2019-03-12T08:44:31+00:00\" \/>\n<meta property=\"og:image\" content=\"https:\/\/alpenglowdentists.com\/wp-content\/uploads\/2015\/04\/Dollarphotoclub_606511651-1024x683.jpg\" \/>\n\t<meta property=\"og:image:width\" content=\"1024\" \/>\n\t<meta property=\"og:image:height\" content=\"683\" \/>\n\t<meta property=\"og:image:type\" content=\"image\/jpeg\" \/>\n<meta name=\"twitter:card\" content=\"summary_large_image\" \/>\n<meta name=\"twitter:site\" content=\"@alpenglowdental\" \/>\n<meta name=\"twitter:label1\" content=\"Tiempo de lectura\" \/>\n\t<meta name=\"twitter:data1\" content=\"6 minutos\" \/>\n<script type=\"application\/ld+json\" class=\"yoast-schema-graph\">{\"@context\":\"https:\\\/\\\/schema.org\",\"@graph\":[{\"@type\":\"WebPage\",\"@id\":\"https:\\\/\\\/alpenglowdentists.com\\\/es\\\/ubicaciones\\\/south-jordan-dentista\\\/\",\"url\":\"https:\\\/\\\/alpenglowdentists.com\\\/es\\\/ubicaciones\\\/south-jordan-dentista\\\/\",\"name\":\"Alpenglow Dental | South Jordan, UT | Dentistas del sur de jordania\",\"isPartOf\":{\"@id\":\"https:\\\/\\\/alpenglowdentists.com\\\/#website\"},\"primaryImageOfPage\":{\"@id\":\"https:\\\/\\\/alpenglowdentists.com\\\/es\\\/ubicaciones\\\/south-jordan-dentista\\\/#primaryimage\"},\"image\":{\"@id\":\"https:\\\/\\\/alpenglowdentists.com\\\/es\\\/ubicaciones\\\/south-jordan-dentista\\\/#primaryimage\"},\"thumbnailUrl\":\"https:\\\/\\\/alpenglowdentists.com\\\/wp-content\\\/uploads\\\/2015\\\/04\\\/Dollarphotoclub_606511651-300x200.jpg\",\"datePublished\":\"2019-03-12T08:43:35+00:00\",\"dateModified\":\"2019-03-12T08:44:31+00:00\",\"description\":\"Alpenglow Dental tiene los mejores dentistas del sur de Jordania. Si necesita un dentista de emergencia o un chequeo regular, llame hoy al 801-878-1700.\",\"breadcrumb\":{\"@id\":\"https:\\\/\\\/alpenglowdentists.com\\\/es\\\/ubicaciones\\\/south-jordan-dentista\\\/#breadcrumb\"},\"inLanguage\":\"es\",\"potentialAction\":[{\"@type\":\"ReadAction\",\"target\":[\"https:\\\/\\\/alpenglowdentists.com\\\/es\\\/ubicaciones\\\/south-jordan-dentista\\\/\"]}]},{\"@type\":\"ImageObject\",\"inLanguage\":\"es\",\"@id\":\"https:\\\/\\\/alpenglowdentists.com\\\/es\\\/ubicaciones\\\/south-jordan-dentista\\\/#primaryimage\",\"url\":\"https:\\\/\\\/alpenglowdentists.com\\\/wp-content\\\/uploads\\\/2015\\\/04\\\/Dollarphotoclub_606511651-300x200.jpg\",\"contentUrl\":\"https:\\\/\\\/alpenglowdentists.com\\\/wp-content\\\/uploads\\\/2015\\\/04\\\/Dollarphotoclub_606511651-300x200.jpg\"},{\"@type\":\"BreadcrumbList\",\"@id\":\"https:\\\/\\\/alpenglowdentists.com\\\/es\\\/ubicaciones\\\/south-jordan-dentista\\\/#breadcrumb\",\"itemListElement\":[{\"@type\":\"ListItem\",\"position\":1,\"name\":\"Home\",\"item\":\"https:\\\/\\\/alpenglowdentists.com\\\/es\\\/nueva-pagina-de-inicio\\\/\"},{\"@type\":\"ListItem\",\"position\":2,\"name\":\"Ubicaciones\",\"item\":\"https:\\\/\\\/alpenglowdentists.com\\\/es\\\/ubicaciones\\\/\"},{\"@type\":\"ListItem\",\"position\":3,\"name\":\"South Jordan &#8211; Dentista\"}]},{\"@type\":\"WebSite\",\"@id\":\"https:\\\/\\\/alpenglowdentists.com\\\/#website\",\"url\":\"https:\\\/\\\/alpenglowdentists.com\\\/\",\"name\":\"Alpenglow Dental\",\"description\":\"Just another firstpageimpactsites.com Sites site\",\"publisher\":{\"@id\":\"https:\\\/\\\/alpenglowdentists.com\\\/#organization\"},\"potentialAction\":[{\"@type\":\"SearchAction\",\"target\":{\"@type\":\"EntryPoint\",\"urlTemplate\":\"https:\\\/\\\/alpenglowdentists.com\\\/?s={search_term_string}\"},\"query-input\":{\"@type\":\"PropertyValueSpecification\",\"valueRequired\":true,\"valueName\":\"search_term_string\"}}],\"inLanguage\":\"es\"},{\"@type\":\"Organization\",\"@id\":\"https:\\\/\\\/alpenglowdentists.com\\\/#organization\",\"name\":\"Alpenglow Dental\",\"url\":\"https:\\\/\\\/alpenglowdentists.com\\\/\",\"logo\":{\"@type\":\"ImageObject\",\"inLanguage\":\"es\",\"@id\":\"https:\\\/\\\/alpenglowdentists.com\\\/#\\\/schema\\\/logo\\\/image\\\/\",\"url\":\"https:\\\/\\\/alpenglowdentists.com\\\/wp-content\\\/uploads\\\/2018\\\/08\\\/ad-logo.jpg\",\"contentUrl\":\"https:\\\/\\\/alpenglowdentists.com\\\/wp-content\\\/uploads\\\/2018\\\/08\\\/ad-logo.jpg\",\"width\":\"2547\",\"height\":\"448\",\"caption\":\"Alpenglow Dental\"},\"image\":{\"@id\":\"https:\\\/\\\/alpenglowdentists.com\\\/#\\\/schema\\\/logo\\\/image\\\/\"},\"sameAs\":[\"https:\\\/\\\/www.facebook.com\\\/Alpenglow-Dental-202717733081358\\\/\",\"https:\\\/\\\/x.com\\\/alpenglowdental\"]}]}<\/script>\n<!-- \/ Yoast SEO plugin. -->","yoast_head_json":{"title":"Alpenglow Dental | South Jordan, UT | Dentistas del sur de jordania","description":"Alpenglow Dental tiene los mejores dentistas del sur de Jordania. Si necesita un dentista de emergencia o un chequeo regular, llame hoy al 801-878-1700.","robots":{"index":"index","follow":"follow","max-snippet":"max-snippet:-1","max-image-preview":"max-image-preview:large","max-video-preview":"max-video-preview:-1"},"canonical":"https:\/\/alpenglowdentists.com\/es\/ubicaciones\/south-jordan-dentista\/","og_locale":"es_ES","og_type":"article","og_title":"Alpenglow Dental | South Jordan, UT | Dentistas del sur de jordania","og_description":"Alpenglow Dental tiene los mejores dentistas del sur de Jordania. Si necesita un dentista de emergencia o un chequeo regular, llame hoy al 801-878-1700.","og_url":"https:\/\/alpenglowdentists.com\/es\/ubicaciones\/south-jordan-dentista\/","og_site_name":"Alpenglow Dental","article_publisher":"https:\/\/www.facebook.com\/Alpenglow-Dental-202717733081358\/","article_modified_time":"2019-03-12T08:44:31+00:00","og_image":[{"width":1024,"height":683,"url":"https:\/\/alpenglowdentists.com\/wp-content\/uploads\/2015\/04\/Dollarphotoclub_606511651-1024x683.jpg","type":"image\/jpeg"}],"twitter_card":"summary_large_image","twitter_site":"@alpenglowdental","twitter_misc":{"Tiempo de lectura":"6 minutos"},"schema":{"@context":"https:\/\/schema.org","@graph":[{"@type":"WebPage","@id":"https:\/\/alpenglowdentists.com\/es\/ubicaciones\/south-jordan-dentista\/","url":"https:\/\/alpenglowdentists.com\/es\/ubicaciones\/south-jordan-dentista\/","name":"Alpenglow Dental | South Jordan, UT | Dentistas del sur de jordania","isPartOf":{"@id":"https:\/\/alpenglowdentists.com\/#website"},"primaryImageOfPage":{"@id":"https:\/\/alpenglowdentists.com\/es\/ubicaciones\/south-jordan-dentista\/#primaryimage"},"image":{"@id":"https:\/\/alpenglowdentists.com\/es\/ubicaciones\/south-jordan-dentista\/#primaryimage"},"thumbnailUrl":"https:\/\/alpenglowdentists.com\/wp-content\/uploads\/2015\/04\/Dollarphotoclub_606511651-300x200.jpg","datePublished":"2019-03-12T08:43:35+00:00","dateModified":"2019-03-12T08:44:31+00:00","description":"Alpenglow Dental tiene los mejores dentistas del sur de Jordania. Si necesita un dentista de emergencia o un chequeo regular, llame hoy al 801-878-1700.","breadcrumb":{"@id":"https:\/\/alpenglowdentists.com\/es\/ubicaciones\/south-jordan-dentista\/#breadcrumb"},"inLanguage":"es","potentialAction":[{"@type":"ReadAction","target":["https:\/\/alpenglowdentists.com\/es\/ubicaciones\/south-jordan-dentista\/"]}]},{"@type":"ImageObject","inLanguage":"es","@id":"https:\/\/alpenglowdentists.com\/es\/ubicaciones\/south-jordan-dentista\/#primaryimage","url":"https:\/\/alpenglowdentists.com\/wp-content\/uploads\/2015\/04\/Dollarphotoclub_606511651-300x200.jpg","contentUrl":"https:\/\/alpenglowdentists.com\/wp-content\/uploads\/2015\/04\/Dollarphotoclub_606511651-300x200.jpg"},{"@type":"BreadcrumbList","@id":"https:\/\/alpenglowdentists.com\/es\/ubicaciones\/south-jordan-dentista\/#breadcrumb","itemListElement":[{"@type":"ListItem","position":1,"name":"Home","item":"https:\/\/alpenglowdentists.com\/es\/nueva-pagina-de-inicio\/"},{"@type":"ListItem","position":2,"name":"Ubicaciones","item":"https:\/\/alpenglowdentists.com\/es\/ubicaciones\/"},{"@type":"ListItem","position":3,"name":"South Jordan &#8211; Dentista"}]},{"@type":"WebSite","@id":"https:\/\/alpenglowdentists.com\/#website","url":"https:\/\/alpenglowdentists.com\/","name":"Alpenglow Dental","description":"Just another firstpageimpactsites.com Sites site","publisher":{"@id":"https:\/\/alpenglowdentists.com\/#organization"},"potentialAction":[{"@type":"SearchAction","target":{"@type":"EntryPoint","urlTemplate":"https:\/\/alpenglowdentists.com\/?s={search_term_string}"},"query-input":{"@type":"PropertyValueSpecification","valueRequired":true,"valueName":"search_term_string"}}],"inLanguage":"es"},{"@type":"Organization","@id":"https:\/\/alpenglowdentists.com\/#organization","name":"Alpenglow Dental","url":"https:\/\/alpenglowdentists.com\/","logo":{"@type":"ImageObject","inLanguage":"es","@id":"https:\/\/alpenglowdentists.com\/#\/schema\/logo\/image\/","url":"https:\/\/alpenglowdentists.com\/wp-content\/uploads\/2018\/08\/ad-logo.jpg","contentUrl":"https:\/\/alpenglowdentists.com\/wp-content\/uploads\/2018\/08\/ad-logo.jpg","width":"2547","height":"448","caption":"Alpenglow Dental"},"image":{"@id":"https:\/\/alpenglowdentists.com\/#\/schema\/logo\/image\/"},"sameAs":["https:\/\/www.facebook.com\/Alpenglow-Dental-202717733081358\/","https:\/\/x.com\/alpenglowdental"]}]}},"jetpack_sharing_enabled":true,"_links":{"self":[{"href":"https:\/\/alpenglowdentists.com\/es\/wp-json\/wp\/v2\/pages\/1983","targetHints":{"allow":["GET"]}}],"collection":[{"href":"https:\/\/alpenglowdentists.com\/es\/wp-json\/wp\/v2\/pages"}],"about":[{"href":"https:\/\/alpenglowdentists.com\/es\/wp-json\/wp\/v2\/types\/page"}],"author":[{"embeddable":true,"href":"https:\/\/alpenglowdentists.com\/es\/wp-json\/wp\/v2\/users\/75"}],"replies":[{"embeddable":true,"href":"https:\/\/alpenglowdentists.com\/es\/wp-json\/wp\/v2\/comments?post=1983"}],"version-history":[{"count":0,"href":"https:\/\/alpenglowdentists.com\/es\/wp-json\/wp\/v2\/pages\/1983\/revisions"}],"up":[{"embeddable":true,"href":"https:\/\/alpenglowdentists.com\/es\/wp-json\/wp\/v2\/pages\/1949"}],"wp:attachment":[{"href":"https:\/\/alpenglowdentists.com\/es\/wp-json\/wp\/v2\/media?parent=1983"}],"curies":[{"name":"wp","href":"https:\/\/api.w.org\/{rel}","templated":true}]}}