{"id":1990,"date":"2019-03-12T08:57:48","date_gmt":"2019-03-12T08:57:48","guid":{"rendered":"https:\/\/alpenglowdentists.com\/servicios\/veneers\/"},"modified":"2019-03-12T08:57:48","modified_gmt":"2019-03-12T08:57:48","slug":"veneers","status":"publish","type":"page","link":"https:\/\/alpenglowdentists.com\/es\/servicios\/veneers\/","title":{"rendered":"Veneers"},"content":{"rendered":"<h1>Veneer<\/h1>\n<p>Una Veneers es una cubierta de porcelana o material similar al pl\u00e1stico que se adhiere a la parte frontal y superior de un diente para ayudar a preservar su apariencia, principalmente el color y la forma. Esta es una gran soluci\u00f3n para aquellos que tienen huecos en los dientes, dientes peque\u00f1os o deformes, o incluso dientes que se han manchado debido al uso diario.<\/p>\n<p>Veneers tambi\u00e9n son una gran soluci\u00f3n para los dientes rotos o astillados, y pueden ayudar a restaurar la plenitud de su sonrisa. Lo mejor de veneers es que, una vez en su lugar, funcionan esencialmente de forma natural y perfecta junto con todos sus dientes originales. No se sentir\u00e1n voluminosos ni antinaturales, y en poco tiempo se olvidar\u00e1 de que incluso est\u00e1n all\u00ed.<\/p>\n<p>La calidad de la porcelana que utilizamos proporciona un brillo y un brillo similar al de los dientes naturales, pocos podr\u00e1n notar la diferencia. \u00a1Adem\u00e1s de verse geniales, tambi\u00e9n son lo suficientemente fuertes como para durar casi 20 a\u00f1os en perfecto estado! Crearemos Veneers perfectas que complementan tu rostro y devuelven la belleza a tu sonrisa una vez m\u00e1s.<\/p>\n<p>\u00a1Ll\u00e1menos hoy mismo y le daremos m\u00e1s informaci\u00f3n sobre lo que ofrece nuestro tratamiento de chapas en t\u00e9rminos de valor y c\u00f3mo podemos personalizarlo especialmente para usted!<\/p>\n","protected":false},"excerpt":{"rendered":"<p>Veneer Una Veneers es una cubierta de porcelana o material similar al pl\u00e1stico que se adhiere a la parte frontal y superior de un diente para ayudar a preservar su apariencia, principalmente el color y la forma. Esta es una gran soluci\u00f3n para aquellos que tienen huecos en los dientes, dientes peque\u00f1os o deformes, o incluso dientes que se han manchado debido al uso diario. Veneers tambi\u00e9n son una gran soluci\u00f3n para los dientes rotos o astillados, y pueden ayudar a restaurar la plenitud de su sonrisa. Lo mejor de veneers es que, una vez en su lugar, funcionan esencialmente de forma natural y perfecta junto con todos sus dientes originales. No se sentir\u00e1n voluminosos ni antinaturales, y en poco tiempo se olvidar\u00e1 de que incluso est\u00e1n all\u00ed. La calidad de la porcelana que utilizamos proporciona un brillo y un brillo similar al de los dientes naturales, pocos podr\u00e1n notar la diferencia. \u00a1Adem\u00e1s de verse geniales, tambi\u00e9n son lo suficientemente fuertes como para durar casi 20 a\u00f1os en perfecto estado! Crearemos Veneers perfectas que complementan tu rostro y devuelven la belleza a tu sonrisa una vez m\u00e1s. \u00a1Ll\u00e1menos hoy mismo y le daremos m\u00e1s informaci\u00f3n sobre lo que ofrece nuestro<\/p>\n<a href=\"https:\/\/alpenglowdentists.com\/es\/servicios\/veneers\/\" class=\"readmore\">Read more<\/a>","protected":false},"author":75,"featured_media":0,"parent":1905,"menu_order":12,"comment_status":"closed","ping_status":"closed","template":"","meta":{"_acf_changed":false,"footnotes":""},"class_list":["post-1990","page","type-page","status-publish","hentry"],"acf":[],"yoast_head":"<!-- This site is optimized with the Yoast SEO plugin v27.5 - https:\/\/yoast.com\/product\/yoast-seo-wordpress\/ -->\n<title>Veneers<\/title>\n<meta name=\"description\" content=\"Una carilla es una cubierta de porcelana o material similar al pl\u00e1stico que se adhiere a la parte frontal y superior de un diente para ayudar a preservar su apariencia, principalmente el color.\" \/>\n<meta name=\"robots\" content=\"index, follow, max-snippet:-1, max-image-preview:large, max-video-preview:-1\" \/>\n<link rel=\"canonical\" href=\"https:\/\/alpenglowdentists.com\/es\/servicios\/veneers\/\" \/>\n<meta property=\"og:locale\" content=\"es_ES\" \/>\n<meta property=\"og:type\" content=\"article\" \/>\n<meta property=\"og:title\" content=\"Veneers\" \/>\n<meta property=\"og:description\" content=\"Una carilla es una cubierta de porcelana o material similar al pl\u00e1stico que se adhiere a la parte frontal y superior de un diente para ayudar a preservar su apariencia, principalmente el color.\" \/>\n<meta property=\"og:url\" content=\"https:\/\/alpenglowdentists.com\/es\/servicios\/veneers\/\" \/>\n<meta property=\"og:site_name\" content=\"Alpenglow Dental\" \/>\n<meta property=\"article:publisher\" content=\"https:\/\/www.facebook.com\/Alpenglow-Dental-202717733081358\/\" \/>\n<meta name=\"twitter:card\" content=\"summary_large_image\" \/>\n<meta name=\"twitter:site\" content=\"@alpenglowdental\" \/>\n<meta name=\"twitter:label1\" content=\"Tiempo de lectura\" \/>\n\t<meta name=\"twitter:data1\" content=\"1 minuto\" \/>\n<script type=\"application\/ld+json\" class=\"yoast-schema-graph\">{\"@context\":\"https:\\\/\\\/schema.org\",\"@graph\":[{\"@type\":\"WebPage\",\"@id\":\"https:\\\/\\\/alpenglowdentists.com\\\/es\\\/servicios\\\/veneers\\\/\",\"url\":\"https:\\\/\\\/alpenglowdentists.com\\\/es\\\/servicios\\\/veneers\\\/\",\"name\":\"Veneers\",\"isPartOf\":{\"@id\":\"https:\\\/\\\/alpenglowdentists.com\\\/#website\"},\"datePublished\":\"2019-03-12T08:57:48+00:00\",\"description\":\"Una carilla es una cubierta de porcelana o material similar al pl\u00e1stico que se adhiere a la parte frontal y superior de un diente para ayudar a preservar su apariencia, principalmente el color.\",\"breadcrumb\":{\"@id\":\"https:\\\/\\\/alpenglowdentists.com\\\/es\\\/servicios\\\/veneers\\\/#breadcrumb\"},\"inLanguage\":\"es\",\"potentialAction\":[{\"@type\":\"ReadAction\",\"target\":[\"https:\\\/\\\/alpenglowdentists.com\\\/es\\\/servicios\\\/veneers\\\/\"]}]},{\"@type\":\"BreadcrumbList\",\"@id\":\"https:\\\/\\\/alpenglowdentists.com\\\/es\\\/servicios\\\/veneers\\\/#breadcrumb\",\"itemListElement\":[{\"@type\":\"ListItem\",\"position\":1,\"name\":\"Home\",\"item\":\"https:\\\/\\\/alpenglowdentists.com\\\/es\\\/nueva-pagina-de-inicio\\\/\"},{\"@type\":\"ListItem\",\"position\":2,\"name\":\"Servicios\",\"item\":\"https:\\\/\\\/alpenglowdentists.com\\\/es\\\/servicios\\\/\"},{\"@type\":\"ListItem\",\"position\":3,\"name\":\"Veneers\"}]},{\"@type\":\"WebSite\",\"@id\":\"https:\\\/\\\/alpenglowdentists.com\\\/#website\",\"url\":\"https:\\\/\\\/alpenglowdentists.com\\\/\",\"name\":\"Alpenglow Dental\",\"description\":\"Just another firstpageimpactsites.com Sites site\",\"publisher\":{\"@id\":\"https:\\\/\\\/alpenglowdentists.com\\\/#organization\"},\"potentialAction\":[{\"@type\":\"SearchAction\",\"target\":{\"@type\":\"EntryPoint\",\"urlTemplate\":\"https:\\\/\\\/alpenglowdentists.com\\\/?s={search_term_string}\"},\"query-input\":{\"@type\":\"PropertyValueSpecification\",\"valueRequired\":true,\"valueName\":\"search_term_string\"}}],\"inLanguage\":\"es\"},{\"@type\":\"Organization\",\"@id\":\"https:\\\/\\\/alpenglowdentists.com\\\/#organization\",\"name\":\"Alpenglow Dental\",\"url\":\"https:\\\/\\\/alpenglowdentists.com\\\/\",\"logo\":{\"@type\":\"ImageObject\",\"inLanguage\":\"es\",\"@id\":\"https:\\\/\\\/alpenglowdentists.com\\\/#\\\/schema\\\/logo\\\/image\\\/\",\"url\":\"https:\\\/\\\/alpenglowdentists.com\\\/wp-content\\\/uploads\\\/2018\\\/08\\\/ad-logo.jpg\",\"contentUrl\":\"https:\\\/\\\/alpenglowdentists.com\\\/wp-content\\\/uploads\\\/2018\\\/08\\\/ad-logo.jpg\",\"width\":\"2547\",\"height\":\"448\",\"caption\":\"Alpenglow Dental\"},\"image\":{\"@id\":\"https:\\\/\\\/alpenglowdentists.com\\\/#\\\/schema\\\/logo\\\/image\\\/\"},\"sameAs\":[\"https:\\\/\\\/www.facebook.com\\\/Alpenglow-Dental-202717733081358\\\/\",\"https:\\\/\\\/x.com\\\/alpenglowdental\"]}]}<\/script>\n<!-- \/ Yoast SEO plugin. -->","yoast_head_json":{"title":"Veneers","description":"Una carilla es una cubierta de porcelana o material similar al pl\u00e1stico que se adhiere a la parte frontal y superior de un diente para ayudar a preservar su apariencia, principalmente el color.","robots":{"index":"index","follow":"follow","max-snippet":"max-snippet:-1","max-image-preview":"max-image-preview:large","max-video-preview":"max-video-preview:-1"},"canonical":"https:\/\/alpenglowdentists.com\/es\/servicios\/veneers\/","og_locale":"es_ES","og_type":"article","og_title":"Veneers","og_description":"Una carilla es una cubierta de porcelana o material similar al pl\u00e1stico que se adhiere a la parte frontal y superior de un diente para ayudar a preservar su apariencia, principalmente el color.","og_url":"https:\/\/alpenglowdentists.com\/es\/servicios\/veneers\/","og_site_name":"Alpenglow Dental","article_publisher":"https:\/\/www.facebook.com\/Alpenglow-Dental-202717733081358\/","twitter_card":"summary_large_image","twitter_site":"@alpenglowdental","twitter_misc":{"Tiempo de lectura":"1 minuto"},"schema":{"@context":"https:\/\/schema.org","@graph":[{"@type":"WebPage","@id":"https:\/\/alpenglowdentists.com\/es\/servicios\/veneers\/","url":"https:\/\/alpenglowdentists.com\/es\/servicios\/veneers\/","name":"Veneers","isPartOf":{"@id":"https:\/\/alpenglowdentists.com\/#website"},"datePublished":"2019-03-12T08:57:48+00:00","description":"Una carilla es una cubierta de porcelana o material similar al pl\u00e1stico que se adhiere a la parte frontal y superior de un diente para ayudar a preservar su apariencia, principalmente el color.","breadcrumb":{"@id":"https:\/\/alpenglowdentists.com\/es\/servicios\/veneers\/#breadcrumb"},"inLanguage":"es","potentialAction":[{"@type":"ReadAction","target":["https:\/\/alpenglowdentists.com\/es\/servicios\/veneers\/"]}]},{"@type":"BreadcrumbList","@id":"https:\/\/alpenglowdentists.com\/es\/servicios\/veneers\/#breadcrumb","itemListElement":[{"@type":"ListItem","position":1,"name":"Home","item":"https:\/\/alpenglowdentists.com\/es\/nueva-pagina-de-inicio\/"},{"@type":"ListItem","position":2,"name":"Servicios","item":"https:\/\/alpenglowdentists.com\/es\/servicios\/"},{"@type":"ListItem","position":3,"name":"Veneers"}]},{"@type":"WebSite","@id":"https:\/\/alpenglowdentists.com\/#website","url":"https:\/\/alpenglowdentists.com\/","name":"Alpenglow Dental","description":"Just another firstpageimpactsites.com Sites site","publisher":{"@id":"https:\/\/alpenglowdentists.com\/#organization"},"potentialAction":[{"@type":"SearchAction","target":{"@type":"EntryPoint","urlTemplate":"https:\/\/alpenglowdentists.com\/?s={search_term_string}"},"query-input":{"@type":"PropertyValueSpecification","valueRequired":true,"valueName":"search_term_string"}}],"inLanguage":"es"},{"@type":"Organization","@id":"https:\/\/alpenglowdentists.com\/#organization","name":"Alpenglow Dental","url":"https:\/\/alpenglowdentists.com\/","logo":{"@type":"ImageObject","inLanguage":"es","@id":"https:\/\/alpenglowdentists.com\/#\/schema\/logo\/image\/","url":"https:\/\/alpenglowdentists.com\/wp-content\/uploads\/2018\/08\/ad-logo.jpg","contentUrl":"https:\/\/alpenglowdentists.com\/wp-content\/uploads\/2018\/08\/ad-logo.jpg","width":"2547","height":"448","caption":"Alpenglow Dental"},"image":{"@id":"https:\/\/alpenglowdentists.com\/#\/schema\/logo\/image\/"},"sameAs":["https:\/\/www.facebook.com\/Alpenglow-Dental-202717733081358\/","https:\/\/x.com\/alpenglowdental"]}]}},"jetpack_sharing_enabled":true,"_links":{"self":[{"href":"https:\/\/alpenglowdentists.com\/es\/wp-json\/wp\/v2\/pages\/1990","targetHints":{"allow":["GET"]}}],"collection":[{"href":"https:\/\/alpenglowdentists.com\/es\/wp-json\/wp\/v2\/pages"}],"about":[{"href":"https:\/\/alpenglowdentists.com\/es\/wp-json\/wp\/v2\/types\/page"}],"author":[{"embeddable":true,"href":"https:\/\/alpenglowdentists.com\/es\/wp-json\/wp\/v2\/users\/75"}],"replies":[{"embeddable":true,"href":"https:\/\/alpenglowdentists.com\/es\/wp-json\/wp\/v2\/comments?post=1990"}],"version-history":[{"count":0,"href":"https:\/\/alpenglowdentists.com\/es\/wp-json\/wp\/v2\/pages\/1990\/revisions"}],"up":[{"embeddable":true,"href":"https:\/\/alpenglowdentists.com\/es\/wp-json\/wp\/v2\/pages\/1905"}],"wp:attachment":[{"href":"https:\/\/alpenglowdentists.com\/es\/wp-json\/wp\/v2\/media?parent=1990"}],"curies":[{"name":"wp","href":"https:\/\/api.w.org\/{rel}","templated":true}]}}