{"id":1991,"date":"2019-03-12T08:59:33","date_gmt":"2019-03-12T08:59:33","guid":{"rendered":"https:\/\/alpenglowdentists.com\/servicios\/endodoncias\/"},"modified":"2019-03-12T08:59:33","modified_gmt":"2019-03-12T08:59:33","slug":"endodoncias","status":"publish","type":"page","link":"https:\/\/alpenglowdentists.com\/es\/servicios\/endodoncias\/","title":{"rendered":"Endodoncias"},"content":{"rendered":"<h1> Canales de ra\u00edz <\/h1>\n<p>Es posible que sepa que los conductos radiculares se han ganado una mala reputaci\u00f3n en el mundo de la atenci\u00f3n dental. Pero la tecnolog\u00eda moderna est\u00e1 evolucionando para hacer que los tratamientos de endodoncia sean mucho m\u00e1s efectivos y tolerables. Los procedimientos del canal de la ra\u00edz se realizan para salvar los dientes que de otra manera tendr\u00edan que ser removidos. A veces, las caries o lesiones pueden causar una infecci\u00f3n que se propaga al suministro de nervios (o pulpa) del diente, creando un absceso.<\/p>\n<p>Cuando un diente entra en esta etapa de caries, es hora de eliminar el problema y salvar la estructura del diente. Para hacer esto, debemos eliminar la pulpa del diente ahuecando un \u00abcanal\u00bb donde estaba antes. Debajo de la l\u00ednea de la enc\u00eda, se inserta un material gomoso para mantener la integridad estructural del diente y, por encima de eso, llenamos el diente con un relleno regular<\/p>\n<p>Muchas personas tienen una tendencia natural a retroceder ante el miedo cuando se trata de hablar sobre los canales radiculares, pero en realidad el proceso puede ser relativamente libre de dolor. Usamos soluciones efectivas para adormecer para asegurar que su diente y mand\u00edbula est\u00e9n adormecidos mientras se realiza el conducto radicular. Despu\u00e9s de aplicar el solvente en el \u00e1rea, nos comunicamos continuamente con nuestros pacientes para garantizar el mayor confort posible. La mayor\u00eda de los pacientes insisten en que durante todo el proceso, aunque a veces sienten los peque\u00f1os \u00abbaches\u00bb o presi\u00f3n leve, pr\u00e1cticamente no experimentan ning\u00fan dolor.<\/p>\n<p><span style = \"font-size: 14pt\"> \u00bfTe duele y crees que necesitas un Canal de ra\u00edz? \u00a1Llame y haga una cita hoy! <\/span><\/p>\n","protected":false},"excerpt":{"rendered":"<p>Canales de ra\u00edz Es posible que sepa que los conductos radiculares se han ganado una mala reputaci\u00f3n en el mundo de la atenci\u00f3n dental. Pero la tecnolog\u00eda moderna est\u00e1 evolucionando para hacer que los tratamientos de endodoncia sean mucho m\u00e1s efectivos y tolerables. Los procedimientos del canal de la ra\u00edz se realizan para salvar los dientes que de otra manera tendr\u00edan que ser removidos. A veces, las caries o lesiones pueden causar una infecci\u00f3n que se propaga al suministro de nervios (o pulpa) del diente, creando un absceso. Cuando un diente entra en esta etapa de caries, es hora de eliminar el problema y salvar la estructura del diente. Para hacer esto, debemos eliminar la pulpa del diente ahuecando un \u00abcanal\u00bb donde estaba antes. Debajo de la l\u00ednea de la enc\u00eda, se inserta un material gomoso para mantener la integridad estructural del diente y, por encima de eso, llenamos el diente con un relleno regular Muchas personas tienen una tendencia natural a retroceder ante el miedo cuando se trata de hablar sobre los canales radiculares, pero en realidad el proceso puede ser relativamente libre de dolor. Usamos soluciones efectivas para adormecer para asegurar que su diente y mand\u00edbula est\u00e9n adormecidos<\/p>\n<a href=\"https:\/\/alpenglowdentists.com\/es\/servicios\/endodoncias\/\" class=\"readmore\">Read more<\/a>","protected":false},"author":75,"featured_media":0,"parent":1905,"menu_order":13,"comment_status":"closed","ping_status":"closed","template":"","meta":{"_acf_changed":false,"footnotes":""},"class_list":["post-1991","page","type-page","status-publish","hentry"],"acf":[],"yoast_head":"<!-- This site is optimized with the Yoast SEO plugin v27.5 - https:\/\/yoast.com\/product\/yoast-seo-wordpress\/ -->\n<title>Endodoncias<\/title>\n<meta name=\"description\" content=\"Es posible que sepa que los conductos radiculares se han ganado una mala reputaci\u00f3n en el mundo de la atenci\u00f3n dental. Pero la tecnolog\u00eda moderna est\u00e1 evolucionando para hacer tratamiento de endodoncia.\" \/>\n<meta name=\"robots\" content=\"index, follow, max-snippet:-1, max-image-preview:large, max-video-preview:-1\" \/>\n<link rel=\"canonical\" href=\"https:\/\/alpenglowdentists.com\/es\/servicios\/endodoncias\/\" \/>\n<meta property=\"og:locale\" content=\"es_ES\" \/>\n<meta property=\"og:type\" content=\"article\" \/>\n<meta property=\"og:title\" content=\"Endodoncias\" \/>\n<meta property=\"og:description\" content=\"Es posible que sepa que los conductos radiculares se han ganado una mala reputaci\u00f3n en el mundo de la atenci\u00f3n dental. Pero la tecnolog\u00eda moderna est\u00e1 evolucionando para hacer tratamiento de endodoncia.\" \/>\n<meta property=\"og:url\" content=\"https:\/\/alpenglowdentists.com\/es\/servicios\/endodoncias\/\" \/>\n<meta property=\"og:site_name\" content=\"Alpenglow Dental\" \/>\n<meta property=\"article:publisher\" content=\"https:\/\/www.facebook.com\/Alpenglow-Dental-202717733081358\/\" \/>\n<meta name=\"twitter:card\" content=\"summary_large_image\" \/>\n<meta name=\"twitter:site\" content=\"@alpenglowdental\" \/>\n<meta name=\"twitter:label1\" content=\"Tiempo de lectura\" \/>\n\t<meta name=\"twitter:data1\" content=\"1 minuto\" \/>\n<script type=\"application\/ld+json\" class=\"yoast-schema-graph\">{\"@context\":\"https:\\\/\\\/schema.org\",\"@graph\":[{\"@type\":\"WebPage\",\"@id\":\"https:\\\/\\\/alpenglowdentists.com\\\/es\\\/servicios\\\/endodoncias\\\/\",\"url\":\"https:\\\/\\\/alpenglowdentists.com\\\/es\\\/servicios\\\/endodoncias\\\/\",\"name\":\"Endodoncias\",\"isPartOf\":{\"@id\":\"https:\\\/\\\/alpenglowdentists.com\\\/#website\"},\"datePublished\":\"2019-03-12T08:59:33+00:00\",\"description\":\"Es posible que sepa que los conductos radiculares se han ganado una mala reputaci\u00f3n en el mundo de la atenci\u00f3n dental. Pero la tecnolog\u00eda moderna est\u00e1 evolucionando para hacer tratamiento de endodoncia.\",\"breadcrumb\":{\"@id\":\"https:\\\/\\\/alpenglowdentists.com\\\/es\\\/servicios\\\/endodoncias\\\/#breadcrumb\"},\"inLanguage\":\"es\",\"potentialAction\":[{\"@type\":\"ReadAction\",\"target\":[\"https:\\\/\\\/alpenglowdentists.com\\\/es\\\/servicios\\\/endodoncias\\\/\"]}]},{\"@type\":\"BreadcrumbList\",\"@id\":\"https:\\\/\\\/alpenglowdentists.com\\\/es\\\/servicios\\\/endodoncias\\\/#breadcrumb\",\"itemListElement\":[{\"@type\":\"ListItem\",\"position\":1,\"name\":\"Home\",\"item\":\"https:\\\/\\\/alpenglowdentists.com\\\/es\\\/nueva-pagina-de-inicio\\\/\"},{\"@type\":\"ListItem\",\"position\":2,\"name\":\"Servicios\",\"item\":\"https:\\\/\\\/alpenglowdentists.com\\\/es\\\/servicios\\\/\"},{\"@type\":\"ListItem\",\"position\":3,\"name\":\"Endodoncias\"}]},{\"@type\":\"WebSite\",\"@id\":\"https:\\\/\\\/alpenglowdentists.com\\\/#website\",\"url\":\"https:\\\/\\\/alpenglowdentists.com\\\/\",\"name\":\"Alpenglow Dental\",\"description\":\"Just another firstpageimpactsites.com Sites site\",\"publisher\":{\"@id\":\"https:\\\/\\\/alpenglowdentists.com\\\/#organization\"},\"potentialAction\":[{\"@type\":\"SearchAction\",\"target\":{\"@type\":\"EntryPoint\",\"urlTemplate\":\"https:\\\/\\\/alpenglowdentists.com\\\/?s={search_term_string}\"},\"query-input\":{\"@type\":\"PropertyValueSpecification\",\"valueRequired\":true,\"valueName\":\"search_term_string\"}}],\"inLanguage\":\"es\"},{\"@type\":\"Organization\",\"@id\":\"https:\\\/\\\/alpenglowdentists.com\\\/#organization\",\"name\":\"Alpenglow Dental\",\"url\":\"https:\\\/\\\/alpenglowdentists.com\\\/\",\"logo\":{\"@type\":\"ImageObject\",\"inLanguage\":\"es\",\"@id\":\"https:\\\/\\\/alpenglowdentists.com\\\/#\\\/schema\\\/logo\\\/image\\\/\",\"url\":\"https:\\\/\\\/alpenglowdentists.com\\\/wp-content\\\/uploads\\\/2018\\\/08\\\/ad-logo.jpg\",\"contentUrl\":\"https:\\\/\\\/alpenglowdentists.com\\\/wp-content\\\/uploads\\\/2018\\\/08\\\/ad-logo.jpg\",\"width\":\"2547\",\"height\":\"448\",\"caption\":\"Alpenglow Dental\"},\"image\":{\"@id\":\"https:\\\/\\\/alpenglowdentists.com\\\/#\\\/schema\\\/logo\\\/image\\\/\"},\"sameAs\":[\"https:\\\/\\\/www.facebook.com\\\/Alpenglow-Dental-202717733081358\\\/\",\"https:\\\/\\\/x.com\\\/alpenglowdental\"]}]}<\/script>\n<!-- \/ Yoast SEO plugin. -->","yoast_head_json":{"title":"Endodoncias","description":"Es posible que sepa que los conductos radiculares se han ganado una mala reputaci\u00f3n en el mundo de la atenci\u00f3n dental. Pero la tecnolog\u00eda moderna est\u00e1 evolucionando para hacer tratamiento de endodoncia.","robots":{"index":"index","follow":"follow","max-snippet":"max-snippet:-1","max-image-preview":"max-image-preview:large","max-video-preview":"max-video-preview:-1"},"canonical":"https:\/\/alpenglowdentists.com\/es\/servicios\/endodoncias\/","og_locale":"es_ES","og_type":"article","og_title":"Endodoncias","og_description":"Es posible que sepa que los conductos radiculares se han ganado una mala reputaci\u00f3n en el mundo de la atenci\u00f3n dental. Pero la tecnolog\u00eda moderna est\u00e1 evolucionando para hacer tratamiento de endodoncia.","og_url":"https:\/\/alpenglowdentists.com\/es\/servicios\/endodoncias\/","og_site_name":"Alpenglow Dental","article_publisher":"https:\/\/www.facebook.com\/Alpenglow-Dental-202717733081358\/","twitter_card":"summary_large_image","twitter_site":"@alpenglowdental","twitter_misc":{"Tiempo de lectura":"1 minuto"},"schema":{"@context":"https:\/\/schema.org","@graph":[{"@type":"WebPage","@id":"https:\/\/alpenglowdentists.com\/es\/servicios\/endodoncias\/","url":"https:\/\/alpenglowdentists.com\/es\/servicios\/endodoncias\/","name":"Endodoncias","isPartOf":{"@id":"https:\/\/alpenglowdentists.com\/#website"},"datePublished":"2019-03-12T08:59:33+00:00","description":"Es posible que sepa que los conductos radiculares se han ganado una mala reputaci\u00f3n en el mundo de la atenci\u00f3n dental. Pero la tecnolog\u00eda moderna est\u00e1 evolucionando para hacer tratamiento de endodoncia.","breadcrumb":{"@id":"https:\/\/alpenglowdentists.com\/es\/servicios\/endodoncias\/#breadcrumb"},"inLanguage":"es","potentialAction":[{"@type":"ReadAction","target":["https:\/\/alpenglowdentists.com\/es\/servicios\/endodoncias\/"]}]},{"@type":"BreadcrumbList","@id":"https:\/\/alpenglowdentists.com\/es\/servicios\/endodoncias\/#breadcrumb","itemListElement":[{"@type":"ListItem","position":1,"name":"Home","item":"https:\/\/alpenglowdentists.com\/es\/nueva-pagina-de-inicio\/"},{"@type":"ListItem","position":2,"name":"Servicios","item":"https:\/\/alpenglowdentists.com\/es\/servicios\/"},{"@type":"ListItem","position":3,"name":"Endodoncias"}]},{"@type":"WebSite","@id":"https:\/\/alpenglowdentists.com\/#website","url":"https:\/\/alpenglowdentists.com\/","name":"Alpenglow Dental","description":"Just another firstpageimpactsites.com Sites site","publisher":{"@id":"https:\/\/alpenglowdentists.com\/#organization"},"potentialAction":[{"@type":"SearchAction","target":{"@type":"EntryPoint","urlTemplate":"https:\/\/alpenglowdentists.com\/?s={search_term_string}"},"query-input":{"@type":"PropertyValueSpecification","valueRequired":true,"valueName":"search_term_string"}}],"inLanguage":"es"},{"@type":"Organization","@id":"https:\/\/alpenglowdentists.com\/#organization","name":"Alpenglow Dental","url":"https:\/\/alpenglowdentists.com\/","logo":{"@type":"ImageObject","inLanguage":"es","@id":"https:\/\/alpenglowdentists.com\/#\/schema\/logo\/image\/","url":"https:\/\/alpenglowdentists.com\/wp-content\/uploads\/2018\/08\/ad-logo.jpg","contentUrl":"https:\/\/alpenglowdentists.com\/wp-content\/uploads\/2018\/08\/ad-logo.jpg","width":"2547","height":"448","caption":"Alpenglow Dental"},"image":{"@id":"https:\/\/alpenglowdentists.com\/#\/schema\/logo\/image\/"},"sameAs":["https:\/\/www.facebook.com\/Alpenglow-Dental-202717733081358\/","https:\/\/x.com\/alpenglowdental"]}]}},"jetpack_sharing_enabled":true,"_links":{"self":[{"href":"https:\/\/alpenglowdentists.com\/es\/wp-json\/wp\/v2\/pages\/1991","targetHints":{"allow":["GET"]}}],"collection":[{"href":"https:\/\/alpenglowdentists.com\/es\/wp-json\/wp\/v2\/pages"}],"about":[{"href":"https:\/\/alpenglowdentists.com\/es\/wp-json\/wp\/v2\/types\/page"}],"author":[{"embeddable":true,"href":"https:\/\/alpenglowdentists.com\/es\/wp-json\/wp\/v2\/users\/75"}],"replies":[{"embeddable":true,"href":"https:\/\/alpenglowdentists.com\/es\/wp-json\/wp\/v2\/comments?post=1991"}],"version-history":[{"count":0,"href":"https:\/\/alpenglowdentists.com\/es\/wp-json\/wp\/v2\/pages\/1991\/revisions"}],"up":[{"embeddable":true,"href":"https:\/\/alpenglowdentists.com\/es\/wp-json\/wp\/v2\/pages\/1905"}],"wp:attachment":[{"href":"https:\/\/alpenglowdentists.com\/es\/wp-json\/wp\/v2\/media?parent=1991"}],"curies":[{"name":"wp","href":"https:\/\/api.w.org\/{rel}","templated":true}]}}