{"id":1993,"date":"2019-03-12T09:05:27","date_gmt":"2019-03-12T09:05:27","guid":{"rendered":"https:\/\/alpenglowdentists.com\/servicios\/implantes\/"},"modified":"2019-03-12T09:05:27","modified_gmt":"2019-03-12T09:05:27","slug":"implantes","status":"publish","type":"page","link":"https:\/\/alpenglowdentists.com\/es\/servicios\/implantes\/","title":{"rendered":"Implantes"},"content":{"rendered":"<h1> Implantes dentales <\/h1>\n<p>Los implantes dentales son una gran soluci\u00f3n para los dientes comprometidos y funcionan reemplazando la ra\u00edz o las ra\u00edces de un diente existente. Al igual que las ra\u00edces normales de los dientes, los implantes se fijan a la mand\u00edbula y permanecen ocultos. Esta es una soluci\u00f3n popular porque puede asegurar coronas, puentes y pr\u00f3tesis a estos implantes f\u00e1cilmente. El \u00e9xito a largo plazo es un factor importante que tenemos en cuenta al instalar implantes dentales. Cuanto m\u00e1s fuerte y m\u00e1s abundante es el hueso, m\u00e1s probable es que esta soluci\u00f3n tenga \u00e9xito a largo plazo.<\/p>\n<p>La aleaci\u00f3n de titanio es el material m\u00e1s popular para los implantes dentales porque es ligero, duradero y compatible con el otro tejido de las enc\u00edas. Su popularidad se debe en gran parte a su capacidad para fusionar huesos y restaurar la fuerza donde el hueso se ha debilitado o perdido. El procedimiento es relativamente indoloro, debido a nuestra efectiva anestesia local utilizada en la operaci\u00f3n.<\/p>\n<p>Otro gran aspecto de los implantes dentales es que generalmente puede volver a trabajar al d\u00eda siguiente, ya que no es necesario un per\u00edodo de recuperaci\u00f3n prolongado.<\/p>\n<p>Nos encantar\u00eda discutir las diferentes opciones para encontrar la que mejor se adapte a sus necesidades. Te encantar\u00e1 lo que podamos hacer. Estos implantes dentales le devolver\u00e1n su sonrisa y le permitir\u00e1n comer los alimentos que desea con confianza.<\/p>\n","protected":false},"excerpt":{"rendered":"<p>Implantes dentales Los implantes dentales son una gran soluci\u00f3n para los dientes comprometidos y funcionan reemplazando la ra\u00edz o las ra\u00edces de un diente existente. Al igual que las ra\u00edces normales de los dientes, los implantes se fijan a la mand\u00edbula y permanecen ocultos. Esta es una soluci\u00f3n popular porque puede asegurar coronas, puentes y pr\u00f3tesis a estos implantes f\u00e1cilmente. El \u00e9xito a largo plazo es un factor importante que tenemos en cuenta al instalar implantes dentales. Cuanto m\u00e1s fuerte y m\u00e1s abundante es el hueso, m\u00e1s probable es que esta soluci\u00f3n tenga \u00e9xito a largo plazo. La aleaci\u00f3n de titanio es el material m\u00e1s popular para los implantes dentales porque es ligero, duradero y compatible con el otro tejido de las enc\u00edas. Su popularidad se debe en gran parte a su capacidad para fusionar huesos y restaurar la fuerza donde el hueso se ha debilitado o perdido. El procedimiento es relativamente indoloro, debido a nuestra efectiva anestesia local utilizada en la operaci\u00f3n. Otro gran aspecto de los implantes dentales es que generalmente puede volver a trabajar al d\u00eda siguiente, ya que no es necesario un per\u00edodo de recuperaci\u00f3n prolongado. Nos encantar\u00eda discutir las diferentes opciones para encontrar la que<\/p>\n<a href=\"https:\/\/alpenglowdentists.com\/es\/servicios\/implantes\/\" class=\"readmore\">Read more<\/a>","protected":false},"author":75,"featured_media":0,"parent":1905,"menu_order":15,"comment_status":"closed","ping_status":"closed","template":"","meta":{"_acf_changed":false,"footnotes":""},"class_list":["post-1993","page","type-page","status-publish","hentry"],"acf":[],"yoast_head":"<!-- This site is optimized with the Yoast SEO plugin v27.3 - https:\/\/yoast.com\/product\/yoast-seo-wordpress\/ -->\n<title>Implantes<\/title>\n<meta name=\"description\" content=\"Los implantes dentales son una gran soluci\u00f3n para los dientes comprometidos y funcionan reemplazando la ra\u00edz o las ra\u00edces de un diente existente.\" \/>\n<meta name=\"robots\" content=\"index, follow, max-snippet:-1, max-image-preview:large, max-video-preview:-1\" \/>\n<link rel=\"canonical\" href=\"https:\/\/alpenglowdentists.com\/es\/servicios\/implantes\/\" \/>\n<meta property=\"og:locale\" content=\"es_ES\" \/>\n<meta property=\"og:type\" content=\"article\" \/>\n<meta property=\"og:title\" content=\"Implantes\" \/>\n<meta property=\"og:description\" content=\"Los implantes dentales son una gran soluci\u00f3n para los dientes comprometidos y funcionan reemplazando la ra\u00edz o las ra\u00edces de un diente existente.\" \/>\n<meta property=\"og:url\" content=\"https:\/\/alpenglowdentists.com\/es\/servicios\/implantes\/\" \/>\n<meta property=\"og:site_name\" content=\"Alpenglow Dental\" \/>\n<meta property=\"article:publisher\" content=\"https:\/\/www.facebook.com\/Alpenglow-Dental-202717733081358\/\" \/>\n<meta name=\"twitter:card\" content=\"summary_large_image\" \/>\n<meta name=\"twitter:site\" content=\"@alpenglowdental\" \/>\n<meta name=\"twitter:label1\" content=\"Tiempo de lectura\" \/>\n\t<meta name=\"twitter:data1\" content=\"1 minuto\" \/>\n<script type=\"application\/ld+json\" class=\"yoast-schema-graph\">{\"@context\":\"https:\\\/\\\/schema.org\",\"@graph\":[{\"@type\":\"WebPage\",\"@id\":\"https:\\\/\\\/alpenglowdentists.com\\\/es\\\/servicios\\\/implantes\\\/\",\"url\":\"https:\\\/\\\/alpenglowdentists.com\\\/es\\\/servicios\\\/implantes\\\/\",\"name\":\"Implantes\",\"isPartOf\":{\"@id\":\"https:\\\/\\\/alpenglowdentists.com\\\/#website\"},\"datePublished\":\"2019-03-12T09:05:27+00:00\",\"description\":\"Los implantes dentales son una gran soluci\u00f3n para los dientes comprometidos y funcionan reemplazando la ra\u00edz o las ra\u00edces de un diente existente.\",\"breadcrumb\":{\"@id\":\"https:\\\/\\\/alpenglowdentists.com\\\/es\\\/servicios\\\/implantes\\\/#breadcrumb\"},\"inLanguage\":\"es\",\"potentialAction\":[{\"@type\":\"ReadAction\",\"target\":[\"https:\\\/\\\/alpenglowdentists.com\\\/es\\\/servicios\\\/implantes\\\/\"]}]},{\"@type\":\"BreadcrumbList\",\"@id\":\"https:\\\/\\\/alpenglowdentists.com\\\/es\\\/servicios\\\/implantes\\\/#breadcrumb\",\"itemListElement\":[{\"@type\":\"ListItem\",\"position\":1,\"name\":\"Home\",\"item\":\"https:\\\/\\\/alpenglowdentists.com\\\/es\\\/nueva-pagina-de-inicio\\\/\"},{\"@type\":\"ListItem\",\"position\":2,\"name\":\"Servicios\",\"item\":\"https:\\\/\\\/alpenglowdentists.com\\\/es\\\/servicios\\\/\"},{\"@type\":\"ListItem\",\"position\":3,\"name\":\"Implantes\"}]},{\"@type\":\"WebSite\",\"@id\":\"https:\\\/\\\/alpenglowdentists.com\\\/#website\",\"url\":\"https:\\\/\\\/alpenglowdentists.com\\\/\",\"name\":\"Alpenglow Dental\",\"description\":\"Just another firstpageimpactsites.com Sites site\",\"publisher\":{\"@id\":\"https:\\\/\\\/alpenglowdentists.com\\\/#organization\"},\"potentialAction\":[{\"@type\":\"SearchAction\",\"target\":{\"@type\":\"EntryPoint\",\"urlTemplate\":\"https:\\\/\\\/alpenglowdentists.com\\\/?s={search_term_string}\"},\"query-input\":{\"@type\":\"PropertyValueSpecification\",\"valueRequired\":true,\"valueName\":\"search_term_string\"}}],\"inLanguage\":\"es\"},{\"@type\":\"Organization\",\"@id\":\"https:\\\/\\\/alpenglowdentists.com\\\/#organization\",\"name\":\"Alpenglow Dental\",\"url\":\"https:\\\/\\\/alpenglowdentists.com\\\/\",\"logo\":{\"@type\":\"ImageObject\",\"inLanguage\":\"es\",\"@id\":\"https:\\\/\\\/alpenglowdentists.com\\\/#\\\/schema\\\/logo\\\/image\\\/\",\"url\":\"https:\\\/\\\/alpenglowdentists.com\\\/wp-content\\\/uploads\\\/2018\\\/08\\\/ad-logo.jpg\",\"contentUrl\":\"https:\\\/\\\/alpenglowdentists.com\\\/wp-content\\\/uploads\\\/2018\\\/08\\\/ad-logo.jpg\",\"width\":\"2547\",\"height\":\"448\",\"caption\":\"Alpenglow Dental\"},\"image\":{\"@id\":\"https:\\\/\\\/alpenglowdentists.com\\\/#\\\/schema\\\/logo\\\/image\\\/\"},\"sameAs\":[\"https:\\\/\\\/www.facebook.com\\\/Alpenglow-Dental-202717733081358\\\/\",\"https:\\\/\\\/x.com\\\/alpenglowdental\"]}]}<\/script>\n<!-- \/ Yoast SEO plugin. -->","yoast_head_json":{"title":"Implantes","description":"Los implantes dentales son una gran soluci\u00f3n para los dientes comprometidos y funcionan reemplazando la ra\u00edz o las ra\u00edces de un diente existente.","robots":{"index":"index","follow":"follow","max-snippet":"max-snippet:-1","max-image-preview":"max-image-preview:large","max-video-preview":"max-video-preview:-1"},"canonical":"https:\/\/alpenglowdentists.com\/es\/servicios\/implantes\/","og_locale":"es_ES","og_type":"article","og_title":"Implantes","og_description":"Los implantes dentales son una gran soluci\u00f3n para los dientes comprometidos y funcionan reemplazando la ra\u00edz o las ra\u00edces de un diente existente.","og_url":"https:\/\/alpenglowdentists.com\/es\/servicios\/implantes\/","og_site_name":"Alpenglow Dental","article_publisher":"https:\/\/www.facebook.com\/Alpenglow-Dental-202717733081358\/","twitter_card":"summary_large_image","twitter_site":"@alpenglowdental","twitter_misc":{"Tiempo de lectura":"1 minuto"},"schema":{"@context":"https:\/\/schema.org","@graph":[{"@type":"WebPage","@id":"https:\/\/alpenglowdentists.com\/es\/servicios\/implantes\/","url":"https:\/\/alpenglowdentists.com\/es\/servicios\/implantes\/","name":"Implantes","isPartOf":{"@id":"https:\/\/alpenglowdentists.com\/#website"},"datePublished":"2019-03-12T09:05:27+00:00","description":"Los implantes dentales son una gran soluci\u00f3n para los dientes comprometidos y funcionan reemplazando la ra\u00edz o las ra\u00edces de un diente existente.","breadcrumb":{"@id":"https:\/\/alpenglowdentists.com\/es\/servicios\/implantes\/#breadcrumb"},"inLanguage":"es","potentialAction":[{"@type":"ReadAction","target":["https:\/\/alpenglowdentists.com\/es\/servicios\/implantes\/"]}]},{"@type":"BreadcrumbList","@id":"https:\/\/alpenglowdentists.com\/es\/servicios\/implantes\/#breadcrumb","itemListElement":[{"@type":"ListItem","position":1,"name":"Home","item":"https:\/\/alpenglowdentists.com\/es\/nueva-pagina-de-inicio\/"},{"@type":"ListItem","position":2,"name":"Servicios","item":"https:\/\/alpenglowdentists.com\/es\/servicios\/"},{"@type":"ListItem","position":3,"name":"Implantes"}]},{"@type":"WebSite","@id":"https:\/\/alpenglowdentists.com\/#website","url":"https:\/\/alpenglowdentists.com\/","name":"Alpenglow Dental","description":"Just another firstpageimpactsites.com Sites site","publisher":{"@id":"https:\/\/alpenglowdentists.com\/#organization"},"potentialAction":[{"@type":"SearchAction","target":{"@type":"EntryPoint","urlTemplate":"https:\/\/alpenglowdentists.com\/?s={search_term_string}"},"query-input":{"@type":"PropertyValueSpecification","valueRequired":true,"valueName":"search_term_string"}}],"inLanguage":"es"},{"@type":"Organization","@id":"https:\/\/alpenglowdentists.com\/#organization","name":"Alpenglow Dental","url":"https:\/\/alpenglowdentists.com\/","logo":{"@type":"ImageObject","inLanguage":"es","@id":"https:\/\/alpenglowdentists.com\/#\/schema\/logo\/image\/","url":"https:\/\/alpenglowdentists.com\/wp-content\/uploads\/2018\/08\/ad-logo.jpg","contentUrl":"https:\/\/alpenglowdentists.com\/wp-content\/uploads\/2018\/08\/ad-logo.jpg","width":"2547","height":"448","caption":"Alpenglow Dental"},"image":{"@id":"https:\/\/alpenglowdentists.com\/#\/schema\/logo\/image\/"},"sameAs":["https:\/\/www.facebook.com\/Alpenglow-Dental-202717733081358\/","https:\/\/x.com\/alpenglowdental"]}]}},"jetpack_sharing_enabled":true,"_links":{"self":[{"href":"https:\/\/alpenglowdentists.com\/es\/wp-json\/wp\/v2\/pages\/1993","targetHints":{"allow":["GET"]}}],"collection":[{"href":"https:\/\/alpenglowdentists.com\/es\/wp-json\/wp\/v2\/pages"}],"about":[{"href":"https:\/\/alpenglowdentists.com\/es\/wp-json\/wp\/v2\/types\/page"}],"author":[{"embeddable":true,"href":"https:\/\/alpenglowdentists.com\/es\/wp-json\/wp\/v2\/users\/75"}],"replies":[{"embeddable":true,"href":"https:\/\/alpenglowdentists.com\/es\/wp-json\/wp\/v2\/comments?post=1993"}],"version-history":[{"count":0,"href":"https:\/\/alpenglowdentists.com\/es\/wp-json\/wp\/v2\/pages\/1993\/revisions"}],"up":[{"embeddable":true,"href":"https:\/\/alpenglowdentists.com\/es\/wp-json\/wp\/v2\/pages\/1905"}],"wp:attachment":[{"href":"https:\/\/alpenglowdentists.com\/es\/wp-json\/wp\/v2\/media?parent=1993"}],"curies":[{"name":"wp","href":"https:\/\/api.w.org\/{rel}","templated":true}]}}