{"id":1995,"date":"2019-03-12T09:12:15","date_gmt":"2019-03-12T09:12:15","guid":{"rendered":"https:\/\/alpenglowdentists.com\/servicios\/empastes\/"},"modified":"2019-03-12T09:13:39","modified_gmt":"2019-03-12T09:13:39","slug":"empastes","status":"publish","type":"page","link":"https:\/\/alpenglowdentists.com\/es\/servicios\/empastes\/","title":{"rendered":"Empastes"},"content":{"rendered":"<h1>Empastes<\/h1>\n<p>Los empastes dentales son una gran soluci\u00f3n para caries y caries. Al reparar un diente, a veces es necesario eliminar las caries y rellenarlo con un nuevo material duradero. Esto tambi\u00e9n funciona para dientes agrietados, rotos y desgastados.<\/p>\n<p>Hay varias formas de detectar un diente que necesita empaste. Por simple observaci\u00f3n, a veces podemos ver dientes descoloridos y esmalte que pueden indicar la necesidad de empaste, pero no siempre. Tambi\u00e9n utilizamos un tinte de detecci\u00f3n de cavidades que se adhiere a las \u00e1reas en descomposici\u00f3n y nos muestra exactamente lo que estamos buscando. Los rayos X tambi\u00e9n brindan una excelente vista de la estructura dental, lo que nos brinda una clara evidencia de la presencia de caries. Es importante abordar el diente en descomposici\u00f3n lo antes posible, para preservar el diente lo m\u00e1s que podamos y para minimizar el da\u00f1o estructural lo m\u00e1s posible.<\/p>\n<p>Hay diferentes tipos de empastes disponibles para usted, y nos encantar\u00eda discutir los aspectos positivos y negativos de cada uno. Puede elegir entre porcelana (para un aspecto m\u00e1s uniforme), oro, amalgama, pl\u00e1stico o material de vidrio, seg\u00fan sus preferencias. P\u00eddanos m\u00e1s informaci\u00f3n sobre cada uno.<\/p>\n<p><span style=\"font-size: 14pt;\"> \u00bfNecesita un empaste? Llame hoy y programe una cita<\/span><\/p>\n","protected":false},"excerpt":{"rendered":"<p>Empastes Los empastes dentales son una gran soluci\u00f3n para caries y caries. Al reparar un diente, a veces es necesario eliminar las caries y rellenarlo con un nuevo material duradero. Esto tambi\u00e9n funciona para dientes agrietados, rotos y desgastados. Hay varias formas de detectar un diente que necesita empaste. Por simple observaci\u00f3n, a veces podemos ver dientes descoloridos y esmalte que pueden indicar la necesidad de empaste, pero no siempre. Tambi\u00e9n utilizamos un tinte de detecci\u00f3n de cavidades que se adhiere a las \u00e1reas en descomposici\u00f3n y nos muestra exactamente lo que estamos buscando. Los rayos X tambi\u00e9n brindan una excelente vista de la estructura dental, lo que nos brinda una clara evidencia de la presencia de caries. Es importante abordar el diente en descomposici\u00f3n lo antes posible, para preservar el diente lo m\u00e1s que podamos y para minimizar el da\u00f1o estructural lo m\u00e1s posible. Hay diferentes tipos de empastes disponibles para usted, y nos encantar\u00eda discutir los aspectos positivos y negativos de cada uno. Puede elegir entre porcelana (para un aspecto m\u00e1s uniforme), oro, amalgama, pl\u00e1stico o material de vidrio, seg\u00fan sus preferencias. P\u00eddanos m\u00e1s informaci\u00f3n sobre cada uno. \u00bfNecesita un empaste? Llame hoy y programe una cita<\/p>\n<a href=\"https:\/\/alpenglowdentists.com\/es\/servicios\/empastes\/\" class=\"readmore\">Read more<\/a>","protected":false},"author":75,"featured_media":0,"parent":1905,"menu_order":17,"comment_status":"closed","ping_status":"closed","template":"","meta":{"_acf_changed":false,"footnotes":""},"class_list":["post-1995","page","type-page","status-publish","hentry"],"acf":[],"yoast_head":"<!-- This site is optimized with the Yoast SEO plugin v27.2 - https:\/\/yoast.com\/product\/yoast-seo-wordpress\/ -->\n<title>Empastes<\/title>\n<meta name=\"description\" content=\"Los empastes dentales son una gran soluci\u00f3n para caries y caries. Al reparar un diente, a veces es necesario eliminar las caries y rellenar con un nuevo\" \/>\n<meta name=\"robots\" content=\"index, follow, max-snippet:-1, max-image-preview:large, max-video-preview:-1\" \/>\n<link rel=\"canonical\" href=\"https:\/\/alpenglowdentists.com\/es\/servicios\/empastes\/\" \/>\n<meta property=\"og:locale\" content=\"es_ES\" \/>\n<meta property=\"og:type\" content=\"article\" \/>\n<meta property=\"og:title\" content=\"Empastes\" \/>\n<meta property=\"og:description\" content=\"Los empastes dentales son una gran soluci\u00f3n para caries y caries. Al reparar un diente, a veces es necesario eliminar las caries y rellenar con un nuevo\" \/>\n<meta property=\"og:url\" content=\"https:\/\/alpenglowdentists.com\/es\/servicios\/empastes\/\" \/>\n<meta property=\"og:site_name\" content=\"Alpenglow Dental\" \/>\n<meta property=\"article:publisher\" content=\"https:\/\/www.facebook.com\/Alpenglow-Dental-202717733081358\/\" \/>\n<meta property=\"article:modified_time\" content=\"2019-03-12T09:13:39+00:00\" \/>\n<meta name=\"twitter:card\" content=\"summary_large_image\" \/>\n<meta name=\"twitter:site\" content=\"@alpenglowdental\" \/>\n<meta name=\"twitter:label1\" content=\"Tiempo de lectura\" \/>\n\t<meta name=\"twitter:data1\" content=\"1 minuto\" \/>\n<script type=\"application\/ld+json\" class=\"yoast-schema-graph\">{\"@context\":\"https:\/\/schema.org\",\"@graph\":[{\"@type\":\"WebPage\",\"@id\":\"https:\/\/alpenglowdentists.com\/es\/servicios\/empastes\/\",\"url\":\"https:\/\/alpenglowdentists.com\/es\/servicios\/empastes\/\",\"name\":\"Empastes\",\"isPartOf\":{\"@id\":\"https:\/\/alpenglowdentists.com\/#website\"},\"datePublished\":\"2019-03-12T09:12:15+00:00\",\"dateModified\":\"2019-03-12T09:13:39+00:00\",\"description\":\"Los empastes dentales son una gran soluci\u00f3n para caries y caries. Al reparar un diente, a veces es necesario eliminar las caries y rellenar con un nuevo\",\"breadcrumb\":{\"@id\":\"https:\/\/alpenglowdentists.com\/es\/servicios\/empastes\/#breadcrumb\"},\"inLanguage\":\"es\",\"potentialAction\":[{\"@type\":\"ReadAction\",\"target\":[\"https:\/\/alpenglowdentists.com\/es\/servicios\/empastes\/\"]}]},{\"@type\":\"BreadcrumbList\",\"@id\":\"https:\/\/alpenglowdentists.com\/es\/servicios\/empastes\/#breadcrumb\",\"itemListElement\":[{\"@type\":\"ListItem\",\"position\":1,\"name\":\"Home\",\"item\":\"https:\/\/alpenglowdentists.com\/es\/nueva-pagina-de-inicio\/\"},{\"@type\":\"ListItem\",\"position\":2,\"name\":\"Servicios\",\"item\":\"https:\/\/alpenglowdentists.com\/es\/servicios\/\"},{\"@type\":\"ListItem\",\"position\":3,\"name\":\"Empastes\"}]},{\"@type\":\"WebSite\",\"@id\":\"https:\/\/alpenglowdentists.com\/#website\",\"url\":\"https:\/\/alpenglowdentists.com\/\",\"name\":\"Alpenglow Dental\",\"description\":\"Just another firstpageimpactsites.com Sites site\",\"publisher\":{\"@id\":\"https:\/\/alpenglowdentists.com\/#organization\"},\"potentialAction\":[{\"@type\":\"SearchAction\",\"target\":{\"@type\":\"EntryPoint\",\"urlTemplate\":\"https:\/\/alpenglowdentists.com\/?s={search_term_string}\"},\"query-input\":{\"@type\":\"PropertyValueSpecification\",\"valueRequired\":true,\"valueName\":\"search_term_string\"}}],\"inLanguage\":\"es\"},{\"@type\":\"Organization\",\"@id\":\"https:\/\/alpenglowdentists.com\/#organization\",\"name\":\"Alpenglow Dental\",\"url\":\"https:\/\/alpenglowdentists.com\/\",\"logo\":{\"@type\":\"ImageObject\",\"inLanguage\":\"es\",\"@id\":\"https:\/\/alpenglowdentists.com\/#\/schema\/logo\/image\/\",\"url\":\"https:\/\/alpenglowdentists.com\/wp-content\/uploads\/2018\/08\/ad-logo.jpg\",\"contentUrl\":\"https:\/\/alpenglowdentists.com\/wp-content\/uploads\/2018\/08\/ad-logo.jpg\",\"width\":\"2547\",\"height\":\"448\",\"caption\":\"Alpenglow Dental\"},\"image\":{\"@id\":\"https:\/\/alpenglowdentists.com\/#\/schema\/logo\/image\/\"},\"sameAs\":[\"https:\/\/www.facebook.com\/Alpenglow-Dental-202717733081358\/\",\"https:\/\/x.com\/alpenglowdental\"]}]}<\/script>\n<!-- \/ Yoast SEO plugin. -->","yoast_head_json":{"title":"Empastes","description":"Los empastes dentales son una gran soluci\u00f3n para caries y caries. Al reparar un diente, a veces es necesario eliminar las caries y rellenar con un nuevo","robots":{"index":"index","follow":"follow","max-snippet":"max-snippet:-1","max-image-preview":"max-image-preview:large","max-video-preview":"max-video-preview:-1"},"canonical":"https:\/\/alpenglowdentists.com\/es\/servicios\/empastes\/","og_locale":"es_ES","og_type":"article","og_title":"Empastes","og_description":"Los empastes dentales son una gran soluci\u00f3n para caries y caries. Al reparar un diente, a veces es necesario eliminar las caries y rellenar con un nuevo","og_url":"https:\/\/alpenglowdentists.com\/es\/servicios\/empastes\/","og_site_name":"Alpenglow Dental","article_publisher":"https:\/\/www.facebook.com\/Alpenglow-Dental-202717733081358\/","article_modified_time":"2019-03-12T09:13:39+00:00","twitter_card":"summary_large_image","twitter_site":"@alpenglowdental","twitter_misc":{"Tiempo de lectura":"1 minuto"},"schema":{"@context":"https:\/\/schema.org","@graph":[{"@type":"WebPage","@id":"https:\/\/alpenglowdentists.com\/es\/servicios\/empastes\/","url":"https:\/\/alpenglowdentists.com\/es\/servicios\/empastes\/","name":"Empastes","isPartOf":{"@id":"https:\/\/alpenglowdentists.com\/#website"},"datePublished":"2019-03-12T09:12:15+00:00","dateModified":"2019-03-12T09:13:39+00:00","description":"Los empastes dentales son una gran soluci\u00f3n para caries y caries. Al reparar un diente, a veces es necesario eliminar las caries y rellenar con un nuevo","breadcrumb":{"@id":"https:\/\/alpenglowdentists.com\/es\/servicios\/empastes\/#breadcrumb"},"inLanguage":"es","potentialAction":[{"@type":"ReadAction","target":["https:\/\/alpenglowdentists.com\/es\/servicios\/empastes\/"]}]},{"@type":"BreadcrumbList","@id":"https:\/\/alpenglowdentists.com\/es\/servicios\/empastes\/#breadcrumb","itemListElement":[{"@type":"ListItem","position":1,"name":"Home","item":"https:\/\/alpenglowdentists.com\/es\/nueva-pagina-de-inicio\/"},{"@type":"ListItem","position":2,"name":"Servicios","item":"https:\/\/alpenglowdentists.com\/es\/servicios\/"},{"@type":"ListItem","position":3,"name":"Empastes"}]},{"@type":"WebSite","@id":"https:\/\/alpenglowdentists.com\/#website","url":"https:\/\/alpenglowdentists.com\/","name":"Alpenglow Dental","description":"Just another firstpageimpactsites.com Sites site","publisher":{"@id":"https:\/\/alpenglowdentists.com\/#organization"},"potentialAction":[{"@type":"SearchAction","target":{"@type":"EntryPoint","urlTemplate":"https:\/\/alpenglowdentists.com\/?s={search_term_string}"},"query-input":{"@type":"PropertyValueSpecification","valueRequired":true,"valueName":"search_term_string"}}],"inLanguage":"es"},{"@type":"Organization","@id":"https:\/\/alpenglowdentists.com\/#organization","name":"Alpenglow Dental","url":"https:\/\/alpenglowdentists.com\/","logo":{"@type":"ImageObject","inLanguage":"es","@id":"https:\/\/alpenglowdentists.com\/#\/schema\/logo\/image\/","url":"https:\/\/alpenglowdentists.com\/wp-content\/uploads\/2018\/08\/ad-logo.jpg","contentUrl":"https:\/\/alpenglowdentists.com\/wp-content\/uploads\/2018\/08\/ad-logo.jpg","width":"2547","height":"448","caption":"Alpenglow Dental"},"image":{"@id":"https:\/\/alpenglowdentists.com\/#\/schema\/logo\/image\/"},"sameAs":["https:\/\/www.facebook.com\/Alpenglow-Dental-202717733081358\/","https:\/\/x.com\/alpenglowdental"]}]}},"jetpack_sharing_enabled":true,"_links":{"self":[{"href":"https:\/\/alpenglowdentists.com\/es\/wp-json\/wp\/v2\/pages\/1995","targetHints":{"allow":["GET"]}}],"collection":[{"href":"https:\/\/alpenglowdentists.com\/es\/wp-json\/wp\/v2\/pages"}],"about":[{"href":"https:\/\/alpenglowdentists.com\/es\/wp-json\/wp\/v2\/types\/page"}],"author":[{"embeddable":true,"href":"https:\/\/alpenglowdentists.com\/es\/wp-json\/wp\/v2\/users\/75"}],"replies":[{"embeddable":true,"href":"https:\/\/alpenglowdentists.com\/es\/wp-json\/wp\/v2\/comments?post=1995"}],"version-history":[{"count":0,"href":"https:\/\/alpenglowdentists.com\/es\/wp-json\/wp\/v2\/pages\/1995\/revisions"}],"up":[{"embeddable":true,"href":"https:\/\/alpenglowdentists.com\/es\/wp-json\/wp\/v2\/pages\/1905"}],"wp:attachment":[{"href":"https:\/\/alpenglowdentists.com\/es\/wp-json\/wp\/v2\/media?parent=1995"}],"curies":[{"name":"wp","href":"https:\/\/api.w.org\/{rel}","templated":true}]}}