{"id":2000,"date":"2019-03-12T09:28:54","date_gmt":"2019-03-12T09:28:54","guid":{"rendered":"https:\/\/alpenglowdentists.com\/servicios\/coronas\/"},"modified":"2019-03-12T09:28:54","modified_gmt":"2019-03-12T09:28:54","slug":"coronas","status":"publish","type":"page","link":"https:\/\/alpenglowdentists.com\/es\/servicios\/coronas\/","title":{"rendered":"Coronas"},"content":{"rendered":"<h1> Coronas dentales <\/h1>\n<p>Las coronas dentales, o \u201ctapas\u201d, conservan los dientes da\u00f1ados o parciales y ayudan a mantener su funcionalidad. Usar\u00eda una corona para preservar un diente ya en descomposici\u00f3n, proteger un diente agrietado o para reforzar un diente que ya ten\u00eda una corona.<\/p>\n<p>Al contrario de un relleno, que rellena o repara una parte del diente, las coronas se crean para cubrir completamente la parte del diente o implante que se encuentra en la l\u00ednea de la enc\u00eda o por encima de ella. Estos accesorios son permanentes, y la corona puede cuidarse y funcionar como cualquier otro diente.<\/p>\n<p>Su corona puede estar hecha de aleaci\u00f3n de metal (incluido el oro), porcelana y cer\u00e1mica dental, o una combinaci\u00f3n de ambos. Cada selecci\u00f3n tiene sus ventajas y desventajas, pero lo m\u00e1s importante es una elecci\u00f3n de preferencia personal.<\/p>\n<p>Una corona dental es una excelente soluci\u00f3n para cuidar sus dientes comprometidos. No dejes que los dientes sensibles o parciales te inhiban por m\u00e1s tiempo. Ll\u00e1menos hoy para m\u00e1s informaci\u00f3n.<\/p>\n<p><span style = \"font-size: 14pt\"> Programe una cita para ver si una corona es la mejor soluci\u00f3n para usted. <\/span><\/p>\n","protected":false},"excerpt":{"rendered":"<p>Coronas dentales Las coronas dentales, o \u201ctapas\u201d, conservan los dientes da\u00f1ados o parciales y ayudan a mantener su funcionalidad. Usar\u00eda una corona para preservar un diente ya en descomposici\u00f3n, proteger un diente agrietado o para reforzar un diente que ya ten\u00eda una corona. Al contrario de un relleno, que rellena o repara una parte del diente, las coronas se crean para cubrir completamente la parte del diente o implante que se encuentra en la l\u00ednea de la enc\u00eda o por encima de ella. Estos accesorios son permanentes, y la corona puede cuidarse y funcionar como cualquier otro diente. Su corona puede estar hecha de aleaci\u00f3n de metal (incluido el oro), porcelana y cer\u00e1mica dental, o una combinaci\u00f3n de ambos. Cada selecci\u00f3n tiene sus ventajas y desventajas, pero lo m\u00e1s importante es una elecci\u00f3n de preferencia personal. Una corona dental es una excelente soluci\u00f3n para cuidar sus dientes comprometidos. No dejes que los dientes sensibles o parciales te inhiban por m\u00e1s tiempo. Ll\u00e1menos hoy para m\u00e1s informaci\u00f3n. Programe una cita para ver si una corona es la mejor soluci\u00f3n para usted.<\/p>\n<a href=\"https:\/\/alpenglowdentists.com\/es\/servicios\/coronas\/\" class=\"readmore\">Read more<\/a>","protected":false},"author":75,"featured_media":0,"parent":1905,"menu_order":20,"comment_status":"closed","ping_status":"closed","template":"","meta":{"_acf_changed":false,"footnotes":""},"class_list":["post-2000","page","type-page","status-publish","hentry"],"acf":[],"yoast_head":"<!-- This site is optimized with the Yoast SEO plugin v27.2 - https:\/\/yoast.com\/product\/yoast-seo-wordpress\/ -->\n<title>Coronas<\/title>\n<meta name=\"description\" content=\"Las coronas dentales, o \u201ctapas\u201d, conservan los dientes da\u00f1ados o parciales y ayudan a mantener su funcionalidad. Usar\u00edas una corona para preservar un ya en descomposici\u00f3n.\" \/>\n<meta name=\"robots\" content=\"index, follow, max-snippet:-1, max-image-preview:large, max-video-preview:-1\" \/>\n<link rel=\"canonical\" href=\"https:\/\/alpenglowdentists.com\/es\/servicios\/coronas\/\" \/>\n<meta property=\"og:locale\" content=\"es_ES\" \/>\n<meta property=\"og:type\" content=\"article\" \/>\n<meta property=\"og:title\" content=\"Coronas\" \/>\n<meta property=\"og:description\" content=\"Las coronas dentales, o \u201ctapas\u201d, conservan los dientes da\u00f1ados o parciales y ayudan a mantener su funcionalidad. Usar\u00edas una corona para preservar un ya en descomposici\u00f3n.\" \/>\n<meta property=\"og:url\" content=\"https:\/\/alpenglowdentists.com\/es\/servicios\/coronas\/\" \/>\n<meta property=\"og:site_name\" content=\"Alpenglow Dental\" \/>\n<meta property=\"article:publisher\" content=\"https:\/\/www.facebook.com\/Alpenglow-Dental-202717733081358\/\" \/>\n<meta name=\"twitter:card\" content=\"summary_large_image\" \/>\n<meta name=\"twitter:site\" content=\"@alpenglowdental\" \/>\n<meta name=\"twitter:label1\" content=\"Tiempo de lectura\" \/>\n\t<meta name=\"twitter:data1\" content=\"1 minuto\" \/>\n<script type=\"application\/ld+json\" class=\"yoast-schema-graph\">{\"@context\":\"https:\/\/schema.org\",\"@graph\":[{\"@type\":\"WebPage\",\"@id\":\"https:\/\/alpenglowdentists.com\/es\/servicios\/coronas\/\",\"url\":\"https:\/\/alpenglowdentists.com\/es\/servicios\/coronas\/\",\"name\":\"Coronas\",\"isPartOf\":{\"@id\":\"https:\/\/alpenglowdentists.com\/#website\"},\"datePublished\":\"2019-03-12T09:28:54+00:00\",\"description\":\"Las coronas dentales, o \u201ctapas\u201d, conservan los dientes da\u00f1ados o parciales y ayudan a mantener su funcionalidad. Usar\u00edas una corona para preservar un ya en descomposici\u00f3n.\",\"breadcrumb\":{\"@id\":\"https:\/\/alpenglowdentists.com\/es\/servicios\/coronas\/#breadcrumb\"},\"inLanguage\":\"es\",\"potentialAction\":[{\"@type\":\"ReadAction\",\"target\":[\"https:\/\/alpenglowdentists.com\/es\/servicios\/coronas\/\"]}]},{\"@type\":\"BreadcrumbList\",\"@id\":\"https:\/\/alpenglowdentists.com\/es\/servicios\/coronas\/#breadcrumb\",\"itemListElement\":[{\"@type\":\"ListItem\",\"position\":1,\"name\":\"Home\",\"item\":\"https:\/\/alpenglowdentists.com\/es\/nueva-pagina-de-inicio\/\"},{\"@type\":\"ListItem\",\"position\":2,\"name\":\"Servicios\",\"item\":\"https:\/\/alpenglowdentists.com\/es\/servicios\/\"},{\"@type\":\"ListItem\",\"position\":3,\"name\":\"Coronas\"}]},{\"@type\":\"WebSite\",\"@id\":\"https:\/\/alpenglowdentists.com\/#website\",\"url\":\"https:\/\/alpenglowdentists.com\/\",\"name\":\"Alpenglow Dental\",\"description\":\"Just another firstpageimpactsites.com Sites site\",\"publisher\":{\"@id\":\"https:\/\/alpenglowdentists.com\/#organization\"},\"potentialAction\":[{\"@type\":\"SearchAction\",\"target\":{\"@type\":\"EntryPoint\",\"urlTemplate\":\"https:\/\/alpenglowdentists.com\/?s={search_term_string}\"},\"query-input\":{\"@type\":\"PropertyValueSpecification\",\"valueRequired\":true,\"valueName\":\"search_term_string\"}}],\"inLanguage\":\"es\"},{\"@type\":\"Organization\",\"@id\":\"https:\/\/alpenglowdentists.com\/#organization\",\"name\":\"Alpenglow Dental\",\"url\":\"https:\/\/alpenglowdentists.com\/\",\"logo\":{\"@type\":\"ImageObject\",\"inLanguage\":\"es\",\"@id\":\"https:\/\/alpenglowdentists.com\/#\/schema\/logo\/image\/\",\"url\":\"https:\/\/alpenglowdentists.com\/wp-content\/uploads\/2018\/08\/ad-logo.jpg\",\"contentUrl\":\"https:\/\/alpenglowdentists.com\/wp-content\/uploads\/2018\/08\/ad-logo.jpg\",\"width\":\"2547\",\"height\":\"448\",\"caption\":\"Alpenglow Dental\"},\"image\":{\"@id\":\"https:\/\/alpenglowdentists.com\/#\/schema\/logo\/image\/\"},\"sameAs\":[\"https:\/\/www.facebook.com\/Alpenglow-Dental-202717733081358\/\",\"https:\/\/x.com\/alpenglowdental\"]}]}<\/script>\n<!-- \/ Yoast SEO plugin. -->","yoast_head_json":{"title":"Coronas","description":"Las coronas dentales, o \u201ctapas\u201d, conservan los dientes da\u00f1ados o parciales y ayudan a mantener su funcionalidad. Usar\u00edas una corona para preservar un ya en descomposici\u00f3n.","robots":{"index":"index","follow":"follow","max-snippet":"max-snippet:-1","max-image-preview":"max-image-preview:large","max-video-preview":"max-video-preview:-1"},"canonical":"https:\/\/alpenglowdentists.com\/es\/servicios\/coronas\/","og_locale":"es_ES","og_type":"article","og_title":"Coronas","og_description":"Las coronas dentales, o \u201ctapas\u201d, conservan los dientes da\u00f1ados o parciales y ayudan a mantener su funcionalidad. Usar\u00edas una corona para preservar un ya en descomposici\u00f3n.","og_url":"https:\/\/alpenglowdentists.com\/es\/servicios\/coronas\/","og_site_name":"Alpenglow Dental","article_publisher":"https:\/\/www.facebook.com\/Alpenglow-Dental-202717733081358\/","twitter_card":"summary_large_image","twitter_site":"@alpenglowdental","twitter_misc":{"Tiempo de lectura":"1 minuto"},"schema":{"@context":"https:\/\/schema.org","@graph":[{"@type":"WebPage","@id":"https:\/\/alpenglowdentists.com\/es\/servicios\/coronas\/","url":"https:\/\/alpenglowdentists.com\/es\/servicios\/coronas\/","name":"Coronas","isPartOf":{"@id":"https:\/\/alpenglowdentists.com\/#website"},"datePublished":"2019-03-12T09:28:54+00:00","description":"Las coronas dentales, o \u201ctapas\u201d, conservan los dientes da\u00f1ados o parciales y ayudan a mantener su funcionalidad. Usar\u00edas una corona para preservar un ya en descomposici\u00f3n.","breadcrumb":{"@id":"https:\/\/alpenglowdentists.com\/es\/servicios\/coronas\/#breadcrumb"},"inLanguage":"es","potentialAction":[{"@type":"ReadAction","target":["https:\/\/alpenglowdentists.com\/es\/servicios\/coronas\/"]}]},{"@type":"BreadcrumbList","@id":"https:\/\/alpenglowdentists.com\/es\/servicios\/coronas\/#breadcrumb","itemListElement":[{"@type":"ListItem","position":1,"name":"Home","item":"https:\/\/alpenglowdentists.com\/es\/nueva-pagina-de-inicio\/"},{"@type":"ListItem","position":2,"name":"Servicios","item":"https:\/\/alpenglowdentists.com\/es\/servicios\/"},{"@type":"ListItem","position":3,"name":"Coronas"}]},{"@type":"WebSite","@id":"https:\/\/alpenglowdentists.com\/#website","url":"https:\/\/alpenglowdentists.com\/","name":"Alpenglow Dental","description":"Just another firstpageimpactsites.com Sites site","publisher":{"@id":"https:\/\/alpenglowdentists.com\/#organization"},"potentialAction":[{"@type":"SearchAction","target":{"@type":"EntryPoint","urlTemplate":"https:\/\/alpenglowdentists.com\/?s={search_term_string}"},"query-input":{"@type":"PropertyValueSpecification","valueRequired":true,"valueName":"search_term_string"}}],"inLanguage":"es"},{"@type":"Organization","@id":"https:\/\/alpenglowdentists.com\/#organization","name":"Alpenglow Dental","url":"https:\/\/alpenglowdentists.com\/","logo":{"@type":"ImageObject","inLanguage":"es","@id":"https:\/\/alpenglowdentists.com\/#\/schema\/logo\/image\/","url":"https:\/\/alpenglowdentists.com\/wp-content\/uploads\/2018\/08\/ad-logo.jpg","contentUrl":"https:\/\/alpenglowdentists.com\/wp-content\/uploads\/2018\/08\/ad-logo.jpg","width":"2547","height":"448","caption":"Alpenglow Dental"},"image":{"@id":"https:\/\/alpenglowdentists.com\/#\/schema\/logo\/image\/"},"sameAs":["https:\/\/www.facebook.com\/Alpenglow-Dental-202717733081358\/","https:\/\/x.com\/alpenglowdental"]}]}},"jetpack_sharing_enabled":true,"_links":{"self":[{"href":"https:\/\/alpenglowdentists.com\/es\/wp-json\/wp\/v2\/pages\/2000","targetHints":{"allow":["GET"]}}],"collection":[{"href":"https:\/\/alpenglowdentists.com\/es\/wp-json\/wp\/v2\/pages"}],"about":[{"href":"https:\/\/alpenglowdentists.com\/es\/wp-json\/wp\/v2\/types\/page"}],"author":[{"embeddable":true,"href":"https:\/\/alpenglowdentists.com\/es\/wp-json\/wp\/v2\/users\/75"}],"replies":[{"embeddable":true,"href":"https:\/\/alpenglowdentists.com\/es\/wp-json\/wp\/v2\/comments?post=2000"}],"version-history":[{"count":0,"href":"https:\/\/alpenglowdentists.com\/es\/wp-json\/wp\/v2\/pages\/2000\/revisions"}],"up":[{"embeddable":true,"href":"https:\/\/alpenglowdentists.com\/es\/wp-json\/wp\/v2\/pages\/1905"}],"wp:attachment":[{"href":"https:\/\/alpenglowdentists.com\/es\/wp-json\/wp\/v2\/media?parent=2000"}],"curies":[{"name":"wp","href":"https:\/\/api.w.org\/{rel}","templated":true}]}}